{"id":1684,"date":"2018-02-13T20:29:49","date_gmt":"2018-02-13T18:29:49","guid":{"rendered":"http:\/\/www.faluspelmanslag.se\/?page_id=1684"},"modified":"2024-10-08T14:47:04","modified_gmt":"2024-10-08T12:47:04","slug":"cd-i-stoten-1997","status":"publish","type":"page","link":"https:\/\/www.faluspelmanslag.se\/?page_id=1684","title":{"rendered":"CD I st\u00f6ten 1997"},"content":{"rendered":"<h3>Falu spelmanslags CD I st\u00f6ten 1997<\/h3>\n<p>1. Pelliksetet,\u00a0 Pellikvalsen &#8211; Spakens Vals &#8211; Fyr Anders Stjuls<\/p>\n<audio class=\"wp-audio-shortcode\" id=\"audio-1684-1\" preload=\"none\" style=\"width: 100%;\" controls=\"controls\"><source type=\"audio\/mpeg\" src=\"http:\/\/www.faluspelmanslag.se\/wp-content\/uploads\/2013\/09\/1-Pelliksetet.mp3?_=1\" \/><a href=\"http:\/\/www.faluspelmanslag.se\/wp-content\/uploads\/2013\/09\/1-Pelliksetet.mp3\">http:\/\/www.faluspelmanslag.se\/wp-content\/uploads\/2013\/09\/1-Pelliksetet.mp3<\/a><\/audio>\n<p>&nbsp;<\/p>\n<p>2. Haver\u00f6polska e Jonk Jonas<\/p>\n<audio class=\"wp-audio-shortcode\" id=\"audio-1684-2\" preload=\"none\" style=\"width: 100%;\" controls=\"controls\"><source type=\"audio\/mpeg\" src=\"http:\/\/www.faluspelmanslag.se\/wp-content\/uploads\/2013\/09\/2-Haver\u00f6.mp3?_=2\" \/><a href=\"http:\/\/www.faluspelmanslag.se\/wp-content\/uploads\/2013\/09\/2-Haver\u00f6.mp3\">http:\/\/www.faluspelmanslag.se\/wp-content\/uploads\/2013\/09\/2-Haver\u00f6.mp3<\/a><\/audio>\n<p>&nbsp;<\/p>\n<p>3. C i G<\/p>\n<audio class=\"wp-audio-shortcode\" id=\"audio-1684-3\" preload=\"none\" style=\"width: 100%;\" controls=\"controls\"><source type=\"audio\/mpeg\" src=\"http:\/\/www.faluspelmanslag.se\/wp-content\/uploads\/2013\/09\/3-CiG.mp3?_=3\" \/><a href=\"http:\/\/www.faluspelmanslag.se\/wp-content\/uploads\/2013\/09\/3-CiG.mp3\">http:\/\/www.faluspelmanslag.se\/wp-content\/uploads\/2013\/09\/3-CiG.mp3<\/a><\/audio>\n<p>&nbsp;<\/p>\n<p>4. Tomas H\u00e5\u00e5rds Schottis<\/p>\n<audio class=\"wp-audio-shortcode\" id=\"audio-1684-4\" preload=\"none\" style=\"width: 100%;\" controls=\"controls\"><source type=\"audio\/mpeg\" src=\"http:\/\/www.faluspelmanslag.se\/wp-content\/uploads\/2013\/09\/4-Tomas-H\u00e5rd.mp3?_=4\" \/><a href=\"http:\/\/www.faluspelmanslag.se\/wp-content\/uploads\/2013\/09\/4-Tomas-H\u00e5rd.mp3\">http:\/\/www.faluspelmanslag.se\/wp-content\/uploads\/2013\/09\/4-Tomas-H\u00e5rd.mp3<\/a><\/audio>\n<p>&nbsp;<\/p>\n<p>5. Kock Sofia<\/p>\n<audio class=\"wp-audio-shortcode\" id=\"audio-1684-5\" preload=\"none\" style=\"width: 100%;\" controls=\"controls\"><source type=\"audio\/mpeg\" src=\"http:\/\/www.faluspelmanslag.se\/wp-content\/uploads\/2013\/09\/5-Kock-Sofia.mp3?_=5\" \/><a href=\"http:\/\/www.faluspelmanslag.se\/wp-content\/uploads\/2013\/09\/5-Kock-Sofia.mp3\">http:\/\/www.faluspelmanslag.se\/wp-content\/uploads\/2013\/09\/5-Kock-Sofia.mp3<\/a><\/audio>\n<p>&nbsp;<\/p>\n<p>6. Henningl\u00e5ten<\/p>\n<audio class=\"wp-audio-shortcode\" id=\"audio-1684-6\" preload=\"none\" style=\"width: 100%;\" controls=\"controls\"><source type=\"audio\/mpeg\" src=\"http:\/\/www.faluspelmanslag.se\/wp-content\/uploads\/2013\/09\/6-Henningl\u00e5ten.mp3?_=6\" \/><a href=\"http:\/\/www.faluspelmanslag.se\/wp-content\/uploads\/2013\/09\/6-Henningl\u00e5ten.mp3\">http:\/\/www.faluspelmanslag.se\/wp-content\/uploads\/2013\/09\/6-Henningl\u00e5ten.mp3<\/a><\/audio>\n<p>&nbsp;<\/p>\n<p>7. Sl\u00e5tterpolketten av Anders K\u00e4llstr\u00f6m<\/p>\n<audio class=\"wp-audio-shortcode\" id=\"audio-1684-7\" preload=\"none\" style=\"width: 100%;\" controls=\"controls\"><source type=\"audio\/mpeg\" src=\"http:\/\/www.faluspelmanslag.se\/wp-content\/uploads\/2013\/09\/7-Sl\u00e5tterpolkett.mp3?_=7\" \/><a href=\"http:\/\/www.faluspelmanslag.se\/wp-content\/uploads\/2013\/09\/7-Sl\u00e5tterpolkett.mp3\">http:\/\/www.faluspelmanslag.se\/wp-content\/uploads\/2013\/09\/7-Sl\u00e5tterpolkett.mp3<\/a><\/audio>\n<p>&nbsp;<\/p>\n<p>8. Gudmunds Kalles polska e Petters Erik<\/p>\n<audio class=\"wp-audio-shortcode\" id=\"audio-1684-8\" preload=\"none\" style=\"width: 100%;\" controls=\"controls\"><source type=\"audio\/mpeg\" src=\"http:\/\/www.faluspelmanslag.se\/wp-content\/uploads\/2013\/09\/8-Gudmunds-Kalles.mp3?_=8\" \/><a href=\"http:\/\/www.faluspelmanslag.se\/wp-content\/uploads\/2013\/09\/8-Gudmunds-Kalles.mp3\">http:\/\/www.faluspelmanslag.se\/wp-content\/uploads\/2013\/09\/8-Gudmunds-Kalles.mp3<\/a><\/audio>\n<p>&nbsp;<\/p>\n<p>9. Alla Kullor uti V\u00e4stan\u00e5 och 10 kronors polskan<\/p>\n<audio class=\"wp-audio-shortcode\" id=\"audio-1684-9\" preload=\"none\" style=\"width: 100%;\" controls=\"controls\"><source type=\"audio\/mpeg\" src=\"http:\/\/www.faluspelmanslag.se\/wp-content\/uploads\/2013\/09\/9-Alla-kullor-10-kr.mp3?_=9\" \/><a href=\"http:\/\/www.faluspelmanslag.se\/wp-content\/uploads\/2013\/09\/9-Alla-kullor-10-kr.mp3\">http:\/\/www.faluspelmanslag.se\/wp-content\/uploads\/2013\/09\/9-Alla-kullor-10-kr.mp3<\/a><\/audio>\n<p>&nbsp;<\/p>\n<p>10. Ivar Bergmans Schottis<\/p>\n<audio class=\"wp-audio-shortcode\" id=\"audio-1684-10\" preload=\"none\" style=\"width: 100%;\" controls=\"controls\"><source type=\"audio\/mpeg\" src=\"http:\/\/www.faluspelmanslag.se\/wp-content\/uploads\/2013\/09\/10-Ivar-Bergmans.mp3?_=10\" \/><a href=\"http:\/\/www.faluspelmanslag.se\/wp-content\/uploads\/2013\/09\/10-Ivar-Bergmans.mp3\">http:\/\/www.faluspelmanslag.se\/wp-content\/uploads\/2013\/09\/10-Ivar-Bergmans.mp3<\/a><\/audio>\n<p>&nbsp;<\/p>\n<p>11. Polska Ore e Timas Hans<\/p>\n<audio class=\"wp-audio-shortcode\" id=\"audio-1684-11\" preload=\"none\" style=\"width: 100%;\" controls=\"controls\"><source type=\"audio\/mpeg\" src=\"http:\/\/www.faluspelmanslag.se\/wp-content\/uploads\/2013\/09\/11-Orepolska.mp3?_=11\" \/><a href=\"http:\/\/www.faluspelmanslag.se\/wp-content\/uploads\/2013\/09\/11-Orepolska.mp3\">http:\/\/www.faluspelmanslag.se\/wp-content\/uploads\/2013\/09\/11-Orepolska.mp3<\/a><\/audio>\n<p>&nbsp;<\/p>\n<p>12. Pekkos Pers storpolska<\/p>\n<audio class=\"wp-audio-shortcode\" id=\"audio-1684-12\" preload=\"none\" style=\"width: 100%;\" controls=\"controls\"><source type=\"audio\/mpeg\" src=\"http:\/\/www.faluspelmanslag.se\/wp-content\/uploads\/2013\/09\/12-Pekkos-Pers-storpolska.mp3?_=12\" \/><a href=\"http:\/\/www.faluspelmanslag.se\/wp-content\/uploads\/2013\/09\/12-Pekkos-Pers-storpolska.mp3\">http:\/\/www.faluspelmanslag.se\/wp-content\/uploads\/2013\/09\/12-Pekkos-Pers-storpolska.mp3<\/a><\/audio>\n<p>&nbsp;<\/p>\n<p>13. N\u00e5sragan Polska e Bramans Erik Eriksson<\/p>\n<audio class=\"wp-audio-shortcode\" id=\"audio-1684-13\" preload=\"none\" style=\"width: 100%;\" controls=\"controls\"><source type=\"audio\/mpeg\" src=\"http:\/\/www.faluspelmanslag.se\/wp-content\/uploads\/2013\/09\/13-N\u00e5sraga.mp3?_=13\" \/><a href=\"http:\/\/www.faluspelmanslag.se\/wp-content\/uploads\/2013\/09\/13-N\u00e5sraga.mp3\">http:\/\/www.faluspelmanslag.se\/wp-content\/uploads\/2013\/09\/13-N\u00e5sraga.mp3<\/a><\/audio>\n<p>&nbsp;<\/p>\n<p>14. Bosse o Ylvas brudvals av Roger Tallroth<\/p>\n<audio class=\"wp-audio-shortcode\" id=\"audio-1684-14\" preload=\"none\" style=\"width: 100%;\" controls=\"controls\"><source type=\"audio\/mpeg\" src=\"http:\/\/www.faluspelmanslag.se\/wp-content\/uploads\/2013\/09\/14-Bosses-och-Ylvas.mp3?_=14\" \/><a href=\"http:\/\/www.faluspelmanslag.se\/wp-content\/uploads\/2013\/09\/14-Bosses-och-Ylvas.mp3\">http:\/\/www.faluspelmanslag.se\/wp-content\/uploads\/2013\/09\/14-Bosses-och-Ylvas.mp3<\/a><\/audio>\n<p>&nbsp;<\/p>\n<p>15. Skuttunge schottis e August Bohlin<\/p>\n<audio class=\"wp-audio-shortcode\" id=\"audio-1684-15\" preload=\"none\" style=\"width: 100%;\" controls=\"controls\"><source type=\"audio\/mpeg\" src=\"http:\/\/www.faluspelmanslag.se\/wp-content\/uploads\/2013\/09\/15-Skuttunge.mp3?_=15\" \/><a href=\"http:\/\/www.faluspelmanslag.se\/wp-content\/uploads\/2013\/09\/15-Skuttunge.mp3\">http:\/\/www.faluspelmanslag.se\/wp-content\/uploads\/2013\/09\/15-Skuttunge.mp3<\/a><\/audio>\n<p>&nbsp;<\/p>\n<p>16. Amerikaturen II<\/p>\n<audio class=\"wp-audio-shortcode\" id=\"audio-1684-16\" preload=\"none\" style=\"width: 100%;\" controls=\"controls\"><source type=\"audio\/mpeg\" src=\"http:\/\/www.faluspelmanslag.se\/wp-content\/uploads\/2013\/09\/16-R\u00f6ros-2.mp3?_=16\" \/><a href=\"http:\/\/www.faluspelmanslag.se\/wp-content\/uploads\/2013\/09\/16-R\u00f6ros-2.mp3\">http:\/\/www.faluspelmanslag.se\/wp-content\/uploads\/2013\/09\/16-R\u00f6ros-2.mp3<\/a><\/audio>\n<p>&nbsp;<\/p>\n<p>17. Polska e Pers Erik Olsson<\/p>\n<audio class=\"wp-audio-shortcode\" id=\"audio-1684-17\" preload=\"none\" style=\"width: 100%;\" controls=\"controls\"><source type=\"audio\/mpeg\" src=\"http:\/\/www.faluspelmanslag.se\/wp-content\/uploads\/2013\/09\/17-Pers-Erik.mp3?_=17\" \/><a href=\"http:\/\/www.faluspelmanslag.se\/wp-content\/uploads\/2013\/09\/17-Pers-Erik.mp3\">http:\/\/www.faluspelmanslag.se\/wp-content\/uploads\/2013\/09\/17-Pers-Erik.mp3<\/a><\/audio>\n<p>&nbsp;<\/p>\n<p>18. Senpolska i D-moll e Harald Johansson<\/p>\n<audio class=\"wp-audio-shortcode\" id=\"audio-1684-18\" preload=\"none\" style=\"width: 100%;\" controls=\"controls\"><source type=\"audio\/mpeg\" src=\"http:\/\/www.faluspelmanslag.se\/wp-content\/uploads\/2013\/09\/18-Senpolska.mp3?_=18\" \/><a href=\"http:\/\/www.faluspelmanslag.se\/wp-content\/uploads\/2013\/09\/18-Senpolska.mp3\">http:\/\/www.faluspelmanslag.se\/wp-content\/uploads\/2013\/09\/18-Senpolska.mp3<\/a><\/audio>\n<p>&nbsp;<\/p>\n<p>19. V\u00f6dd\u00e5spisn e R\u00f6j\u00e5s Erika Andersson<\/p>\n<audio class=\"wp-audio-shortcode\" id=\"audio-1684-19\" preload=\"none\" style=\"width: 100%;\" controls=\"controls\"><source type=\"audio\/mpeg\" src=\"http:\/\/www.faluspelmanslag.se\/wp-content\/uploads\/2013\/09\/19-V\u00f6dd\u00e5spisen.mp3?_=19\" \/><a href=\"http:\/\/www.faluspelmanslag.se\/wp-content\/uploads\/2013\/09\/19-V\u00f6dd\u00e5spisen.mp3\">http:\/\/www.faluspelmanslag.se\/wp-content\/uploads\/2013\/09\/19-V\u00f6dd\u00e5spisen.mp3<\/a><\/audio>\n<p>&nbsp;<\/p>\n<p>20. Slunk Jerks Polska<\/p>\n<audio class=\"wp-audio-shortcode\" id=\"audio-1684-20\" preload=\"none\" style=\"width: 100%;\" controls=\"controls\"><source type=\"audio\/mpeg\" src=\"http:\/\/www.faluspelmanslag.se\/wp-content\/uploads\/2013\/09\/20-Slunk-Jerk.mp3?_=20\" \/><a href=\"http:\/\/www.faluspelmanslag.se\/wp-content\/uploads\/2013\/09\/20-Slunk-Jerk.mp3\">http:\/\/www.faluspelmanslag.se\/wp-content\/uploads\/2013\/09\/20-Slunk-Jerk.mp3<\/a><\/audio>\n<p>&nbsp;<\/p>\n<p>21. Blind Mattis Leken<\/p>\n<audio class=\"wp-audio-shortcode\" id=\"audio-1684-21\" preload=\"none\" style=\"width: 100%;\" controls=\"controls\"><source type=\"audio\/mpeg\" src=\"http:\/\/www.faluspelmanslag.se\/wp-content\/uploads\/2013\/09\/21-Blind-Mattis.mp3?_=21\" \/><a href=\"http:\/\/www.faluspelmanslag.se\/wp-content\/uploads\/2013\/09\/21-Blind-Mattis.mp3\">http:\/\/www.faluspelmanslag.se\/wp-content\/uploads\/2013\/09\/21-Blind-Mattis.mp3<\/a><\/audio>\n<p>&nbsp;<\/p>\n<p>22. Nylands setet, Nedifr\u00e5n och Mittimellan tv\u00e5 polskor e Nylands pojkarna<\/p>\n<audio class=\"wp-audio-shortcode\" id=\"audio-1684-22\" preload=\"none\" style=\"width: 100%;\" controls=\"controls\"><source type=\"audio\/mpeg\" src=\"http:\/\/www.faluspelmanslag.se\/wp-content\/uploads\/2013\/09\/22-Nylandssetet.mp3?_=22\" \/><a href=\"http:\/\/www.faluspelmanslag.se\/wp-content\/uploads\/2013\/09\/22-Nylandssetet.mp3\">http:\/\/www.faluspelmanslag.se\/wp-content\/uploads\/2013\/09\/22-Nylandssetet.mp3<\/a><\/audio>\n<p>&nbsp;<\/p>\n","protected":false},"excerpt":{"rendered":"<p>Falu spelmanslags CD I st\u00f6ten 1997 1. Pelliksetet,\u00a0 Pellikvalsen &#8211; Spakens Vals &#8211; Fyr Anders Stjuls &nbsp; 2. Haver\u00f6polska e Jonk Jonas &nbsp; 3. C i G &nbsp; 4. Tomas &hellip; <a href=\"https:\/\/www.faluspelmanslag.se\/?page_id=1684\" class=\"more-link\">Forts\u00e4tt l\u00e4sa <span class=\"screen-reader-text\">CD I st\u00f6ten 1997<\/span> <span class=\"meta-nav\">&rarr;<\/span><\/a><\/p>\n","protected":false},"author":38,"featured_media":0,"parent":136,"menu_order":2,"comment_status":"open","ping_status":"closed","template":"","meta":{"_crdt_document":"","_uag_custom_page_level_css":"","ngg_post_thumbnail":0,"footnotes":""},"class_list":["post-1684","page","type-page","status-publish","hentry"],"uagb_featured_image_src":{"full":false,"thumbnail":false,"medium":false,"medium_large":false,"large":false,"1536x1536":false,"2048x2048":false,"post-thumbnail":false},"uagb_author_info":{"display_name":"Goran Falt","author_link":"https:\/\/www.faluspelmanslag.se\/?author=38"},"uagb_comment_info":1,"uagb_excerpt":"Falu spelmanslags CD I st\u00f6ten 1997 1. Pelliksetet,\u00a0 Pellikvalsen &#8211; Spakens Vals &#8211; Fyr Anders Stjuls &nbsp; 2. Haver\u00f6polska e Jonk Jonas &nbsp; 3. C i G &nbsp; 4. Tomas &hellip; Forts\u00e4tt l\u00e4sa CD I st\u00f6ten 1997 &rarr;","_links":{"self":[{"href":"https:\/\/www.faluspelmanslag.se\/index.php?rest_route=\/wp\/v2\/pages\/1684","targetHints":{"allow":["GET"]}}],"collection":[{"href":"https:\/\/www.faluspelmanslag.se\/index.php?rest_route=\/wp\/v2\/pages"}],"about":[{"href":"https:\/\/www.faluspelmanslag.se\/index.php?rest_route=\/wp\/v2\/types\/page"}],"author":[{"embeddable":true,"href":"https:\/\/www.faluspelmanslag.se\/index.php?rest_route=\/wp\/v2\/users\/38"}],"replies":[{"embeddable":true,"href":"https:\/\/www.faluspelmanslag.se\/index.php?rest_route=%2Fwp%2Fv2%2Fcomments&post=1684"}],"version-history":[{"count":5,"href":"https:\/\/www.faluspelmanslag.se\/index.php?rest_route=\/wp\/v2\/pages\/1684\/revisions"}],"predecessor-version":[{"id":6405,"href":"https:\/\/www.faluspelmanslag.se\/index.php?rest_route=\/wp\/v2\/pages\/1684\/revisions\/6405"}],"up":[{"embeddable":true,"href":"https:\/\/www.faluspelmanslag.se\/index.php?rest_route=\/wp\/v2\/pages\/136"}],"wp:attachment":[{"href":"https:\/\/www.faluspelmanslag.se\/index.php?rest_route=%2Fwp%2Fv2%2Fmedia&parent=1684"}],"curies":[{"name":"wp","href":"https:\/\/api.w.org\/{rel}","templated":true}]}}