{"id":2147,"date":"2018-01-29T22:18:04","date_gmt":"2018-01-29T20:18:04","guid":{"rendered":"http:\/\/www.faluspelmanslag.se\/?page_id=2147"},"modified":"2024-10-08T13:36:25","modified_gmt":"2024-10-08T11:36:25","slug":"ola-backstrom-kurslatar","status":"publish","type":"page","link":"https:\/\/www.faluspelmanslag.se\/?page_id=2147","title":{"rendered":"Ola B\u00e4ckstr\u00f6m Kursl\u00e5tar"},"content":{"rendered":"<p>H\u00e4r \u00e4r mina inspelningar fr\u00e5n kurserna med Ola B\u00e4ckstr\u00f6m som laget har haft 20151015 och 20180120.<br \/>\nPistvalsen och polska efter Stor Mats Skifva finns i inspelningar fr\u00e5n tv\u00e5 kurstillf\u00e4llen och dom skiljer sig lite. Det kan ni ha som kuriosa.<br \/>\nHans Olander.<\/p>\n<p>Polska efter Stor Mats Skifva, fr\u00e5n Kursen 20151015<\/p>\n<audio class=\"wp-audio-shortcode\" id=\"audio-2147-1\" preload=\"none\" style=\"width: 100%;\" controls=\"controls\"><source type=\"audio\/mpeg\" src=\"http:\/\/www.faluspelmanslag.se\/wp-content\/uploads\/2018\/01\/Polska-e-Stor-Mats-Skifva.mp3?_=1\" \/><a href=\"http:\/\/www.faluspelmanslag.se\/wp-content\/uploads\/2018\/01\/Polska-e-Stor-Mats-Skifva.mp3\">http:\/\/www.faluspelmanslag.se\/wp-content\/uploads\/2018\/01\/Polska-e-Stor-Mats-Skifva.mp3<\/a><\/audio>\n<p>&nbsp;<\/p>\n<p>Polska efter Stor Mats Skifva, fr\u00e5n Kursen 20180120<\/p>\n<audio class=\"wp-audio-shortcode\" id=\"audio-2147-2\" preload=\"none\" style=\"width: 100%;\" controls=\"controls\"><source type=\"audio\/mpeg\" src=\"http:\/\/www.faluspelmanslag.se\/wp-content\/uploads\/2018\/01\/Polska-e-Stor-Mats-Skifva-20180120.mp3?_=2\" \/><a href=\"http:\/\/www.faluspelmanslag.se\/wp-content\/uploads\/2018\/01\/Polska-e-Stor-Mats-Skifva-20180120.mp3\">http:\/\/www.faluspelmanslag.se\/wp-content\/uploads\/2018\/01\/Polska-e-Stor-Mats-Skifva-20180120.mp3<\/a><\/audio>\n<p>&nbsp;<\/p>\n<p>Polska fr\u00e5n Ore, fr\u00e5n Kursen 20151015<\/p>\n<audio class=\"wp-audio-shortcode\" id=\"audio-2147-3\" preload=\"none\" style=\"width: 100%;\" controls=\"controls\"><source type=\"audio\/mpeg\" src=\"http:\/\/www.faluspelmanslag.se\/wp-content\/uploads\/2018\/01\/Polska-fr-Ore.mp3?_=3\" \/><a href=\"http:\/\/www.faluspelmanslag.se\/wp-content\/uploads\/2018\/01\/Polska-fr-Ore.mp3\">http:\/\/www.faluspelmanslag.se\/wp-content\/uploads\/2018\/01\/Polska-fr-Ore.mp3<\/a><\/audio>\n<p>&nbsp;<\/p>\n<p>Polska fr\u00e5n Ore, dem som \u00e4r med p\u00e5 FSL CD, fr\u00e5n Kursen 20180120<\/p>\n<audio class=\"wp-audio-shortcode\" id=\"audio-2147-4\" preload=\"none\" style=\"width: 100%;\" controls=\"controls\"><source type=\"audio\/mpeg\" src=\"http:\/\/www.faluspelmanslag.se\/wp-content\/uploads\/2018\/01\/Polska-fr-Ore-FSL-Skiva.mp3?_=4\" \/><a href=\"http:\/\/www.faluspelmanslag.se\/wp-content\/uploads\/2018\/01\/Polska-fr-Ore-FSL-Skiva.mp3\">http:\/\/www.faluspelmanslag.se\/wp-content\/uploads\/2018\/01\/Polska-fr-Ore-FSL-Skiva.mp3<\/a><\/audio>\n<p>&nbsp;<\/p>\n<p>Pistvalsen L\u00e5ngsam o vanlig, fr\u00e5n Kursen 20151015<\/p>\n<audio class=\"wp-audio-shortcode\" id=\"audio-2147-5\" preload=\"none\" style=\"width: 100%;\" controls=\"controls\"><source type=\"audio\/mpeg\" src=\"http:\/\/www.faluspelmanslag.se\/wp-content\/uploads\/2018\/01\/Pistvalsen-l\u00e5ngsam-o-vanlig.mp3?_=5\" \/><a href=\"http:\/\/www.faluspelmanslag.se\/wp-content\/uploads\/2018\/01\/Pistvalsen-l\u00e5ngsam-o-vanlig.mp3\">http:\/\/www.faluspelmanslag.se\/wp-content\/uploads\/2018\/01\/Pistvalsen-l\u00e5ngsam-o-vanlig.mp3<\/a><\/audio>\n<p>&nbsp;<\/p>\n<p>Pistvalsen, vanlig fr\u00e5n Kursen 20151015<\/p>\n<audio class=\"wp-audio-shortcode\" id=\"audio-2147-6\" preload=\"none\" style=\"width: 100%;\" controls=\"controls\"><source type=\"audio\/mpeg\" src=\"http:\/\/www.faluspelmanslag.se\/wp-content\/uploads\/2018\/01\/Pistvalsen.mp3?_=6\" \/><a href=\"http:\/\/www.faluspelmanslag.se\/wp-content\/uploads\/2018\/01\/Pistvalsen.mp3\">http:\/\/www.faluspelmanslag.se\/wp-content\/uploads\/2018\/01\/Pistvalsen.mp3<\/a><\/audio>\n<p>&nbsp;<\/p>\n<p>Pistvalsen L\u00e5ngsam o vanlig, fr\u00e5n Kursen 20180120<\/p>\n<audio class=\"wp-audio-shortcode\" id=\"audio-2147-7\" preload=\"none\" style=\"width: 100%;\" controls=\"controls\"><source type=\"audio\/mpeg\" src=\"http:\/\/www.faluspelmanslag.se\/wp-content\/uploads\/2018\/01\/Pistvalsen-l\u00e5ngsam-o-vanlig-20180120.mp3?_=7\" \/><a href=\"http:\/\/www.faluspelmanslag.se\/wp-content\/uploads\/2018\/01\/Pistvalsen-l\u00e5ngsam-o-vanlig-20180120.mp3\">http:\/\/www.faluspelmanslag.se\/wp-content\/uploads\/2018\/01\/Pistvalsen-l\u00e5ngsam-o-vanlig-20180120.mp3<\/a><\/audio>\n<p>&nbsp;<\/p>\n<p>Polska e Dalfors, fr\u00e5n Kursen 20180120<\/p>\n<audio class=\"wp-audio-shortcode\" id=\"audio-2147-8\" preload=\"none\" style=\"width: 100%;\" controls=\"controls\"><source type=\"audio\/mpeg\" src=\"http:\/\/www.faluspelmanslag.se\/wp-content\/uploads\/2018\/01\/Polska-e-Dalfors-Ore.mp3?_=8\" \/><a href=\"http:\/\/www.faluspelmanslag.se\/wp-content\/uploads\/2018\/01\/Polska-e-Dalfors-Ore.mp3\">http:\/\/www.faluspelmanslag.se\/wp-content\/uploads\/2018\/01\/Polska-e-Dalfors-Ore.mp3<\/a><\/audio>\n<p>&nbsp;<\/p>\n<p>Whiskey meatballs and Beer, fr\u00e5n Kursen 20180120<\/p>\n<audio class=\"wp-audio-shortcode\" id=\"audio-2147-9\" preload=\"none\" style=\"width: 100%;\" controls=\"controls\"><source type=\"audio\/mpeg\" src=\"http:\/\/www.faluspelmanslag.se\/wp-content\/uploads\/2018\/01\/Whiskey-Meatballs-and-Beer.mp3?_=9\" \/><a href=\"http:\/\/www.faluspelmanslag.se\/wp-content\/uploads\/2018\/01\/Whiskey-Meatballs-and-Beer.mp3\">http:\/\/www.faluspelmanslag.se\/wp-content\/uploads\/2018\/01\/Whiskey-Meatballs-and-Beer.mp3<\/a><\/audio>\n<p>&nbsp;<\/p>\n<p>Im not fed up with the pacific ocean, fr\u00e5n Kursen 20180120<\/p>\n<audio class=\"wp-audio-shortcode\" id=\"audio-2147-10\" preload=\"none\" style=\"width: 100%;\" controls=\"controls\"><source type=\"audio\/mpeg\" src=\"http:\/\/www.faluspelmanslag.se\/wp-content\/uploads\/2018\/01\/Im-not-fed-up-with-the-pacific-ocean.mp3?_=10\" \/><a href=\"http:\/\/www.faluspelmanslag.se\/wp-content\/uploads\/2018\/01\/Im-not-fed-up-with-the-pacific-ocean.mp3\">http:\/\/www.faluspelmanslag.se\/wp-content\/uploads\/2018\/01\/Im-not-fed-up-with-the-pacific-ocean.mp3<\/a><\/audio>\n<p>&nbsp;<\/p>\n","protected":false},"excerpt":{"rendered":"<p>H\u00e4r \u00e4r mina inspelningar fr\u00e5n kurserna med Ola B\u00e4ckstr\u00f6m som laget har haft 20151015 och 20180120. Pistvalsen och polska efter Stor Mats Skifva finns i inspelningar fr\u00e5n tv\u00e5 kurstillf\u00e4llen och &hellip; <a href=\"https:\/\/www.faluspelmanslag.se\/?page_id=2147\" class=\"more-link\">Forts\u00e4tt l\u00e4sa <span class=\"screen-reader-text\">Ola B\u00e4ckstr\u00f6m Kursl\u00e5tar<\/span> <span class=\"meta-nav\">&rarr;<\/span><\/a><\/p>\n","protected":false},"author":90,"featured_media":0,"parent":4888,"menu_order":0,"comment_status":"closed","ping_status":"closed","template":"","meta":{"_crdt_document":"","_uag_custom_page_level_css":"","ngg_post_thumbnail":0,"footnotes":""},"class_list":["post-2147","page","type-page","status-publish","hentry"],"uagb_featured_image_src":{"full":false,"thumbnail":false,"medium":false,"medium_large":false,"large":false,"1536x1536":false,"2048x2048":false,"post-thumbnail":false},"uagb_author_info":{"display_name":"Hans Olander","author_link":"https:\/\/www.faluspelmanslag.se\/?author=90"},"uagb_comment_info":0,"uagb_excerpt":"H\u00e4r \u00e4r mina inspelningar fr\u00e5n kurserna med Ola B\u00e4ckstr\u00f6m som laget har haft 20151015 och 20180120. Pistvalsen och polska efter Stor Mats Skifva finns i inspelningar fr\u00e5n tv\u00e5 kurstillf\u00e4llen och &hellip; Forts\u00e4tt l\u00e4sa Ola B\u00e4ckstr\u00f6m Kursl\u00e5tar &rarr;","_links":{"self":[{"href":"https:\/\/www.faluspelmanslag.se\/index.php?rest_route=\/wp\/v2\/pages\/2147","targetHints":{"allow":["GET"]}}],"collection":[{"href":"https:\/\/www.faluspelmanslag.se\/index.php?rest_route=\/wp\/v2\/pages"}],"about":[{"href":"https:\/\/www.faluspelmanslag.se\/index.php?rest_route=\/wp\/v2\/types\/page"}],"author":[{"embeddable":true,"href":"https:\/\/www.faluspelmanslag.se\/index.php?rest_route=\/wp\/v2\/users\/90"}],"replies":[{"embeddable":true,"href":"https:\/\/www.faluspelmanslag.se\/index.php?rest_route=%2Fwp%2Fv2%2Fcomments&post=2147"}],"version-history":[{"count":4,"href":"https:\/\/www.faluspelmanslag.se\/index.php?rest_route=\/wp\/v2\/pages\/2147\/revisions"}],"predecessor-version":[{"id":2161,"href":"https:\/\/www.faluspelmanslag.se\/index.php?rest_route=\/wp\/v2\/pages\/2147\/revisions\/2161"}],"up":[{"embeddable":true,"href":"https:\/\/www.faluspelmanslag.se\/index.php?rest_route=\/wp\/v2\/pages\/4888"}],"wp:attachment":[{"href":"https:\/\/www.faluspelmanslag.se\/index.php?rest_route=%2Fwp%2Fv2%2Fmedia&parent=2147"}],"curies":[{"name":"wp","href":"https:\/\/api.w.org\/{rel}","templated":true}]}}