{"id":2162,"date":"2018-01-30T19:20:41","date_gmt":"2018-01-30T17:20:41","guid":{"rendered":"http:\/\/www.faluspelmanslag.se\/?page_id=2162"},"modified":"2024-12-09T19:49:00","modified_gmt":"2024-12-09T17:49:00","slug":"per-gudmundsson-kurslatar","status":"publish","type":"page","link":"https:\/\/www.faluspelmanslag.se\/?page_id=2162","title":{"rendered":"Per Gudmundsson Kursl\u00e5tar"},"content":{"rendered":"<p><strong>H\u00e4r \u00e4r l\u00e5tarna fr\u00e5n kursen med Per Gudmundsson den 24 augusti 2019<\/strong><\/p>\n<p>Grattis Lotta, polska av Per Gudmundsson<\/p>\n<audio class=\"wp-audio-shortcode\" id=\"audio-2162-1\" preload=\"none\" style=\"width: 100%;\" controls=\"controls\"><source type=\"audio\/mpeg\" src=\"http:\/\/www.faluspelmanslag.se\/wp-content\/uploads\/2019\/08\/Grattis-Lotta.mp3?_=1\" \/><a href=\"http:\/\/www.faluspelmanslag.se\/wp-content\/uploads\/2019\/08\/Grattis-Lotta.mp3\">http:\/\/www.faluspelmanslag.se\/wp-content\/uploads\/2019\/08\/Grattis-Lotta.mp3<\/a><\/audio>\n<p>Polska efter Bud Olle, fr\u00e5n Paul B\u00e4ckstr\u00f6m<\/p>\n<audio class=\"wp-audio-shortcode\" id=\"audio-2162-2\" preload=\"none\" style=\"width: 100%;\" controls=\"controls\"><source type=\"audio\/mpeg\" src=\"http:\/\/www.faluspelmanslag.se\/wp-content\/uploads\/2019\/08\/Bud-Olle.mp3?_=2\" \/><a href=\"http:\/\/www.faluspelmanslag.se\/wp-content\/uploads\/2019\/08\/Bud-Olle.mp3\">http:\/\/www.faluspelmanslag.se\/wp-content\/uploads\/2019\/08\/Bud-Olle.mp3<\/a><\/audio>\n<p>T\u00e4pp Jons polska, efter Anders Persson<\/p>\n<audio class=\"wp-audio-shortcode\" id=\"audio-2162-3\" preload=\"none\" style=\"width: 100%;\" controls=\"controls\"><source type=\"audio\/mpeg\" src=\"http:\/\/www.faluspelmanslag.se\/wp-content\/uploads\/2019\/08\/T\u00e4pp-Jons.mp3?_=3\" \/><a href=\"http:\/\/www.faluspelmanslag.se\/wp-content\/uploads\/2019\/08\/T\u00e4pp-Jons.mp3\">http:\/\/www.faluspelmanslag.se\/wp-content\/uploads\/2019\/08\/T\u00e4pp-Jons.mp3<\/a><\/audio>\n<p>&nbsp;<\/p>\n<p><strong>H\u00e4r \u00e4r l\u00e5tarna fr\u00e5n kursen med Per Gudmundsson den 30\/11 2017<\/strong><\/p>\n<p>Br\u00f6drapolskan av Per Gudmundsson<\/p>\n<audio class=\"wp-audio-shortcode\" id=\"audio-2162-4\" preload=\"none\" style=\"width: 100%;\" controls=\"controls\"><source type=\"audio\/mpeg\" src=\"http:\/\/www.faluspelmanslag.se\/wp-content\/uploads\/2018\/01\/Br\u00f6drapolskan-av-Per-Gudmundsson.mp3?_=4\" \/><a href=\"http:\/\/www.faluspelmanslag.se\/wp-content\/uploads\/2018\/01\/Br\u00f6drapolskan-av-Per-Gudmundsson.mp3\">http:\/\/www.faluspelmanslag.se\/wp-content\/uploads\/2018\/01\/Br\u00f6drapolskan-av-Per-Gudmundsson.mp3<\/a><\/audio>\n<hr>\n<p>Polska e Anders Forsman<\/p>\n<audio class=\"wp-audio-shortcode\" id=\"audio-2162-5\" preload=\"none\" style=\"width: 100%;\" controls=\"controls\"><source type=\"audio\/mpeg\" src=\"http:\/\/www.faluspelmanslag.se\/wp-content\/uploads\/2018\/01\/Polska-e-Anders-Forsman.mp3?_=5\" \/><a href=\"http:\/\/www.faluspelmanslag.se\/wp-content\/uploads\/2018\/01\/Polska-e-Anders-Forsman.mp3\">http:\/\/www.faluspelmanslag.se\/wp-content\/uploads\/2018\/01\/Polska-e-Anders-Forsman.mp3<\/a><\/audio>\n<hr>\n<p>Polska e Blank Anders Orsa inspirerad<\/p>\n<audio class=\"wp-audio-shortcode\" id=\"audio-2162-6\" preload=\"none\" style=\"width: 100%;\" controls=\"controls\"><source type=\"audio\/mpeg\" src=\"http:\/\/www.faluspelmanslag.se\/wp-content\/uploads\/2018\/01\/Polska-e-Blank-Anders-Orsa-inspirerad.mp3?_=6\" \/><a href=\"http:\/\/www.faluspelmanslag.se\/wp-content\/uploads\/2018\/01\/Polska-e-Blank-Anders-Orsa-inspirerad.mp3\">http:\/\/www.faluspelmanslag.se\/wp-content\/uploads\/2018\/01\/Polska-e-Blank-Anders-Orsa-inspirerad.mp3<\/a><\/audio>\n<hr>\n<p>Flugsvampen Polska e Blank Anders<\/p>\n<audio class=\"wp-audio-shortcode\" id=\"audio-2162-7\" preload=\"none\" style=\"width: 100%;\" controls=\"controls\"><source type=\"audio\/mpeg\" src=\"http:\/\/www.faluspelmanslag.se\/wp-content\/uploads\/2018\/01\/Flugsvampen-polska-av-Blank-Anders.mp3?_=7\" \/><a href=\"http:\/\/www.faluspelmanslag.se\/wp-content\/uploads\/2018\/01\/Flugsvampen-polska-av-Blank-Anders.mp3\">http:\/\/www.faluspelmanslag.se\/wp-content\/uploads\/2018\/01\/Flugsvampen-polska-av-Blank-Anders.mp3<\/a><\/audio>\n<hr>\n<p>Per Gudmundsson.&nbsp;Polska efter Blank &nbsp;Anders, Men en v\u00e4n \u00e4nd\u00e5 ska man alltid ha.<\/p>\n<audio class=\"wp-audio-shortcode\" id=\"audio-2162-8\" preload=\"none\" style=\"width: 100%;\" controls=\"controls\"><source type=\"audio\/mpeg\" src=\"http:\/\/www.faluspelmanslag.se\/wp-content\/uploads\/2013\/09\/PGU-VAN.mp3?_=8\" \/><a href=\"http:\/\/www.faluspelmanslag.se\/wp-content\/uploads\/2013\/09\/PGU-VAN.mp3\">http:\/\/www.faluspelmanslag.se\/wp-content\/uploads\/2013\/09\/PGU-VAN.mp3<\/a><\/audio>\n<hr>\n<p><strong><br \/>\nL\u00e5tar utl\u00e4rda av Per Gudmundsson 2013<\/strong><\/p>\n<p>Per Gudmundsson. Polska Efter Anders Lust<\/p>\n<audio class=\"wp-audio-shortcode\" id=\"audio-2162-9\" preload=\"none\" style=\"width: 100%;\" controls=\"controls\"><source type=\"audio\/mpeg\" src=\"http:\/\/www.faluspelmanslag.se\/wp-content\/uploads\/2013\/09\/PGU-ALU.mp3?_=9\" \/><a href=\"http:\/\/www.faluspelmanslag.se\/wp-content\/uploads\/2013\/09\/PGU-ALU.mp3\">http:\/\/www.faluspelmanslag.se\/wp-content\/uploads\/2013\/09\/PGU-ALU.mp3<\/a><\/audio>\n<hr>\n<p>Polska av Per Gudmundsson. Br\u00f6drapolskan.<\/p>\n<audio class=\"wp-audio-shortcode\" id=\"audio-2162-10\" preload=\"none\" style=\"width: 100%;\" controls=\"controls\"><source type=\"audio\/mpeg\" src=\"http:\/\/www.faluspelmanslag.se\/wp-content\/uploads\/2013\/09\/PGU-BRO.mp3?_=10\" \/><a href=\"http:\/\/www.faluspelmanslag.se\/wp-content\/uploads\/2013\/09\/PGU-BRO.mp3\">http:\/\/www.faluspelmanslag.se\/wp-content\/uploads\/2013\/09\/PGU-BRO.mp3<\/a><\/audio>\n<hr>\n<p>Per Gudmundsson. Tyska polskan.<\/p>\n<audio class=\"wp-audio-shortcode\" id=\"audio-2162-11\" preload=\"none\" style=\"width: 100%;\" controls=\"controls\"><source type=\"audio\/mpeg\" src=\"http:\/\/www.faluspelmanslag.se\/wp-content\/uploads\/2013\/09\/PGU-TYP.mp3?_=11\" \/><a href=\"http:\/\/www.faluspelmanslag.se\/wp-content\/uploads\/2013\/09\/PGU-TYP.mp3\">http:\/\/www.faluspelmanslag.se\/wp-content\/uploads\/2013\/09\/PGU-TYP.mp3<\/a><\/audio>\n<hr>\n<p>Per Gudmundsson. Polska efter Blank Anders.<\/p>\n<audio class=\"wp-audio-shortcode\" id=\"audio-2162-12\" preload=\"none\" style=\"width: 100%;\" controls=\"controls\"><source type=\"audio\/mpeg\" src=\"http:\/\/www.faluspelmanslag.se\/wp-content\/uploads\/2013\/09\/PGU-BLA.mp3?_=12\" \/><a href=\"http:\/\/www.faluspelmanslag.se\/wp-content\/uploads\/2013\/09\/PGU-BLA.mp3\">http:\/\/www.faluspelmanslag.se\/wp-content\/uploads\/2013\/09\/PGU-BLA.mp3<\/a><\/audio>\n","protected":false},"excerpt":{"rendered":"<p>H\u00e4r \u00e4r l\u00e5tarna fr\u00e5n kursen med Per Gudmundsson den 24 augusti 2019 Grattis Lotta, polska av Per Gudmundsson Polska efter Bud Olle, fr\u00e5n Paul B\u00e4ckstr\u00f6m T\u00e4pp Jons polska, efter Anders &hellip; <a href=\"https:\/\/www.faluspelmanslag.se\/?page_id=2162\" class=\"more-link\">Forts\u00e4tt l\u00e4sa <span class=\"screen-reader-text\">Per Gudmundsson Kursl\u00e5tar<\/span> <span class=\"meta-nav\">&rarr;<\/span><\/a><\/p>\n","protected":false},"author":90,"featured_media":0,"parent":4888,"menu_order":1,"comment_status":"closed","ping_status":"closed","template":"","meta":{"_crdt_document":"","_uag_custom_page_level_css":"","ngg_post_thumbnail":0,"footnotes":""},"class_list":["post-2162","page","type-page","status-publish","hentry"],"uagb_featured_image_src":{"full":false,"thumbnail":false,"medium":false,"medium_large":false,"large":false,"1536x1536":false,"2048x2048":false,"post-thumbnail":false},"uagb_author_info":{"display_name":"Hans Olander","author_link":"https:\/\/www.faluspelmanslag.se\/?author=90"},"uagb_comment_info":0,"uagb_excerpt":"H\u00e4r \u00e4r l\u00e5tarna fr\u00e5n kursen med Per Gudmundsson den 24 augusti 2019 Grattis Lotta, polska av Per Gudmundsson Polska efter Bud Olle, fr\u00e5n Paul B\u00e4ckstr\u00f6m T\u00e4pp Jons polska, efter Anders &hellip; Forts\u00e4tt l\u00e4sa Per Gudmundsson Kursl\u00e5tar &rarr;","_links":{"self":[{"href":"https:\/\/www.faluspelmanslag.se\/index.php?rest_route=\/wp\/v2\/pages\/2162","targetHints":{"allow":["GET"]}}],"collection":[{"href":"https:\/\/www.faluspelmanslag.se\/index.php?rest_route=\/wp\/v2\/pages"}],"about":[{"href":"https:\/\/www.faluspelmanslag.se\/index.php?rest_route=\/wp\/v2\/types\/page"}],"author":[{"embeddable":true,"href":"https:\/\/www.faluspelmanslag.se\/index.php?rest_route=\/wp\/v2\/users\/90"}],"replies":[{"embeddable":true,"href":"https:\/\/www.faluspelmanslag.se\/index.php?rest_route=%2Fwp%2Fv2%2Fcomments&post=2162"}],"version-history":[{"count":8,"href":"https:\/\/www.faluspelmanslag.se\/index.php?rest_route=\/wp\/v2\/pages\/2162\/revisions"}],"predecessor-version":[{"id":5643,"href":"https:\/\/www.faluspelmanslag.se\/index.php?rest_route=\/wp\/v2\/pages\/2162\/revisions\/5643"}],"up":[{"embeddable":true,"href":"https:\/\/www.faluspelmanslag.se\/index.php?rest_route=\/wp\/v2\/pages\/4888"}],"wp:attachment":[{"href":"https:\/\/www.faluspelmanslag.se\/index.php?rest_route=%2Fwp%2Fv2%2Fmedia&parent=2162"}],"curies":[{"name":"wp","href":"https:\/\/api.w.org\/{rel}","templated":true}]}}