{"id":2391,"date":"2018-06-25T19:47:57","date_gmt":"2018-06-25T17:47:57","guid":{"rendered":"http:\/\/www.faluspelmanslag.se\/?page_id=2391"},"modified":"2024-10-08T13:51:30","modified_gmt":"2024-10-08T11:51:30","slug":"ansvarsomraden","status":"publish","type":"page","link":"https:\/\/www.faluspelmanslag.se\/?page_id=2391","title":{"rendered":"Ansvarsomr\u00e5den"},"content":{"rendered":"\n<h2 class=\"wp-block-heading\">H\u00e4r ligger dokument f\u00f6r fikaansvariga.<\/h2>\n\n\n\n<p class=\"wp-block-paragraph\">\u00a01: S\u00e4tta p\u00e5 tevatten.<br>2: Ta fram fikal\u00e5dorna. De finns l\u00e4ngst ner i h\u00f6gsk\u00e5pet till v\u00e4nster<br>om spisen bakom d\u00f6rren.<br>3: Efter kv\u00e4llen-se till att det ser ut som n\u00e4r vi kom.<br>4: Se till att det finns mj\u00f6lk till fikat.<br>5: Kolla om det beh\u00f6vs k\u00f6pa kaffe, te, socker till n\u00e4sta<br>g\u00e5ng och meddela detta till n\u00e4sta p\u00e5 listan.<br>6: Ta kvitto och ge till kass\u00f6r G\u00f6ran W.<br>7: Byt med annan p\u00e5 listan om det inte passar.<br>Obs! ta med sopor och kompost.<br>Obs! Ingen skyldighet att ha med fikabr\u00f6d(bonus)!!<\/p>\n\n\n\n<figure class=\"wp-block-table\"><table class=\"has-fixed-layout\"><tbody><tr><td>22 augusti<\/td><td>Sally Magdalinski 073-0460654\u00a0\u00a0\u00a0\u00a0\u00a0\u00a0\u00a0\u00a0\u00a0\u00a0\u00a0 <br>Anna-Lisa Linderborn 076-3372571<\/td><\/tr><tr><td>29 augusti<\/td><td>Anneli Berglund-\u00c5hman 070-2334569\u00a0 <br>Torbj\u00f6rn Schedvin 070-2355336<\/td><\/tr><tr><td>5 september<\/td><td>Yvonne Svantesson 073-6567786\u00a0\u00a0\u00a0\u00a0\u00a0\u00a0\u00a0\u00a0\u00a0\u00a0 <br>Ylva Persson 070-2878192<\/td><\/tr><tr><td>12 september<\/td><td>Ingalill Brattorp 076-8340703\u00a0\u00a0\u00a0\u00a0\u00a0\u00a0\u00a0\u00a0\u00a0\u00a0\u00a0\u00a0\u00a0\u00a0\u00a0 <br>Lasse Ljungstr\u00f6m 070-2301272<\/td><\/tr><tr><td>20 september<\/td><td>Hanna Brandin 070-6375254\u00a0\u00a0\u00a0\u00a0\u00a0\u00a0\u00a0\u00a0\u00a0\u00a0\u00a0\u00a0\u00a0\u00a0\u00a0\u00a0\u00a0 <br>Maria Arnberg 070-4331029<\/td><\/tr><tr><td>26 september<\/td><td>Anders Lassbo 070-6899539\u00a0\u00a0\u00a0\u00a0\u00a0\u00a0\u00a0\u00a0\u00a0\u00a0\u00a0\u00a0\u00a0\u00a0\u00a0\u00a0\u00a0\u00a0 <br>Per-Olof Johansson 070-2012678<\/td><\/tr><tr><td>3 oktober<\/td><td>Lisa Rosell 070-6937769&nbsp;&nbsp;&nbsp;&nbsp;&nbsp;&nbsp;&nbsp;&nbsp;&nbsp;&nbsp;&nbsp;&nbsp;&nbsp;&nbsp;&nbsp;&nbsp;&nbsp;&nbsp;&nbsp;&nbsp;&nbsp;&nbsp;&nbsp;&nbsp; Bengt-Olof Skottheim<\/td><\/tr><tr><td>10 oktober<\/td><td>Anna Wahlo 070-4461822\u00a0\u00a0\u00a0\u00a0\u00a0\u00a0\u00a0\u00a0\u00a0\u00a0\u00a0\u00a0\u00a0\u00a0\u00a0\u00a0\u00a0\u00a0\u00a0\u00a0\u00a0 <br>Ann-Katrin Plahn 070-6723564<\/td><\/tr><tr><td>17 oktober<\/td><td>Richard Holmkvist 073-5682421\u00a0\u00a0\u00a0\u00a0\u00a0\u00a0\u00a0\u00a0\u00a0\u00a0\u00a0 <br>G\u00f6ran Wickman 073-9774012<\/td><\/tr><tr><td>24 oktober<\/td><td>Mats Fogel 070-2974029\u00a0\u00a0\u00a0\u00a0\u00a0\u00a0\u00a0\u00a0\u00a0\u00a0\u00a0\u00a0\u00a0\u00a0\u00a0\u00a0\u00a0\u00a0\u00a0\u00a0\u00a0\u00a0\u00a0\u00a0 <br>Ingela Barksj\u00f6 073-2626575<\/td><\/tr><tr><td>31 oktober<\/td><td>Hans Olander 070-5111027\u00a0\u00a0\u00a0\u00a0\u00a0\u00a0\u00a0\u00a0\u00a0\u00a0\u00a0\u00a0\u00a0\u00a0\u00a0\u00a0\u00a0\u00a0\u00a0\u00a0 <br>Jan Florin 070-4103567<\/td><\/tr><tr><td>7 november<\/td><td>Alf Tangn\u00e4s 070-6316556\u00a0\u00a0\u00a0\u00a0\u00a0\u00a0\u00a0\u00a0\u00a0\u00a0\u00a0\u00a0\u00a0\u00a0\u00a0\u00a0\u00a0\u00a0\u00a0\u00a0\u00a0\u00a0\u00a0 <br>Stig Meiton 070-2171942<\/td><\/tr><tr><td>14 november<\/td><td>S\u00f6ren H\u00f6gberg 070-6988540\u00a0\u00a0\u00a0\u00a0\u00a0\u00a0\u00a0\u00a0\u00a0\u00a0\u00a0\u00a0\u00a0\u00a0\u00a0\u00a0\u00a0\u00a0 <br>Jan Lundin 070-3841128<\/td><\/tr><tr><td>21 november<\/td><td>Eva Bergfors 070-4947440\u00a0\u00a0\u00a0\u00a0\u00a0\u00a0\u00a0\u00a0\u00a0\u00a0\u00a0\u00a0\u00a0\u00a0\u00a0\u00a0\u00a0\u00a0\u00a0\u00a0\u00a0 <br>Kristina Save 070-3280696<\/td><\/tr><tr><td>28 november<\/td><td>Karin Larsson 070-3154716\u00a0\u00a0\u00a0\u00a0\u00a0\u00a0\u00a0\u00a0\u00a0\u00a0\u00a0\u00a0\u00a0\u00a0\u00a0\u00a0\u00a0\u00a0\u00a0 <br>Birgitta Sj\u00f6din 070-6064456<\/td><\/tr><tr><td>5 december<\/td><td>Erik Svenson 072-2172005\u00a0\u00a0\u00a0\u00a0\u00a0\u00a0\u00a0\u00a0\u00a0\u00a0\u00a0\u00a0\u00a0\u00a0\u00a0\u00a0\u00a0\u00a0\u00a0\u00a0 <br>Inger Petri 070-6617971<\/td><\/tr><\/tbody><\/table><\/figure>\n","protected":false},"excerpt":{"rendered":"<p>H\u00e4r ligger dokument f\u00f6r fikaansvariga. \u00a01: S\u00e4tta p\u00e5 tevatten.2: Ta fram fikal\u00e5dorna. De finns l\u00e4ngst ner i h\u00f6gsk\u00e5pet till v\u00e4nsterom spisen bakom d\u00f6rren.3: Efter kv\u00e4llen-se till att det ser ut &hellip; <a href=\"https:\/\/www.faluspelmanslag.se\/?page_id=2391\" class=\"more-link\">Forts\u00e4tt l\u00e4sa <span class=\"screen-reader-text\">Ansvarsomr\u00e5den<\/span> <span class=\"meta-nav\">&rarr;<\/span><\/a><\/p>\n","protected":false},"author":90,"featured_media":0,"parent":843,"menu_order":0,"comment_status":"closed","ping_status":"closed","template":"","meta":{"_crdt_document":"","_uag_custom_page_level_css":"","ngg_post_thumbnail":0,"footnotes":""},"class_list":["post-2391","page","type-page","status-publish","hentry"],"uagb_featured_image_src":{"full":false,"thumbnail":false,"medium":false,"medium_large":false,"large":false,"1536x1536":false,"2048x2048":false,"post-thumbnail":false},"uagb_author_info":{"display_name":"Hans Olander","author_link":"https:\/\/www.faluspelmanslag.se\/?author=90"},"uagb_comment_info":0,"uagb_excerpt":"H\u00e4r ligger dokument f\u00f6r fikaansvariga. \u00a01: S\u00e4tta p\u00e5 tevatten.2: Ta fram fikal\u00e5dorna. De finns l\u00e4ngst ner i h\u00f6gsk\u00e5pet till v\u00e4nsterom spisen bakom d\u00f6rren.3: Efter kv\u00e4llen-se till att det ser ut &hellip; Forts\u00e4tt l\u00e4sa Ansvarsomr\u00e5den &rarr;","_links":{"self":[{"href":"https:\/\/www.faluspelmanslag.se\/index.php?rest_route=\/wp\/v2\/pages\/2391","targetHints":{"allow":["GET"]}}],"collection":[{"href":"https:\/\/www.faluspelmanslag.se\/index.php?rest_route=\/wp\/v2\/pages"}],"about":[{"href":"https:\/\/www.faluspelmanslag.se\/index.php?rest_route=\/wp\/v2\/types\/page"}],"author":[{"embeddable":true,"href":"https:\/\/www.faluspelmanslag.se\/index.php?rest_route=\/wp\/v2\/users\/90"}],"replies":[{"embeddable":true,"href":"https:\/\/www.faluspelmanslag.se\/index.php?rest_route=%2Fwp%2Fv2%2Fcomments&post=2391"}],"version-history":[{"count":10,"href":"https:\/\/www.faluspelmanslag.se\/index.php?rest_route=\/wp\/v2\/pages\/2391\/revisions"}],"predecessor-version":[{"id":4892,"href":"https:\/\/www.faluspelmanslag.se\/index.php?rest_route=\/wp\/v2\/pages\/2391\/revisions\/4892"}],"up":[{"embeddable":true,"href":"https:\/\/www.faluspelmanslag.se\/index.php?rest_route=\/wp\/v2\/pages\/843"}],"wp:attachment":[{"href":"https:\/\/www.faluspelmanslag.se\/index.php?rest_route=%2Fwp%2Fv2%2Fmedia&parent=2391"}],"curies":[{"name":"wp","href":"https:\/\/api.w.org\/{rel}","templated":true}]}}