{"id":2393,"date":"2018-06-25T19:50:08","date_gmt":"2018-06-25T17:50:08","guid":{"rendered":"http:\/\/www.faluspelmanslag.se\/?page_id=2393"},"modified":"2022-03-26T19:58:57","modified_gmt":"2022-03-26T17:58:57","slug":"protokoll","status":"publish","type":"page","link":"https:\/\/www.faluspelmanslag.se\/?page_id=2393","title":{"rendered":"Protokoll"},"content":{"rendered":"<h2>H\u00e4r kommer m\u00f6tesprotokoll mm.. att ligga<\/h2>\n<h4>Stadgar<\/h4>\n<p><a href=\"http:\/\/www.faluspelmanslag.se\/wp-content\/uploads\/2015\/01\/reviderade-stadgar.pdf\">Reviderade stadgar<\/a><\/p>\n<hr \/>\n<h4>\u00c5rsm\u00f6te 2022<\/h4>\n<p>Protokoll fr\u00e5n \u00e5rsm\u00f6te 10 mars 2022<\/p>\n<p><a href=\"http:\/\/www.faluspelmanslag.se\/wp-content\/uploads\/2022\/03\/arsmote-2022-1-scaled.jpg\"><img loading=\"lazy\" decoding=\"async\" class=\"alignnone size-medium wp-image-3949\" src=\"http:\/\/www.faluspelmanslag.se\/wp-content\/uploads\/2022\/03\/arsmote-2022-1-218x300.jpg\" alt=\"\" width=\"218\" height=\"300\" srcset=\"https:\/\/www.faluspelmanslag.se\/wp-content\/uploads\/2022\/03\/arsmote-2022-1-218x300.jpg 218w, https:\/\/www.faluspelmanslag.se\/wp-content\/uploads\/2022\/03\/arsmote-2022-1-745x1024.jpg 745w, https:\/\/www.faluspelmanslag.se\/wp-content\/uploads\/2022\/03\/arsmote-2022-1-768x1056.jpg 768w, https:\/\/www.faluspelmanslag.se\/wp-content\/uploads\/2022\/03\/arsmote-2022-1-1117x1536.jpg 1117w, https:\/\/www.faluspelmanslag.se\/wp-content\/uploads\/2022\/03\/arsmote-2022-1-1489x2048.jpg 1489w, https:\/\/www.faluspelmanslag.se\/wp-content\/uploads\/2022\/03\/arsmote-2022-1-scaled.jpg 1861w\" sizes=\"auto, (max-width: 218px) 100vw, 218px\" \/><\/a><a href=\"http:\/\/www.faluspelmanslag.se\/wp-content\/uploads\/2022\/03\/arsmote-2022-2-scaled.jpg\"><img loading=\"lazy\" decoding=\"async\" class=\"alignnone size-medium wp-image-3950\" src=\"http:\/\/www.faluspelmanslag.se\/wp-content\/uploads\/2022\/03\/arsmote-2022-2-218x300.jpg\" alt=\"\" width=\"218\" height=\"300\" srcset=\"https:\/\/www.faluspelmanslag.se\/wp-content\/uploads\/2022\/03\/arsmote-2022-2-218x300.jpg 218w, https:\/\/www.faluspelmanslag.se\/wp-content\/uploads\/2022\/03\/arsmote-2022-2-745x1024.jpg 745w, https:\/\/www.faluspelmanslag.se\/wp-content\/uploads\/2022\/03\/arsmote-2022-2-768x1056.jpg 768w, https:\/\/www.faluspelmanslag.se\/wp-content\/uploads\/2022\/03\/arsmote-2022-2-1117x1536.jpg 1117w, https:\/\/www.faluspelmanslag.se\/wp-content\/uploads\/2022\/03\/arsmote-2022-2-1489x2048.jpg 1489w, https:\/\/www.faluspelmanslag.se\/wp-content\/uploads\/2022\/03\/arsmote-2022-2-scaled.jpg 1861w\" sizes=\"auto, (max-width: 218px) 100vw, 218px\" \/><\/a><a href=\"http:\/\/www.faluspelmanslag.se\/wp-content\/uploads\/2022\/03\/arsmote-2022-3-scaled.jpg\"><img loading=\"lazy\" decoding=\"async\" class=\"alignnone size-medium wp-image-3954\" src=\"http:\/\/www.faluspelmanslag.se\/wp-content\/uploads\/2022\/03\/arsmote-2022-3-218x300.jpg\" alt=\"\" width=\"218\" height=\"300\" srcset=\"https:\/\/www.faluspelmanslag.se\/wp-content\/uploads\/2022\/03\/arsmote-2022-3-218x300.jpg 218w, https:\/\/www.faluspelmanslag.se\/wp-content\/uploads\/2022\/03\/arsmote-2022-3-745x1024.jpg 745w, https:\/\/www.faluspelmanslag.se\/wp-content\/uploads\/2022\/03\/arsmote-2022-3-768x1056.jpg 768w, https:\/\/www.faluspelmanslag.se\/wp-content\/uploads\/2022\/03\/arsmote-2022-3-1117x1536.jpg 1117w, https:\/\/www.faluspelmanslag.se\/wp-content\/uploads\/2022\/03\/arsmote-2022-3-1489x2048.jpg 1489w, https:\/\/www.faluspelmanslag.se\/wp-content\/uploads\/2022\/03\/arsmote-2022-3-scaled.jpg 1861w\" sizes=\"auto, (max-width: 218px) 100vw, 218px\" \/><\/a><\/p>\n<h4>\u00c5rsm\u00f6te 2021<\/h4>\n<p><a href=\"http:\/\/faluspelmanslag.se\/wp-content\/uploads\/2021\/06\/2021_a\u030arsmo\u0308tesprotokoll.pdf\" data-wplink-edit=\"true\">Protokoll fr\u00e5n \u00c5rsm\u00f6tet 3 juni 2021<\/a><br \/>\n<a href=\"http:\/\/faluspelmanslag.se\/wp-content\/uploads\/2021\/06\/2021_Verksamhetsbera\u0308ttelse-2020.pdf\">Verksamhetsber\u00e4ttelse fr\u00e5n \u00c5rsm\u00f6tet 3 juni 2021<\/a><br \/>\n<a href=\"http:\/\/faluspelmanslag.se\/wp-content\/uploads\/2021\/06\/2021_Ro\u0308stla\u0308ngd-210603.pdf\">R\u00f6stl\u00e4ngd \u00c5rsm\u00f6tet 3 juni 2021<\/a><\/p>\n<hr \/>\n<h4>\u00c5rsm\u00f6te 2020<\/h4>\n<p><a href=\"http:\/\/www.faluspelmanslag.se\/wp-content\/uploads\/2020\/10\/\u00e5rsm\u00f6te-scaled.jpeg\">Protokoll 1 fr\u00e5n \u00e5rsm\u00f6te 24 sept 2020<\/a><br \/>\n<a href=\"http:\/\/www.faluspelmanslag.se\/wp-content\/uploads\/2020\/10\/\u00e5rsm\u00f6te-2-scaled.jpeg\">Protokoll 2 fr\u00e5n \u00e5rsm\u00f6te 24 sept 2020<\/a><br \/>\n<a href=\"http:\/\/www.faluspelmanslag.se\/wp-content\/uploads\/2020\/10\/n\u00e4rvaro-scaled.jpeg\">N\u00e4rvarolista fr\u00e5n \u00e5rsm\u00f6te 24 sept 2020<\/a><\/p>\n<hr \/>\n<h4>\u00c5rsm\u00f6te 2019<\/h4>\n<p><a href=\"http:\/\/www.faluspelmanslag.se\/wp-content\/uploads\/2019\/11\/\u00e5rsm\u00f6tesprotokoll-fsl-2019.pdf\" target=\"_blank\" rel=\"noopener noreferrer\">Protokoll 1 \u00e5rsm\u00f6te 7 mars 2019 <\/a><br \/>\n<a href=\"http:\/\/www.faluspelmanslag.se\/wp-content\/uploads\/2019\/11\/\u00e5rsm\u00f6tesprotokoll-fsl-2019-2.pdf\" target=\"_blank\" rel=\"noopener noreferrer\">Protokoll 2 \u00e5rsm\u00f6te 7 mars 2019<\/a><\/p>\n<hr \/>\n<h4>\u00c5rsm\u00f6te 2018<\/h4>\n<p>Protokoll<\/p>\n<p><a href=\"http:\/\/www.faluspelmanslag.se\/wp-content\/uploads\/2018\/05\/\u00e5rsm\u00f6te-1.jpeg\"><img loading=\"lazy\" decoding=\"async\" class=\"alignnone size-medium wp-image-2328\" src=\"http:\/\/www.faluspelmanslag.se\/wp-content\/uploads\/2018\/05\/\u00e5rsm\u00f6te-1-218x300.jpeg\" alt=\"\" width=\"218\" height=\"300\" srcset=\"https:\/\/www.faluspelmanslag.se\/wp-content\/uploads\/2018\/05\/\u00e5rsm\u00f6te-1-218x300.jpeg 218w, https:\/\/www.faluspelmanslag.se\/wp-content\/uploads\/2018\/05\/\u00e5rsm\u00f6te-1-768x1056.jpeg 768w, https:\/\/www.faluspelmanslag.se\/wp-content\/uploads\/2018\/05\/\u00e5rsm\u00f6te-1-745x1024.jpeg 745w\" sizes=\"auto, (max-width: 218px) 100vw, 218px\" \/><\/a> <a href=\"http:\/\/www.faluspelmanslag.se\/wp-content\/uploads\/2018\/05\/\u00e5rsm\u00f6te-2.jpeg\"><img loading=\"lazy\" decoding=\"async\" class=\"alignnone size-medium wp-image-2329\" src=\"http:\/\/www.faluspelmanslag.se\/wp-content\/uploads\/2018\/05\/\u00e5rsm\u00f6te-2-218x300.jpeg\" alt=\"\" width=\"218\" height=\"300\" srcset=\"https:\/\/www.faluspelmanslag.se\/wp-content\/uploads\/2018\/05\/\u00e5rsm\u00f6te-2-218x300.jpeg 218w, https:\/\/www.faluspelmanslag.se\/wp-content\/uploads\/2018\/05\/\u00e5rsm\u00f6te-2-768x1056.jpeg 768w, https:\/\/www.faluspelmanslag.se\/wp-content\/uploads\/2018\/05\/\u00e5rsm\u00f6te-2-745x1024.jpeg 745w\" sizes=\"auto, (max-width: 218px) 100vw, 218px\" \/><\/a> <a href=\"http:\/\/www.faluspelmanslag.se\/wp-content\/uploads\/2018\/05\/\u00e5rsm\u00f6te-3.jpeg\"><img loading=\"lazy\" decoding=\"async\" class=\"alignnone size-medium wp-image-2330\" src=\"http:\/\/www.faluspelmanslag.se\/wp-content\/uploads\/2018\/05\/\u00e5rsm\u00f6te-3-218x300.jpeg\" alt=\"\" width=\"218\" height=\"300\" srcset=\"https:\/\/www.faluspelmanslag.se\/wp-content\/uploads\/2018\/05\/\u00e5rsm\u00f6te-3-218x300.jpeg 218w, https:\/\/www.faluspelmanslag.se\/wp-content\/uploads\/2018\/05\/\u00e5rsm\u00f6te-3-768x1056.jpeg 768w, https:\/\/www.faluspelmanslag.se\/wp-content\/uploads\/2018\/05\/\u00e5rsm\u00f6te-3-745x1024.jpeg 745w\" sizes=\"auto, (max-width: 218px) 100vw, 218px\" \/><\/a><\/p>\n<hr \/>\n<h4>\u00c5rsm\u00f6te 2017<\/h4>\n<p><a href=\"http:\/\/www.faluspelmanslag.se\/wp-content\/uploads\/2015\/01\/protokoll-\u00e5rsm\u00f6te-9-mars-2017.pdf\">Protokoll \u00e5rsm\u00f6te 9 mars 2017\u00a0\u00a0<\/a><\/p>\n<p>.<\/p>\n","protected":false},"excerpt":{"rendered":"<p>H\u00e4r kommer m\u00f6tesprotokoll mm.. att ligga Stadgar Reviderade stadgar \u00c5rsm\u00f6te 2022 Protokoll fr\u00e5n \u00e5rsm\u00f6te 10 mars 2022 \u00c5rsm\u00f6te 2021 Protokoll fr\u00e5n \u00c5rsm\u00f6tet 3 juni 2021 Verksamhetsber\u00e4ttelse fr\u00e5n \u00c5rsm\u00f6tet 3 juni &hellip; <a href=\"https:\/\/www.faluspelmanslag.se\/?page_id=2393\" class=\"more-link\">Forts\u00e4tt l\u00e4sa <span class=\"screen-reader-text\">Protokoll<\/span> <span class=\"meta-nav\">&rarr;<\/span><\/a><\/p>\n","protected":false},"author":90,"featured_media":0,"parent":843,"menu_order":1,"comment_status":"closed","ping_status":"closed","template":"","meta":{"_crdt_document":"","_uag_custom_page_level_css":"","ngg_post_thumbnail":0,"footnotes":""},"class_list":["post-2393","page","type-page","status-publish","hentry"],"uagb_featured_image_src":{"full":false,"thumbnail":false,"medium":false,"medium_large":false,"large":false,"1536x1536":false,"2048x2048":false,"post-thumbnail":false},"uagb_author_info":{"display_name":"Hans Olander","author_link":"https:\/\/www.faluspelmanslag.se\/?author=90"},"uagb_comment_info":0,"uagb_excerpt":"H\u00e4r kommer m\u00f6tesprotokoll mm.. att ligga Stadgar Reviderade stadgar \u00c5rsm\u00f6te 2022 Protokoll fr\u00e5n \u00e5rsm\u00f6te 10 mars 2022 \u00c5rsm\u00f6te 2021 Protokoll fr\u00e5n \u00c5rsm\u00f6tet 3 juni 2021 Verksamhetsber\u00e4ttelse fr\u00e5n \u00c5rsm\u00f6tet 3 juni &hellip; Forts\u00e4tt l\u00e4sa Protokoll &rarr;","_links":{"self":[{"href":"https:\/\/www.faluspelmanslag.se\/index.php?rest_route=\/wp\/v2\/pages\/2393","targetHints":{"allow":["GET"]}}],"collection":[{"href":"https:\/\/www.faluspelmanslag.se\/index.php?rest_route=\/wp\/v2\/pages"}],"about":[{"href":"https:\/\/www.faluspelmanslag.se\/index.php?rest_route=\/wp\/v2\/types\/page"}],"author":[{"embeddable":true,"href":"https:\/\/www.faluspelmanslag.se\/index.php?rest_route=\/wp\/v2\/users\/90"}],"replies":[{"embeddable":true,"href":"https:\/\/www.faluspelmanslag.se\/index.php?rest_route=%2Fwp%2Fv2%2Fcomments&post=2393"}],"version-history":[{"count":15,"href":"https:\/\/www.faluspelmanslag.se\/index.php?rest_route=\/wp\/v2\/pages\/2393\/revisions"}],"predecessor-version":[{"id":3961,"href":"https:\/\/www.faluspelmanslag.se\/index.php?rest_route=\/wp\/v2\/pages\/2393\/revisions\/3961"}],"up":[{"embeddable":true,"href":"https:\/\/www.faluspelmanslag.se\/index.php?rest_route=\/wp\/v2\/pages\/843"}],"wp:attachment":[{"href":"https:\/\/www.faluspelmanslag.se\/index.php?rest_route=%2Fwp%2Fv2%2Fmedia&parent=2393"}],"curies":[{"name":"wp","href":"https:\/\/api.w.org\/{rel}","templated":true}]}}