{"id":2441,"date":"2018-08-13T14:50:13","date_gmt":"2018-08-13T12:50:13","guid":{"rendered":"http:\/\/www.faluspelmanslag.se\/?page_id=2441"},"modified":"2024-10-08T13:41:57","modified_gmt":"2024-10-08T11:41:57","slug":"dalabarock","status":"publish","type":"page","link":"https:\/\/www.faluspelmanslag.se\/?page_id=2441","title":{"rendered":"L\u00e5tar e Klockare Hedin"},"content":{"rendered":"<p>Noter och Ljudfiler f\u00f6r konsert i DalaBarock<\/p>\n<p>Konsert till Klockare Hedins 200-\u00e5rsdag Gustafs kyrka 2018-09-16<\/p>\n<audio class=\"wp-audio-shortcode\" id=\"audio-2441-1\" preload=\"none\" style=\"width: 100%;\" controls=\"controls\"><source type=\"audio\/mpeg\" src=\"http:\/\/www.faluspelmanslag.se\/wp-content\/uploads\/2018\/09\/Hedin200Gustafs.mp3?_=1\" \/><a href=\"http:\/\/www.faluspelmanslag.se\/wp-content\/uploads\/2018\/09\/Hedin200Gustafs.mp3\">http:\/\/www.faluspelmanslag.se\/wp-content\/uploads\/2018\/09\/Hedin200Gustafs.mp3<\/a><\/audio>\n<p>334. Polska<\/p>\n<audio class=\"wp-audio-shortcode\" id=\"audio-2441-2\" preload=\"none\" style=\"width: 100%;\" controls=\"controls\"><source type=\"audio\/mpeg\" src=\"http:\/\/www.faluspelmanslag.se\/wp-content\/uploads\/2018\/08\/334-Polon\u00e4s.m4a?_=2\" \/><a href=\"http:\/\/www.faluspelmanslag.se\/wp-content\/uploads\/2018\/08\/334-Polon\u00e4s.m4a\">http:\/\/www.faluspelmanslag.se\/wp-content\/uploads\/2018\/08\/334-Polon\u00e4s.m4a<\/a><\/audio>\n<p><a href=\"http:\/\/www.faluspelmanslag.se\/wp-content\/uploads\/2018\/08\/334-Polon\u00e4s-polska-e-Hedin.jpg\"><img loading=\"lazy\" decoding=\"async\" class=\"alignnone size-medium wp-image-2440\" src=\"http:\/\/www.faluspelmanslag.se\/wp-content\/uploads\/2018\/08\/334-Polon\u00e4s-polska-e-Hedin-300x225.jpg\" alt=\"\" width=\"300\" height=\"225\" srcset=\"https:\/\/www.faluspelmanslag.se\/wp-content\/uploads\/2018\/08\/334-Polon\u00e4s-polska-e-Hedin-300x225.jpg 300w, https:\/\/www.faluspelmanslag.se\/wp-content\/uploads\/2018\/08\/334-Polon\u00e4s-polska-e-Hedin-768x576.jpg 768w, https:\/\/www.faluspelmanslag.se\/wp-content\/uploads\/2018\/08\/334-Polon\u00e4s-polska-e-Hedin-1024x768.jpg 1024w, https:\/\/www.faluspelmanslag.se\/wp-content\/uploads\/2018\/08\/334-Polon\u00e4s-polska-e-Hedin.jpg 1632w\" sizes=\"auto, (max-width: 300px) 100vw, 300px\" \/><\/a><\/p>\n<p>&nbsp;<\/p>\n<hr \/>\n<p>&nbsp;<\/p>\n<p>332. Fanfaren<\/p>\n<audio class=\"wp-audio-shortcode\" id=\"audio-2441-3\" preload=\"none\" style=\"width: 100%;\" controls=\"controls\"><source type=\"audio\/mpeg\" src=\"http:\/\/www.faluspelmanslag.se\/wp-content\/uploads\/2018\/08\/332-Fanfaren.m4a?_=3\" \/><a href=\"http:\/\/www.faluspelmanslag.se\/wp-content\/uploads\/2018\/08\/332-Fanfaren.m4a\">http:\/\/www.faluspelmanslag.se\/wp-content\/uploads\/2018\/08\/332-Fanfaren.m4a<\/a><\/audio>\n<p><a href=\"http:\/\/www.faluspelmanslag.se\/wp-content\/uploads\/2018\/08\/332-Fanfaren-polska-e-Hedin.jpg\"><img loading=\"lazy\" decoding=\"async\" class=\"alignnone size-medium wp-image-2438\" src=\"http:\/\/www.faluspelmanslag.se\/wp-content\/uploads\/2018\/08\/332-Fanfaren-polska-e-Hedin-300x225.jpg\" alt=\"\" width=\"300\" height=\"225\" srcset=\"https:\/\/www.faluspelmanslag.se\/wp-content\/uploads\/2018\/08\/332-Fanfaren-polska-e-Hedin-300x225.jpg 300w, https:\/\/www.faluspelmanslag.se\/wp-content\/uploads\/2018\/08\/332-Fanfaren-polska-e-Hedin-768x576.jpg 768w, https:\/\/www.faluspelmanslag.se\/wp-content\/uploads\/2018\/08\/332-Fanfaren-polska-e-Hedin-1024x768.jpg 1024w, https:\/\/www.faluspelmanslag.se\/wp-content\/uploads\/2018\/08\/332-Fanfaren-polska-e-Hedin.jpg 1632w\" sizes=\"auto, (max-width: 300px) 100vw, 300px\" \/><\/a><\/p>\n<p>&nbsp;<\/p>\n<hr \/>\n<p>Marchen, Ingels Jans G\u00e5ngl\u00e5t<\/p>\n<p>&nbsp;<\/p>\n<audio class=\"wp-audio-shortcode\" id=\"audio-2441-4\" preload=\"none\" style=\"width: 100%;\" controls=\"controls\"><source type=\"audio\/mpeg\" src=\"http:\/\/www.faluspelmanslag.se\/wp-content\/uploads\/2018\/08\/Ingels-Jans-g\u00e5ngl\u00e5t19.m4a?_=4\" \/><a href=\"http:\/\/www.faluspelmanslag.se\/wp-content\/uploads\/2018\/08\/Ingels-Jans-g\u00e5ngl\u00e5t19.m4a\">http:\/\/www.faluspelmanslag.se\/wp-content\/uploads\/2018\/08\/Ingels-Jans-g\u00e5ngl\u00e5t19.m4a<\/a><\/audio>\n<p><a href=\"http:\/\/www.faluspelmanslag.se\/wp-content\/uploads\/2018\/08\/Ingels-jans-g\u00e5ngl\u00e5t.jpg\"><img loading=\"lazy\" decoding=\"async\" class=\"alignnone size-medium wp-image-2436\" src=\"http:\/\/www.faluspelmanslag.se\/wp-content\/uploads\/2018\/08\/Ingels-jans-g\u00e5ngl\u00e5t-300x225.jpg\" alt=\"\" width=\"300\" height=\"225\" srcset=\"https:\/\/www.faluspelmanslag.se\/wp-content\/uploads\/2018\/08\/Ingels-jans-g\u00e5ngl\u00e5t-300x225.jpg 300w, https:\/\/www.faluspelmanslag.se\/wp-content\/uploads\/2018\/08\/Ingels-jans-g\u00e5ngl\u00e5t-768x576.jpg 768w, https:\/\/www.faluspelmanslag.se\/wp-content\/uploads\/2018\/08\/Ingels-jans-g\u00e5ngl\u00e5t-1024x768.jpg 1024w, https:\/\/www.faluspelmanslag.se\/wp-content\/uploads\/2018\/08\/Ingels-jans-g\u00e5ngl\u00e5t.jpg 1632w\" sizes=\"auto, (max-width: 300px) 100vw, 300px\" \/><\/a><\/p>\n<hr \/>\n<p>369 Polska<\/p>\n<audio class=\"wp-audio-shortcode\" id=\"audio-2441-5\" preload=\"none\" style=\"width: 100%;\" controls=\"controls\"><source type=\"audio\/mpeg\" src=\"http:\/\/www.faluspelmanslag.se\/wp-content\/uploads\/2018\/08\/369-Polska-Hedin.m4a?_=5\" \/><a href=\"http:\/\/www.faluspelmanslag.se\/wp-content\/uploads\/2018\/08\/369-Polska-Hedin.m4a\">http:\/\/www.faluspelmanslag.se\/wp-content\/uploads\/2018\/08\/369-Polska-Hedin.m4a<\/a><\/audio>\n<p><a href=\"http:\/\/www.faluspelmanslag.se\/wp-content\/uploads\/2018\/08\/369-polska-e-Hedin.jpg\"><img loading=\"lazy\" decoding=\"async\" class=\"alignnone wp-image-2434 size-medium\" src=\"http:\/\/www.faluspelmanslag.se\/wp-content\/uploads\/2018\/08\/369-polska-e-Hedin-e1534177114765-300x225.jpg\" alt=\"\" width=\"300\" height=\"225\" srcset=\"https:\/\/www.faluspelmanslag.se\/wp-content\/uploads\/2018\/08\/369-polska-e-Hedin-e1534177114765-300x225.jpg 300w, https:\/\/www.faluspelmanslag.se\/wp-content\/uploads\/2018\/08\/369-polska-e-Hedin-e1534177114765-768x576.jpg 768w, https:\/\/www.faluspelmanslag.se\/wp-content\/uploads\/2018\/08\/369-polska-e-Hedin-e1534177114765-1024x768.jpg 1024w, https:\/\/www.faluspelmanslag.se\/wp-content\/uploads\/2018\/08\/369-polska-e-Hedin-e1534177114765.jpg 1632w\" sizes=\"auto, (max-width: 300px) 100vw, 300px\" \/><\/a><\/p>\n<p>&nbsp;<\/p>\n<p>&nbsp;<\/p>\n","protected":false},"excerpt":{"rendered":"<p>Noter och Ljudfiler f\u00f6r konsert i DalaBarock Konsert till Klockare Hedins 200-\u00e5rsdag Gustafs kyrka 2018-09-16 334. Polska &nbsp; &nbsp; 332. Fanfaren &nbsp; Marchen, Ingels Jans G\u00e5ngl\u00e5t &nbsp; 369 Polska &nbsp; &hellip; <a href=\"https:\/\/www.faluspelmanslag.se\/?page_id=2441\" class=\"more-link\">Forts\u00e4tt l\u00e4sa <span class=\"screen-reader-text\">L\u00e5tar e Klockare Hedin<\/span> <span class=\"meta-nav\">&rarr;<\/span><\/a><\/p>\n","protected":false},"author":90,"featured_media":0,"parent":4888,"menu_order":0,"comment_status":"closed","ping_status":"closed","template":"","meta":{"_crdt_document":"","_uag_custom_page_level_css":"","ngg_post_thumbnail":0,"footnotes":""},"class_list":["post-2441","page","type-page","status-publish","hentry"],"uagb_featured_image_src":{"full":false,"thumbnail":false,"medium":false,"medium_large":false,"large":false,"1536x1536":false,"2048x2048":false,"post-thumbnail":false},"uagb_author_info":{"display_name":"Hans Olander","author_link":"https:\/\/www.faluspelmanslag.se\/?author=90"},"uagb_comment_info":0,"uagb_excerpt":"Noter och Ljudfiler f\u00f6r konsert i DalaBarock Konsert till Klockare Hedins 200-\u00e5rsdag Gustafs kyrka 2018-09-16 334. Polska &nbsp; &nbsp; 332. Fanfaren &nbsp; Marchen, Ingels Jans G\u00e5ngl\u00e5t &nbsp; 369 Polska &nbsp; &hellip; Forts\u00e4tt l\u00e4sa L\u00e5tar e Klockare Hedin &rarr;","_links":{"self":[{"href":"https:\/\/www.faluspelmanslag.se\/index.php?rest_route=\/wp\/v2\/pages\/2441","targetHints":{"allow":["GET"]}}],"collection":[{"href":"https:\/\/www.faluspelmanslag.se\/index.php?rest_route=\/wp\/v2\/pages"}],"about":[{"href":"https:\/\/www.faluspelmanslag.se\/index.php?rest_route=\/wp\/v2\/types\/page"}],"author":[{"embeddable":true,"href":"https:\/\/www.faluspelmanslag.se\/index.php?rest_route=\/wp\/v2\/users\/90"}],"replies":[{"embeddable":true,"href":"https:\/\/www.faluspelmanslag.se\/index.php?rest_route=%2Fwp%2Fv2%2Fcomments&post=2441"}],"version-history":[{"count":5,"href":"https:\/\/www.faluspelmanslag.se\/index.php?rest_route=\/wp\/v2\/pages\/2441\/revisions"}],"predecessor-version":[{"id":2542,"href":"https:\/\/www.faluspelmanslag.se\/index.php?rest_route=\/wp\/v2\/pages\/2441\/revisions\/2542"}],"up":[{"embeddable":true,"href":"https:\/\/www.faluspelmanslag.se\/index.php?rest_route=\/wp\/v2\/pages\/4888"}],"wp:attachment":[{"href":"https:\/\/www.faluspelmanslag.se\/index.php?rest_route=%2Fwp%2Fv2%2Fmedia&parent=2441"}],"curies":[{"name":"wp","href":"https:\/\/api.w.org\/{rel}","templated":true}]}}