{"id":2559,"date":"2018-10-25T14:32:14","date_gmt":"2018-10-25T12:32:14","guid":{"rendered":"http:\/\/www.faluspelmanslag.se\/?page_id=2559"},"modified":"2025-10-01T13:16:21","modified_gmt":"2025-10-01T11:16:21","slug":"lars-hokpers-samt-lars-moberg-kurslatar","status":"publish","type":"page","link":"https:\/\/www.faluspelmanslag.se\/?page_id=2559","title":{"rendered":"Lars H\u00f6kpers samt Lars Moberg Kursl\u00e5tar"},"content":{"rendered":"<p><strong>Kursl\u00e5tar fr\u00e5n Kurser med Lars H\u00f6kpers samt Lars Moberg<\/strong><\/p>\n<p>&nbsp;<\/p>\n<p>Sjuttisen av Lars H\u00f6kpers utl\u00e4rd 20181011<\/p>\n<audio class=\"wp-audio-shortcode\" id=\"audio-2559-1\" preload=\"none\" style=\"width: 100%;\" controls=\"controls\"><source type=\"audio\/mpeg\" src=\"http:\/\/www.faluspelmanslag.se\/wp-content\/uploads\/2018\/10\/Sjuttisen.mp3?_=1\" \/><a href=\"http:\/\/www.faluspelmanslag.se\/wp-content\/uploads\/2018\/10\/Sjuttisen.mp3\">http:\/\/www.faluspelmanslag.se\/wp-content\/uploads\/2018\/10\/Sjuttisen.mp3<\/a><\/audio>\n<hr>\n<p>Kalle A:s polska av Lars H\u00f6kpers utl\u00e4rd 20181011<\/p>\n<audio class=\"wp-audio-shortcode\" id=\"audio-2559-2\" preload=\"none\" style=\"width: 100%;\" controls=\"controls\"><source type=\"audio\/mpeg\" src=\"http:\/\/www.faluspelmanslag.se\/wp-content\/uploads\/2018\/10\/Kalle-A-Polska.mp3?_=2\" \/><a href=\"http:\/\/www.faluspelmanslag.se\/wp-content\/uploads\/2018\/10\/Kalle-A-Polska.mp3\">http:\/\/www.faluspelmanslag.se\/wp-content\/uploads\/2018\/10\/Kalle-A-Polska.mp3<\/a><\/audio>\n<hr>\n<p>Svens Schottis av Lars H\u00f6kpers &nbsp;utl\u00e4rd 20181011<\/p>\n<audio class=\"wp-audio-shortcode\" id=\"audio-2559-3\" preload=\"none\" style=\"width: 100%;\" controls=\"controls\"><source type=\"audio\/mpeg\" src=\"http:\/\/www.faluspelmanslag.se\/wp-content\/uploads\/2018\/10\/Svantes-Schottis.mp3?_=3\" \/><a href=\"http:\/\/www.faluspelmanslag.se\/wp-content\/uploads\/2018\/10\/Svantes-Schottis.mp3\">http:\/\/www.faluspelmanslag.se\/wp-content\/uploads\/2018\/10\/Svantes-Schottis.mp3<\/a><\/audio>\n<hr>\n<p>In the Attic av Lars H\u00f6kpers utl\u00e4rd, 20160116<\/p>\n<audio class=\"wp-audio-shortcode\" id=\"audio-2559-4\" preload=\"none\" style=\"width: 100%;\" controls=\"controls\"><source type=\"audio\/mpeg\" src=\"http:\/\/www.faluspelmanslag.se\/wp-content\/uploads\/2013\/09\/LH_In-the-attic.mp3?_=4\" \/><a href=\"http:\/\/www.faluspelmanslag.se\/wp-content\/uploads\/2013\/09\/LH_In-the-attic.mp3\">http:\/\/www.faluspelmanslag.se\/wp-content\/uploads\/2013\/09\/LH_In-the-attic.mp3<\/a><\/audio>\n<hr>\n<p>Lisselh\u00e4rbresvalsen av Lars H\u00f6kpers, utl\u00e4rd 2016016<\/p>\n<audio class=\"wp-audio-shortcode\" id=\"audio-2559-5\" preload=\"none\" style=\"width: 100%;\" controls=\"controls\"><source type=\"audio\/mpeg\" src=\"http:\/\/www.faluspelmanslag.se\/wp-content\/uploads\/2013\/09\/LH-Lisselh\u00e4rbresvalsen.mp3?_=5\" \/><a href=\"http:\/\/www.faluspelmanslag.se\/wp-content\/uploads\/2013\/09\/LH-Lisselh\u00e4rbresvalsen.mp3\">http:\/\/www.faluspelmanslag.se\/wp-content\/uploads\/2013\/09\/LH-Lisselh\u00e4rbresvalsen.mp3<\/a><\/audio>\n<p>St\u00e4mma till Lisselh\u00e4rbresvalsen<\/p>\n<audio class=\"wp-audio-shortcode\" id=\"audio-2559-6\" preload=\"none\" style=\"width: 100%;\" controls=\"controls\"><source type=\"audio\/mpeg\" src=\"http:\/\/www.faluspelmanslag.se\/wp-content\/uploads\/2013\/09\/LMO-st\u00e4ama-Lisselh\u00e4rbresvalsen.mp3?_=6\" \/><a href=\"http:\/\/www.faluspelmanslag.se\/wp-content\/uploads\/2013\/09\/LMO-st\u00e4ama-Lisselh\u00e4rbresvalsen.mp3\">http:\/\/www.faluspelmanslag.se\/wp-content\/uploads\/2013\/09\/LMO-st\u00e4ama-Lisselh\u00e4rbresvalsen.mp3<\/a><\/audio>\n<hr>\n<p>Ullas polska av Lars H\u00f6kpers, utl\u00e4rd 20160116<\/p>\n<audio class=\"wp-audio-shortcode\" id=\"audio-2559-7\" preload=\"none\" style=\"width: 100%;\" controls=\"controls\"><source type=\"audio\/mpeg\" src=\"http:\/\/www.faluspelmanslag.se\/wp-content\/uploads\/2013\/09\/LH_Ullas-polska.mp3?_=7\" \/><a href=\"http:\/\/www.faluspelmanslag.se\/wp-content\/uploads\/2013\/09\/LH_Ullas-polska.mp3\">http:\/\/www.faluspelmanslag.se\/wp-content\/uploads\/2013\/09\/LH_Ullas-polska.mp3<\/a><\/audio>\n<hr>\n<p>Polska efter Erkg\u00e4rds Mats Ersson, utl\u00e4rd av Lars Moberg 20160116<\/p>\n<audio class=\"wp-audio-shortcode\" id=\"audio-2559-8\" preload=\"none\" style=\"width: 100%;\" controls=\"controls\"><source type=\"audio\/mpeg\" src=\"http:\/\/www.faluspelmanslag.se\/wp-content\/uploads\/2013\/09\/LMO-Olers-Olof-Olsson.mp3?_=8\" \/><a href=\"http:\/\/www.faluspelmanslag.se\/wp-content\/uploads\/2013\/09\/LMO-Olers-Olof-Olsson.mp3\">http:\/\/www.faluspelmanslag.se\/wp-content\/uploads\/2013\/09\/LMO-Olers-Olof-Olsson.mp3<\/a><\/audio>\n<hr>\n<p>Polska efter Olers Olof Olsson, Lima, utl\u00e4rd av Lars Moberg 2016016<\/p>\n<audio class=\"wp-audio-shortcode\" id=\"audio-2559-9\" preload=\"none\" style=\"width: 100%;\" controls=\"controls\"><source type=\"audio\/mpeg\" src=\"http:\/\/www.faluspelmanslag.se\/wp-content\/uploads\/2013\/09\/LMO-Eerkg\u00e4rds-Mats-Ersson.mp3?_=9\" \/><a href=\"http:\/\/www.faluspelmanslag.se\/wp-content\/uploads\/2013\/09\/LMO-Eerkg\u00e4rds-Mats-Ersson.mp3\">http:\/\/www.faluspelmanslag.se\/wp-content\/uploads\/2013\/09\/LMO-Eerkg\u00e4rds-Mats-Ersson.mp3<\/a><\/audio>\n<hr>\n<p><a href=\"http:\/\/www.faluspelmanslag.se\/wp-content\/uploads\/2013\/09\/Erkg\u00e4rds-Mats-noter.jpg\"><img loading=\"lazy\" decoding=\"async\" class=\"alignnone size-medium wp-image-1234\" src=\"http:\/\/www.faluspelmanslag.se\/wp-content\/uploads\/2013\/09\/Erkg\u00e4rds-Mats-noter-300x162.jpg\" alt=\"Erkg\u00e4rds Mats noter\" width=\"300\" height=\"162\" srcset=\"https:\/\/www.faluspelmanslag.se\/wp-content\/uploads\/2013\/09\/Erkg\u00e4rds-Mats-noter-300x162.jpg 300w, https:\/\/www.faluspelmanslag.se\/wp-content\/uploads\/2013\/09\/Erkg\u00e4rds-Mats-noter-1024x554.jpg 1024w\" sizes=\"auto, (max-width: 300px) 100vw, 300px\" \/><\/a><\/p>\n","protected":false},"excerpt":{"rendered":"<p>Kursl\u00e5tar fr\u00e5n Kurser med Lars H\u00f6kpers samt Lars Moberg &nbsp; Sjuttisen av Lars H\u00f6kpers utl\u00e4rd 20181011 Kalle A:s polska av Lars H\u00f6kpers utl\u00e4rd 20181011 Svens Schottis av Lars H\u00f6kpers &nbsp;utl\u00e4rd &hellip; <a href=\"https:\/\/www.faluspelmanslag.se\/?page_id=2559\" class=\"more-link\">Forts\u00e4tt l\u00e4sa <span class=\"screen-reader-text\">Lars H\u00f6kpers samt Lars Moberg Kursl\u00e5tar<\/span> <span class=\"meta-nav\">&rarr;<\/span><\/a><\/p>\n","protected":false},"author":90,"featured_media":0,"parent":4888,"menu_order":5,"comment_status":"closed","ping_status":"closed","template":"","meta":{"_crdt_document":"","_uag_custom_page_level_css":"","ngg_post_thumbnail":0,"footnotes":""},"class_list":["post-2559","page","type-page","status-publish","hentry"],"uagb_featured_image_src":{"full":false,"thumbnail":false,"medium":false,"medium_large":false,"large":false,"1536x1536":false,"2048x2048":false,"post-thumbnail":false},"uagb_author_info":{"display_name":"Hans Olander","author_link":"https:\/\/www.faluspelmanslag.se\/?author=90"},"uagb_comment_info":0,"uagb_excerpt":"Kursl\u00e5tar fr\u00e5n Kurser med Lars H\u00f6kpers samt Lars Moberg &nbsp; Sjuttisen av Lars H\u00f6kpers utl\u00e4rd 20181011 Kalle A:s polska av Lars H\u00f6kpers utl\u00e4rd 20181011 Svens Schottis av Lars H\u00f6kpers &nbsp;utl\u00e4rd &hellip; Forts\u00e4tt l\u00e4sa Lars H\u00f6kpers samt Lars Moberg Kursl\u00e5tar &rarr;","_links":{"self":[{"href":"https:\/\/www.faluspelmanslag.se\/index.php?rest_route=\/wp\/v2\/pages\/2559","targetHints":{"allow":["GET"]}}],"collection":[{"href":"https:\/\/www.faluspelmanslag.se\/index.php?rest_route=\/wp\/v2\/pages"}],"about":[{"href":"https:\/\/www.faluspelmanslag.se\/index.php?rest_route=\/wp\/v2\/types\/page"}],"author":[{"embeddable":true,"href":"https:\/\/www.faluspelmanslag.se\/index.php?rest_route=\/wp\/v2\/users\/90"}],"replies":[{"embeddable":true,"href":"https:\/\/www.faluspelmanslag.se\/index.php?rest_route=%2Fwp%2Fv2%2Fcomments&post=2559"}],"version-history":[{"count":8,"href":"https:\/\/www.faluspelmanslag.se\/index.php?rest_route=\/wp\/v2\/pages\/2559\/revisions"}],"predecessor-version":[{"id":6258,"href":"https:\/\/www.faluspelmanslag.se\/index.php?rest_route=\/wp\/v2\/pages\/2559\/revisions\/6258"}],"up":[{"embeddable":true,"href":"https:\/\/www.faluspelmanslag.se\/index.php?rest_route=\/wp\/v2\/pages\/4888"}],"wp:attachment":[{"href":"https:\/\/www.faluspelmanslag.se\/index.php?rest_route=%2Fwp%2Fv2%2Fmedia&parent=2559"}],"curies":[{"name":"wp","href":"https:\/\/api.w.org\/{rel}","templated":true}]}}