{"id":2700,"date":"2019-02-03T21:57:42","date_gmt":"2019-02-03T19:57:42","guid":{"rendered":"http:\/\/www.faluspelmanslag.se\/?page_id=2700"},"modified":"2019-02-03T22:40:30","modified_gmt":"2019-02-03T20:40:30","slug":"fsl-finnabacka-99-cd2","status":"publish","type":"page","link":"https:\/\/www.faluspelmanslag.se\/?page_id=2700","title":{"rendered":"FSL Finnbacka -99 CD2"},"content":{"rendered":"<p>Del 2 av danskv\u00e4llen i Finnbacka 1999<\/p>\n<p>Druchenkarl leken<br \/>\n<audio class=\"wp-audio-shortcode\" id=\"audio-2700-1\" preload=\"none\" style=\"width: 100%;\" controls=\"controls\"><source type=\"audio\/mpeg\" src=\"http:\/\/www.faluspelmanslag.se\/wp-content\/uploads\/2019\/02\/01-Druchekarl-leken.mp3?_=1\" \/><a href=\"http:\/\/www.faluspelmanslag.se\/wp-content\/uploads\/2019\/02\/01-Druchekarl-leken.mp3\">http:\/\/www.faluspelmanslag.se\/wp-content\/uploads\/2019\/02\/01-Druchekarl-leken.mp3<\/a><\/audio><\/p>\n<p>Mazurka fr\u00e5n Malung<br \/>\n<audio class=\"wp-audio-shortcode\" id=\"audio-2700-2\" preload=\"none\" style=\"width: 100%;\" controls=\"controls\"><source type=\"audio\/mpeg\" src=\"http:\/\/www.faluspelmanslag.se\/wp-content\/uploads\/2019\/02\/02-Mazurka-fr\u00e5n-Malung-.mp3?_=2\" \/><a href=\"http:\/\/www.faluspelmanslag.se\/wp-content\/uploads\/2019\/02\/02-Mazurka-fr\u00e5n-Malung-.mp3\">http:\/\/www.faluspelmanslag.se\/wp-content\/uploads\/2019\/02\/02-Mazurka-fr\u00e5n-Malung-.mp3<\/a><\/audio><\/p>\n<p>Mellansnack<br \/>\n<audio class=\"wp-audio-shortcode\" id=\"audio-2700-3\" preload=\"none\" style=\"width: 100%;\" controls=\"controls\"><source type=\"audio\/mpeg\" src=\"http:\/\/www.faluspelmanslag.se\/wp-content\/uploads\/2019\/02\/03-Mellansnack-1.mp3?_=3\" \/><a href=\"http:\/\/www.faluspelmanslag.se\/wp-content\/uploads\/2019\/02\/03-Mellansnack-1.mp3\">http:\/\/www.faluspelmanslag.se\/wp-content\/uploads\/2019\/02\/03-Mellansnack-1.mp3<\/a><\/audio><\/p>\n<p>Polska fr\u00e5n Transtrand<br \/>\n<audio class=\"wp-audio-shortcode\" id=\"audio-2700-4\" preload=\"none\" style=\"width: 100%;\" controls=\"controls\"><source type=\"audio\/mpeg\" src=\"http:\/\/www.faluspelmanslag.se\/wp-content\/uploads\/2019\/02\/04-Malungs-polska.mp3?_=4\" \/><a href=\"http:\/\/www.faluspelmanslag.se\/wp-content\/uploads\/2019\/02\/04-Malungs-polska.mp3\">http:\/\/www.faluspelmanslag.se\/wp-content\/uploads\/2019\/02\/04-Malungs-polska.mp3<\/a><\/audio><\/p>\n<p>Lima Hurven<br \/>\n<audio class=\"wp-audio-shortcode\" id=\"audio-2700-5\" preload=\"none\" style=\"width: 100%;\" controls=\"controls\"><source type=\"audio\/mpeg\" src=\"http:\/\/www.faluspelmanslag.se\/wp-content\/uploads\/2019\/02\/05-Limahurven.mp3?_=5\" \/><a href=\"http:\/\/www.faluspelmanslag.se\/wp-content\/uploads\/2019\/02\/05-Limahurven.mp3\">http:\/\/www.faluspelmanslag.se\/wp-content\/uploads\/2019\/02\/05-Limahurven.mp3<\/a><\/audio><\/p>\n<p>Hultkl\u00e4ppens Vals<br \/>\n<audio class=\"wp-audio-shortcode\" id=\"audio-2700-6\" preload=\"none\" style=\"width: 100%;\" controls=\"controls\"><source type=\"audio\/mpeg\" src=\"http:\/\/www.faluspelmanslag.se\/wp-content\/uploads\/2019\/02\/06-Hultkl\u00e4ppens-Vals.mp3?_=6\" \/><a href=\"http:\/\/www.faluspelmanslag.se\/wp-content\/uploads\/2019\/02\/06-Hultkl\u00e4ppens-Vals.mp3\">http:\/\/www.faluspelmanslag.se\/wp-content\/uploads\/2019\/02\/06-Hultkl\u00e4ppens-Vals.mp3<\/a><\/audio><\/p>\n<p>Mellansnack<br \/>\n<audio class=\"wp-audio-shortcode\" id=\"audio-2700-7\" preload=\"none\" style=\"width: 100%;\" controls=\"controls\"><source type=\"audio\/mpeg\" src=\"http:\/\/www.faluspelmanslag.se\/wp-content\/uploads\/2019\/02\/07-Mellansnack.mp3?_=7\" \/><a href=\"http:\/\/www.faluspelmanslag.se\/wp-content\/uploads\/2019\/02\/07-Mellansnack.mp3\">http:\/\/www.faluspelmanslag.se\/wp-content\/uploads\/2019\/02\/07-Mellansnack.mp3<\/a><\/audio><\/p>\n<p>Bosse o Ylvas Brudvals<br \/>\n<audio class=\"wp-audio-shortcode\" id=\"audio-2700-8\" preload=\"none\" style=\"width: 100%;\" controls=\"controls\"><source type=\"audio\/mpeg\" src=\"http:\/\/www.faluspelmanslag.se\/wp-content\/uploads\/2019\/02\/08-Bosse-o-Ylvas-Brudvals.mp3?_=8\" \/><a href=\"http:\/\/www.faluspelmanslag.se\/wp-content\/uploads\/2019\/02\/08-Bosse-o-Ylvas-Brudvals.mp3\">http:\/\/www.faluspelmanslag.se\/wp-content\/uploads\/2019\/02\/08-Bosse-o-Ylvas-Brudvals.mp3<\/a><\/audio><\/p>\n<p>Mellansnack<br \/>\n<audio class=\"wp-audio-shortcode\" id=\"audio-2700-9\" preload=\"none\" style=\"width: 100%;\" controls=\"controls\"><source type=\"audio\/mpeg\" src=\"http:\/\/www.faluspelmanslag.se\/wp-content\/uploads\/2019\/02\/09-Mellansnack.mp3?_=9\" \/><a href=\"http:\/\/www.faluspelmanslag.se\/wp-content\/uploads\/2019\/02\/09-Mellansnack.mp3\">http:\/\/www.faluspelmanslag.se\/wp-content\/uploads\/2019\/02\/09-Mellansnack.mp3<\/a><\/audio><\/p>\n<p>Klangpolskan<br \/>\n<audio class=\"wp-audio-shortcode\" id=\"audio-2700-10\" preload=\"none\" style=\"width: 100%;\" controls=\"controls\"><source type=\"audio\/mpeg\" src=\"http:\/\/www.faluspelmanslag.se\/wp-content\/uploads\/2019\/02\/10-Klangpolskan-av-Pers-Erik.mp3?_=10\" \/><a href=\"http:\/\/www.faluspelmanslag.se\/wp-content\/uploads\/2019\/02\/10-Klangpolskan-av-Pers-Erik.mp3\">http:\/\/www.faluspelmanslag.se\/wp-content\/uploads\/2019\/02\/10-Klangpolskan-av-Pers-Erik.mp3<\/a><\/audio><\/p>\n<p>Hybriden<br \/>\n<audio class=\"wp-audio-shortcode\" id=\"audio-2700-11\" preload=\"none\" style=\"width: 100%;\" controls=\"controls\"><source type=\"audio\/mpeg\" src=\"http:\/\/www.faluspelmanslag.se\/wp-content\/uploads\/2019\/02\/11-Hybriden.mp3?_=11\" \/><a href=\"http:\/\/www.faluspelmanslag.se\/wp-content\/uploads\/2019\/02\/11-Hybriden.mp3\">http:\/\/www.faluspelmanslag.se\/wp-content\/uploads\/2019\/02\/11-Hybriden.mp3<\/a><\/audio><\/p>\n<p>Mellansnack<br \/>\n<audio class=\"wp-audio-shortcode\" id=\"audio-2700-12\" preload=\"none\" style=\"width: 100%;\" controls=\"controls\"><source type=\"audio\/mpeg\" src=\"http:\/\/www.faluspelmanslag.se\/wp-content\/uploads\/2019\/02\/12-Mellansnack.mp3?_=12\" \/><a href=\"http:\/\/www.faluspelmanslag.se\/wp-content\/uploads\/2019\/02\/12-Mellansnack.mp3\">http:\/\/www.faluspelmanslag.se\/wp-content\/uploads\/2019\/02\/12-Mellansnack.mp3<\/a><\/audio><\/p>\n<p>Ungerska Jernv\u00e4gen<br \/>\n<audio class=\"wp-audio-shortcode\" id=\"audio-2700-13\" preload=\"none\" style=\"width: 100%;\" controls=\"controls\"><source type=\"audio\/mpeg\" src=\"http:\/\/www.faluspelmanslag.se\/wp-content\/uploads\/2019\/02\/13-Ungerska-Jernvegen.mp3?_=13\" \/><a href=\"http:\/\/www.faluspelmanslag.se\/wp-content\/uploads\/2019\/02\/13-Ungerska-Jernvegen.mp3\">http:\/\/www.faluspelmanslag.se\/wp-content\/uploads\/2019\/02\/13-Ungerska-Jernvegen.mp3<\/a><\/audio><\/p>\n<p>Sl\u00e5tterpolketten<br \/>\n<audio class=\"wp-audio-shortcode\" id=\"audio-2700-14\" preload=\"none\" style=\"width: 100%;\" controls=\"controls\"><source type=\"audio\/mpeg\" src=\"http:\/\/www.faluspelmanslag.se\/wp-content\/uploads\/2019\/02\/14-Sl\u00e5tterpolketten.mp3?_=14\" \/><a href=\"http:\/\/www.faluspelmanslag.se\/wp-content\/uploads\/2019\/02\/14-Sl\u00e5tterpolketten.mp3\">http:\/\/www.faluspelmanslag.se\/wp-content\/uploads\/2019\/02\/14-Sl\u00e5tterpolketten.mp3<\/a><\/audio><\/p>\n<p>Amerikaturen<br \/>\n<audio class=\"wp-audio-shortcode\" id=\"audio-2700-15\" preload=\"none\" style=\"width: 100%;\" controls=\"controls\"><source type=\"audio\/mpeg\" src=\"http:\/\/www.faluspelmanslag.se\/wp-content\/uploads\/2019\/02\/15-Amerika-turen-II.mp3?_=15\" \/><a href=\"http:\/\/www.faluspelmanslag.se\/wp-content\/uploads\/2019\/02\/15-Amerika-turen-II.mp3\">http:\/\/www.faluspelmanslag.se\/wp-content\/uploads\/2019\/02\/15-Amerika-turen-II.mp3<\/a><\/audio><\/p>\n<p>Kok Sofia<br \/>\n<audio class=\"wp-audio-shortcode\" id=\"audio-2700-16\" preload=\"none\" style=\"width: 100%;\" controls=\"controls\"><source type=\"audio\/mpeg\" src=\"http:\/\/www.faluspelmanslag.se\/wp-content\/uploads\/2019\/02\/16-Koksofia.mp3?_=16\" \/><a href=\"http:\/\/www.faluspelmanslag.se\/wp-content\/uploads\/2019\/02\/16-Koksofia.mp3\">http:\/\/www.faluspelmanslag.se\/wp-content\/uploads\/2019\/02\/16-Koksofia.mp3<\/a><\/audio><\/p>\n<p>Tomas H\u00e5\u00e5rds Schottis<br \/>\n<audio class=\"wp-audio-shortcode\" id=\"audio-2700-17\" preload=\"none\" style=\"width: 100%;\" controls=\"controls\"><source type=\"audio\/mpeg\" src=\"http:\/\/www.faluspelmanslag.se\/wp-content\/uploads\/2019\/02\/17-Tomas-H\u00e5\u00e5rds-schottis.mp3?_=17\" \/><a href=\"http:\/\/www.faluspelmanslag.se\/wp-content\/uploads\/2019\/02\/17-Tomas-H\u00e5\u00e5rds-schottis.mp3\">http:\/\/www.faluspelmanslag.se\/wp-content\/uploads\/2019\/02\/17-Tomas-H\u00e5\u00e5rds-schottis.mp3<\/a><\/audio><\/p>\n<p>Ivar Bergmans schottis<br \/>\n<audio class=\"wp-audio-shortcode\" id=\"audio-2700-18\" preload=\"none\" style=\"width: 100%;\" controls=\"controls\"><source type=\"audio\/mpeg\" src=\"http:\/\/www.faluspelmanslag.se\/wp-content\/uploads\/2019\/02\/18-Ivar-Bergmans-schottis.mp3?_=18\" \/><a href=\"http:\/\/www.faluspelmanslag.se\/wp-content\/uploads\/2019\/02\/18-Ivar-Bergmans-schottis.mp3\">http:\/\/www.faluspelmanslag.se\/wp-content\/uploads\/2019\/02\/18-Ivar-Bergmans-schottis.mp3<\/a><\/audio><\/p>\n<p>&nbsp;<\/p>\n","protected":false},"excerpt":{"rendered":"<p>Del 2 av danskv\u00e4llen i Finnbacka 1999 Druchenkarl leken Mazurka fr\u00e5n Malung Mellansnack Polska fr\u00e5n Transtrand Lima Hurven Hultkl\u00e4ppens Vals Mellansnack Bosse o Ylvas Brudvals Mellansnack Klangpolskan Hybriden Mellansnack Ungerska &hellip; <a href=\"https:\/\/www.faluspelmanslag.se\/?page_id=2700\" class=\"more-link\">Forts\u00e4tt l\u00e4sa <span class=\"screen-reader-text\">FSL Finnbacka -99 CD2<\/span> <span class=\"meta-nav\">&rarr;<\/span><\/a><\/p>\n","protected":false},"author":90,"featured_media":0,"parent":2675,"menu_order":2,"comment_status":"closed","ping_status":"closed","template":"","meta":{"_crdt_document":"","_uag_custom_page_level_css":"","ngg_post_thumbnail":0,"footnotes":""},"class_list":["post-2700","page","type-page","status-publish","hentry"],"uagb_featured_image_src":{"full":false,"thumbnail":false,"medium":false,"medium_large":false,"large":false,"1536x1536":false,"2048x2048":false,"post-thumbnail":false},"uagb_author_info":{"display_name":"Hans Olander","author_link":"https:\/\/www.faluspelmanslag.se\/?author=90"},"uagb_comment_info":0,"uagb_excerpt":"Del 2 av danskv\u00e4llen i Finnbacka 1999 Druchenkarl leken Mazurka fr\u00e5n Malung Mellansnack Polska fr\u00e5n Transtrand Lima Hurven Hultkl\u00e4ppens Vals Mellansnack Bosse o Ylvas Brudvals Mellansnack Klangpolskan Hybriden Mellansnack Ungerska &hellip; Forts\u00e4tt l\u00e4sa FSL Finnbacka -99 CD2 &rarr;","_links":{"self":[{"href":"https:\/\/www.faluspelmanslag.se\/index.php?rest_route=\/wp\/v2\/pages\/2700","targetHints":{"allow":["GET"]}}],"collection":[{"href":"https:\/\/www.faluspelmanslag.se\/index.php?rest_route=\/wp\/v2\/pages"}],"about":[{"href":"https:\/\/www.faluspelmanslag.se\/index.php?rest_route=\/wp\/v2\/types\/page"}],"author":[{"embeddable":true,"href":"https:\/\/www.faluspelmanslag.se\/index.php?rest_route=\/wp\/v2\/users\/90"}],"replies":[{"embeddable":true,"href":"https:\/\/www.faluspelmanslag.se\/index.php?rest_route=%2Fwp%2Fv2%2Fcomments&post=2700"}],"version-history":[{"count":5,"href":"https:\/\/www.faluspelmanslag.se\/index.php?rest_route=\/wp\/v2\/pages\/2700\/revisions"}],"predecessor-version":[{"id":2762,"href":"https:\/\/www.faluspelmanslag.se\/index.php?rest_route=\/wp\/v2\/pages\/2700\/revisions\/2762"}],"up":[{"embeddable":true,"href":"https:\/\/www.faluspelmanslag.se\/index.php?rest_route=\/wp\/v2\/pages\/2675"}],"wp:attachment":[{"href":"https:\/\/www.faluspelmanslag.se\/index.php?rest_route=%2Fwp%2Fv2%2Fmedia&parent=2700"}],"curies":[{"name":"wp","href":"https:\/\/api.w.org\/{rel}","templated":true}]}}