{"id":2743,"date":"2019-02-03T22:30:22","date_gmt":"2019-02-03T20:30:22","guid":{"rendered":"http:\/\/www.faluspelmanslag.se\/?page_id=2743"},"modified":"2019-02-03T22:44:52","modified_gmt":"2019-02-03T20:44:52","slug":"fsl-finnabacka-99-cd4","status":"publish","type":"page","link":"https:\/\/www.faluspelmanslag.se\/?page_id=2743","title":{"rendered":"FSL Finnbacka -99 CD4"},"content":{"rendered":"<p>Del 4 av danskv\u00e4llen i Finnbacka 1999<\/p>\n<p>Mellansnack<br \/>\n<audio class=\"wp-audio-shortcode\" id=\"audio-2743-1\" preload=\"none\" style=\"width: 100%;\" controls=\"controls\"><source type=\"audio\/mpeg\" src=\"http:\/\/www.faluspelmanslag.se\/wp-content\/uploads\/2019\/02\/01-Mellansnack.mp3?_=1\" \/><a href=\"http:\/\/www.faluspelmanslag.se\/wp-content\/uploads\/2019\/02\/01-Mellansnack.mp3\">http:\/\/www.faluspelmanslag.se\/wp-content\/uploads\/2019\/02\/01-Mellansnack.mp3<\/a><\/audio><\/p>\n<p>Nike Norlander Sjunger en vals<br \/>\n<audio class=\"wp-audio-shortcode\" id=\"audio-2743-2\" preload=\"none\" style=\"width: 100%;\" controls=\"controls\"><source type=\"audio\/mpeg\" src=\"http:\/\/www.faluspelmanslag.se\/wp-content\/uploads\/2019\/02\/02-Nike-sjunger-en-vals.mp3?_=2\" \/><a href=\"http:\/\/www.faluspelmanslag.se\/wp-content\/uploads\/2019\/02\/02-Nike-sjunger-en-vals.mp3\">http:\/\/www.faluspelmanslag.se\/wp-content\/uploads\/2019\/02\/02-Nike-sjunger-en-vals.mp3<\/a><\/audio><\/p>\n<p>Nike spelar Matsas polska av S\u00e4bb Anders<br \/>\n<audio class=\"wp-audio-shortcode\" id=\"audio-2743-3\" preload=\"none\" style=\"width: 100%;\" controls=\"controls\"><source type=\"audio\/mpeg\" src=\"http:\/\/www.faluspelmanslag.se\/wp-content\/uploads\/2019\/02\/03-Nike-spelar-Matsas-polska.mp3?_=3\" \/><a href=\"http:\/\/www.faluspelmanslag.se\/wp-content\/uploads\/2019\/02\/03-Nike-spelar-Matsas-polska.mp3\">http:\/\/www.faluspelmanslag.se\/wp-content\/uploads\/2019\/02\/03-Nike-spelar-Matsas-polska.mp3<\/a><\/audio><\/p>\n<p>Alld\u00f6r \u00e4re<br \/>\n<audio class=\"wp-audio-shortcode\" id=\"audio-2743-4\" preload=\"none\" style=\"width: 100%;\" controls=\"controls\"><source type=\"audio\/mpeg\" src=\"http:\/\/www.faluspelmanslag.se\/wp-content\/uploads\/2019\/02\/04-Alld\u00f6r-\u00e4re.mp3?_=4\" \/><a href=\"http:\/\/www.faluspelmanslag.se\/wp-content\/uploads\/2019\/02\/04-Alld\u00f6r-\u00e4re.mp3\">http:\/\/www.faluspelmanslag.se\/wp-content\/uploads\/2019\/02\/04-Alld\u00f6r-\u00e4re.mp3<\/a><\/audio><\/p>\n<p>Polska e Pers Erik<br \/>\n<audio class=\"wp-audio-shortcode\" id=\"audio-2743-5\" preload=\"none\" style=\"width: 100%;\" controls=\"controls\"><source type=\"audio\/mpeg\" src=\"http:\/\/www.faluspelmanslag.se\/wp-content\/uploads\/2019\/02\/05-Polska-e-Pers-Erik.mp3?_=5\" \/><a href=\"http:\/\/www.faluspelmanslag.se\/wp-content\/uploads\/2019\/02\/05-Polska-e-Pers-Erik.mp3\">http:\/\/www.faluspelmanslag.se\/wp-content\/uploads\/2019\/02\/05-Polska-e-Pers-Erik.mp3<\/a><\/audio><\/p>\n<p>Snar \u00e5 ta \u00e5t<br \/>\n<audio class=\"wp-audio-shortcode\" id=\"audio-2743-6\" preload=\"none\" style=\"width: 100%;\" controls=\"controls\"><source type=\"audio\/mpeg\" src=\"http:\/\/www.faluspelmanslag.se\/wp-content\/uploads\/2019\/02\/06-Snar-\u00e5-ta-\u00e5t.mp3?_=6\" \/><a href=\"http:\/\/www.faluspelmanslag.se\/wp-content\/uploads\/2019\/02\/06-Snar-\u00e5-ta-\u00e5t.mp3\">http:\/\/www.faluspelmanslag.se\/wp-content\/uploads\/2019\/02\/06-Snar-\u00e5-ta-\u00e5t.mp3<\/a><\/audio><\/p>\n<p>Steffaleiken<br \/>\n<audio class=\"wp-audio-shortcode\" id=\"audio-2743-7\" preload=\"none\" style=\"width: 100%;\" controls=\"controls\"><source type=\"audio\/mpeg\" src=\"http:\/\/www.faluspelmanslag.se\/wp-content\/uploads\/2019\/02\/07-Steffaleiken.mp3?_=7\" \/><a href=\"http:\/\/www.faluspelmanslag.se\/wp-content\/uploads\/2019\/02\/07-Steffaleiken.mp3\">http:\/\/www.faluspelmanslag.se\/wp-content\/uploads\/2019\/02\/07-Steffaleiken.mp3<\/a><\/audio><\/p>\n<p>N\u00e5sragan<br \/>\n<audio class=\"wp-audio-shortcode\" id=\"audio-2743-8\" preload=\"none\" style=\"width: 100%;\" controls=\"controls\"><source type=\"audio\/mpeg\" src=\"http:\/\/www.faluspelmanslag.se\/wp-content\/uploads\/2019\/02\/08-N\u00e5sragan.mp3?_=8\" \/><a href=\"http:\/\/www.faluspelmanslag.se\/wp-content\/uploads\/2019\/02\/08-N\u00e5sragan.mp3\">http:\/\/www.faluspelmanslag.se\/wp-content\/uploads\/2019\/02\/08-N\u00e5sragan.mp3<\/a><\/audio><\/p>\n<p>Blindmattis leken<br \/>\n<audio class=\"wp-audio-shortcode\" id=\"audio-2743-9\" preload=\"none\" style=\"width: 100%;\" controls=\"controls\"><source type=\"audio\/mpeg\" src=\"http:\/\/www.faluspelmanslag.se\/wp-content\/uploads\/2019\/02\/09-Blind-Mattis-Leken.mp3?_=9\" \/><a href=\"http:\/\/www.faluspelmanslag.se\/wp-content\/uploads\/2019\/02\/09-Blind-Mattis-Leken.mp3\">http:\/\/www.faluspelmanslag.se\/wp-content\/uploads\/2019\/02\/09-Blind-Mattis-Leken.mp3<\/a><\/audio><\/p>\n<p>Sm\u00f6d Eriks G\u00e4ssb\u00f6dspolska<br \/>\n<audio class=\"wp-audio-shortcode\" id=\"audio-2743-10\" preload=\"none\" style=\"width: 100%;\" controls=\"controls\"><source type=\"audio\/mpeg\" src=\"http:\/\/www.faluspelmanslag.se\/wp-content\/uploads\/2019\/02\/10-Sm\u00f6d-Eriks-g\u00e4ssb\u00f6dspolska.mp3?_=10\" \/><a href=\"http:\/\/www.faluspelmanslag.se\/wp-content\/uploads\/2019\/02\/10-Sm\u00f6d-Eriks-g\u00e4ssb\u00f6dspolska.mp3\">http:\/\/www.faluspelmanslag.se\/wp-content\/uploads\/2019\/02\/10-Sm\u00f6d-Eriks-g\u00e4ssb\u00f6dspolska.mp3<\/a><\/audio><\/p>\n<p>Polska e Laggar Farfar<br \/>\n<audio class=\"wp-audio-shortcode\" id=\"audio-2743-11\" preload=\"none\" style=\"width: 100%;\" controls=\"controls\"><source type=\"audio\/mpeg\" src=\"http:\/\/www.faluspelmanslag.se\/wp-content\/uploads\/2019\/02\/11-Laggar-Farfar.mp3?_=11\" \/><a href=\"http:\/\/www.faluspelmanslag.se\/wp-content\/uploads\/2019\/02\/11-Laggar-Farfar.mp3\">http:\/\/www.faluspelmanslag.se\/wp-content\/uploads\/2019\/02\/11-Laggar-Farfar.mp3<\/a><\/audio><\/p>\n<p>Mellansnack<br \/>\n<audio class=\"wp-audio-shortcode\" id=\"audio-2743-12\" preload=\"none\" style=\"width: 100%;\" controls=\"controls\"><source type=\"audio\/mpeg\" src=\"http:\/\/www.faluspelmanslag.se\/wp-content\/uploads\/2019\/02\/12-Polska-e-Pers-Erik.mp3?_=12\" \/><a href=\"http:\/\/www.faluspelmanslag.se\/wp-content\/uploads\/2019\/02\/12-Polska-e-Pers-Erik.mp3\">http:\/\/www.faluspelmanslag.se\/wp-content\/uploads\/2019\/02\/12-Polska-e-Pers-Erik.mp3<\/a><\/audio><\/p>\n<p>Solingvalsen<br \/>\n<audio class=\"wp-audio-shortcode\" id=\"audio-2743-13\" preload=\"none\" style=\"width: 100%;\" controls=\"controls\"><source type=\"audio\/mpeg\" src=\"http:\/\/www.faluspelmanslag.se\/wp-content\/uploads\/2019\/02\/13-Solingvalsen.mp3?_=13\" \/><a href=\"http:\/\/www.faluspelmanslag.se\/wp-content\/uploads\/2019\/02\/13-Solingvalsen.mp3\">http:\/\/www.faluspelmanslag.se\/wp-content\/uploads\/2019\/02\/13-Solingvalsen.mp3<\/a><\/audio><\/p>\n<p>H\u00f6kpers Vals<br \/>\n<audio class=\"wp-audio-shortcode\" id=\"audio-2743-14\" preload=\"none\" style=\"width: 100%;\" controls=\"controls\"><source type=\"audio\/mpeg\" src=\"http:\/\/www.faluspelmanslag.se\/wp-content\/uploads\/2019\/02\/14-H\u00f6kpers-Vals.mp3?_=14\" \/><a href=\"http:\/\/www.faluspelmanslag.se\/wp-content\/uploads\/2019\/02\/14-H\u00f6kpers-Vals.mp3\">http:\/\/www.faluspelmanslag.se\/wp-content\/uploads\/2019\/02\/14-H\u00f6kpers-Vals.mp3<\/a><\/audio><\/p>\n<p>Blekingepolskan e Hjort Anders<br \/>\n<audio class=\"wp-audio-shortcode\" id=\"audio-2743-15\" preload=\"none\" style=\"width: 100%;\" controls=\"controls\"><source type=\"audio\/mpeg\" src=\"http:\/\/www.faluspelmanslag.se\/wp-content\/uploads\/2019\/02\/15-Blekingepolskan-e-Hjort-Anders.mp3?_=15\" \/><a href=\"http:\/\/www.faluspelmanslag.se\/wp-content\/uploads\/2019\/02\/15-Blekingepolskan-e-Hjort-Anders.mp3\">http:\/\/www.faluspelmanslag.se\/wp-content\/uploads\/2019\/02\/15-Blekingepolskan-e-Hjort-Anders.mp3<\/a><\/audio><\/p>\n<p>Bingsj\u00f6stampem<br \/>\n<audio class=\"wp-audio-shortcode\" id=\"audio-2743-16\" preload=\"none\" style=\"width: 100%;\" controls=\"controls\"><source type=\"audio\/mpeg\" src=\"http:\/\/www.faluspelmanslag.se\/wp-content\/uploads\/2019\/02\/16-Bingsj\u00f6stampen.mp3?_=16\" \/><a href=\"http:\/\/www.faluspelmanslag.se\/wp-content\/uploads\/2019\/02\/16-Bingsj\u00f6stampen.mp3\">http:\/\/www.faluspelmanslag.se\/wp-content\/uploads\/2019\/02\/16-Bingsj\u00f6stampen.mp3<\/a><\/audio><\/p>\n<p>Boda Bingsj\u00f6 Expressen<br \/>\n<audio class=\"wp-audio-shortcode\" id=\"audio-2743-17\" preload=\"none\" style=\"width: 100%;\" controls=\"controls\"><source type=\"audio\/mpeg\" src=\"http:\/\/www.faluspelmanslag.se\/wp-content\/uploads\/2019\/02\/17-Boda-Bingsj\u00f6-expressen.mp3?_=17\" \/><a href=\"http:\/\/www.faluspelmanslag.se\/wp-content\/uploads\/2019\/02\/17-Boda-Bingsj\u00f6-expressen.mp3\">http:\/\/www.faluspelmanslag.se\/wp-content\/uploads\/2019\/02\/17-Boda-Bingsj\u00f6-expressen.mp3<\/a><\/audio><\/p>\n","protected":false},"excerpt":{"rendered":"<p>Del 4 av danskv\u00e4llen i Finnbacka 1999 Mellansnack Nike Norlander Sjunger en vals Nike spelar Matsas polska av S\u00e4bb Anders Alld\u00f6r \u00e4re Polska e Pers Erik Snar \u00e5 ta \u00e5t &hellip; <a href=\"https:\/\/www.faluspelmanslag.se\/?page_id=2743\" class=\"more-link\">Forts\u00e4tt l\u00e4sa <span class=\"screen-reader-text\">FSL Finnbacka -99 CD4<\/span> <span class=\"meta-nav\">&rarr;<\/span><\/a><\/p>\n","protected":false},"author":90,"featured_media":0,"parent":2675,"menu_order":4,"comment_status":"closed","ping_status":"closed","template":"","meta":{"_crdt_document":"","_uag_custom_page_level_css":"","ngg_post_thumbnail":0,"footnotes":""},"class_list":["post-2743","page","type-page","status-publish","hentry"],"uagb_featured_image_src":{"full":false,"thumbnail":false,"medium":false,"medium_large":false,"large":false,"1536x1536":false,"2048x2048":false,"post-thumbnail":false},"uagb_author_info":{"display_name":"Hans Olander","author_link":"https:\/\/www.faluspelmanslag.se\/?author=90"},"uagb_comment_info":0,"uagb_excerpt":"Del 4 av danskv\u00e4llen i Finnbacka 1999 Mellansnack Nike Norlander Sjunger en vals Nike spelar Matsas polska av S\u00e4bb Anders Alld\u00f6r \u00e4re Polska e Pers Erik Snar \u00e5 ta \u00e5t &hellip; Forts\u00e4tt l\u00e4sa FSL Finnbacka -99 CD4 &rarr;","_links":{"self":[{"href":"https:\/\/www.faluspelmanslag.se\/index.php?rest_route=\/wp\/v2\/pages\/2743","targetHints":{"allow":["GET"]}}],"collection":[{"href":"https:\/\/www.faluspelmanslag.se\/index.php?rest_route=\/wp\/v2\/pages"}],"about":[{"href":"https:\/\/www.faluspelmanslag.se\/index.php?rest_route=\/wp\/v2\/types\/page"}],"author":[{"embeddable":true,"href":"https:\/\/www.faluspelmanslag.se\/index.php?rest_route=\/wp\/v2\/users\/90"}],"replies":[{"embeddable":true,"href":"https:\/\/www.faluspelmanslag.se\/index.php?rest_route=%2Fwp%2Fv2%2Fcomments&post=2743"}],"version-history":[{"count":2,"href":"https:\/\/www.faluspelmanslag.se\/index.php?rest_route=\/wp\/v2\/pages\/2743\/revisions"}],"predecessor-version":[{"id":2767,"href":"https:\/\/www.faluspelmanslag.se\/index.php?rest_route=\/wp\/v2\/pages\/2743\/revisions\/2767"}],"up":[{"embeddable":true,"href":"https:\/\/www.faluspelmanslag.se\/index.php?rest_route=\/wp\/v2\/pages\/2675"}],"wp:attachment":[{"href":"https:\/\/www.faluspelmanslag.se\/index.php?rest_route=%2Fwp%2Fv2%2Fmedia&parent=2743"}],"curies":[{"name":"wp","href":"https:\/\/api.w.org\/{rel}","templated":true}]}}