{"id":278,"date":"2014-02-03T16:10:08","date_gmt":"2014-02-03T15:10:08","guid":{"rendered":"http:\/\/faluspelmanslag.se\/?page_id=278"},"modified":"2017-08-23T20:17:14","modified_gmt":"2017-08-23T18:17:14","slug":"historia","status":"publish","type":"page","link":"https:\/\/www.faluspelmanslag.se\/?page_id=278","title":{"rendered":"Historia"},"content":{"rendered":"<p>Lagets historia kan sammanfattas i\u00a0paradoxen &#8221;Av tradition fritt fr\u00e5n tradition&#8221;,\u00a0ett uttryck f\u00f6r\u00a0den m\u00e5ngfald som genom tiderna\u00a0k\u00e4nnetecknat laget och dess musik.\u00a0Laget har sina r\u00f6tter i 1970-talets folkmusikv\u00e5g och\u00a0fick\u00a0sin f\u00f6rsta form som en studiecirkel i l\u00e5tspel\u00a0under f\u00f6rsta halvan\u00a0av 1980-talet. 1986,\u00a0n\u00e4r b\u00e5de medlemsantal, kunnande och sj\u00e4lvf\u00f6rtroende v\u00e4xt, grundades Falu spelmanslag formellt.<\/p>\n<p>Som stolta dalfolk, inf\u00f6dda eller inflyttade,\u00a0har vi alltid\u00a0l\u00e5tit\u00a0spelmansmusiken fr\u00e5n Dalarna bilda den sj\u00e4lvklara k\u00e4rnan i verksamheten. Men d\u00e4rut\u00f6ver har b\u00e5de medlemmarnas lust,\u00a0spelledarens\u00a0kreativitet\u00a0och m\u00e5nga g\u00e4stl\u00e4rare till\u00e5tits s\u00e4tta sin pr\u00e4gel p\u00e5 repertoaren. Sven Nyhus och Mats Berglund har f\u00e5tt m\u00e5nga av oss att vurma f\u00f6r R\u00f8rospols och V\u00e4rmlandspolskor, Bj\u00f6rn St\u00e5bi \u00e4r skyldig till att lagets medlemmar t\u00e4vlar\u00a0om\u00a0vem som kan\u00a0flest\u00a0kr\u00e5ngliga Orsapolskor, och Maria Jonsson har f\u00e5tt hela\u00a0laget att l\u00e5ta som inf\u00f6dda v\u00e4sterbottningar &#8211;\u00a0f\u00f6r att bara n\u00e4mna n\u00e5gra f\u00e5 av alla inspirat\u00f6rer.<\/p>\n<p>Lika mycket som laget tagit in, lika mycket har det genom tiderna delat med sig av till omv\u00e4rlden.\u00a0Tonvikten har legat p\u00e5 spel till dans, och laget har varit\u00a0omhuldat av\u00a0danspubliken. Dansspelningarna i Finnbacka kv\u00e4llen f\u00f6re Bingsj\u00f6st\u00e4mman, som laget hade\u00a0varje \u00e5r under 20 \u00e5rs tid, \u00e4r legendariska bland alla som upplevt dem. \u00c4ven utanf\u00f6r Sverige har Falu spelmanslag spridit spel- och dansgl\u00e4dje, bl.a. till H\u00f8jby i Danmark, Kaustinen i Finland och\u00a0flera orter i England och Skottland.<\/p>\n<p>Sin f\u00f6rsta inspelning gjorde laget 1991, en musikkassett som kort och gott fick heta Falu spelmanslag. 1997 gav laget ut en CD, I st\u00f6ten, som fick ett mycket gott mottagande och snabbt s\u00e5lde slut. Recensenten tyckte bland annat att laget bj\u00f6d p\u00e5 ett spel som var l\u00e4ttlyssnat, tekniskt drivet och dansant, och att det var ovanligt att h\u00f6ra ett s\u00e5 stort lag som l\u00e4t s\u00e5 sammansvetsat och samspelt.<\/p>\n<p>Idag har laget n\u00e4rmare 50 medlemmar med blandad musikalisk bakgrund och\u00a0varierande geografisk h\u00e4rkomst. Vi siktar p\u00e5 en publik med \u00f6ppna \u00f6ron och spritt i benen &#8211; och p\u00e5 att sj\u00e4lva ha himla roligt!<\/p>\n","protected":false},"excerpt":{"rendered":"<p>Lagets historia kan sammanfattas i\u00a0paradoxen &#8221;Av tradition fritt fr\u00e5n tradition&#8221;,\u00a0ett uttryck f\u00f6r\u00a0den m\u00e5ngfald som genom tiderna\u00a0k\u00e4nnetecknat laget och dess musik.\u00a0Laget har sina r\u00f6tter i 1970-talets folkmusikv\u00e5g och\u00a0fick\u00a0sin f\u00f6rsta form som &hellip; <a href=\"https:\/\/www.faluspelmanslag.se\/?page_id=278\" class=\"more-link\">Forts\u00e4tt l\u00e4sa <span class=\"screen-reader-text\">Historia<\/span> <span class=\"meta-nav\">&rarr;<\/span><\/a><\/p>\n","protected":false},"author":1,"featured_media":0,"parent":41,"menu_order":0,"comment_status":"closed","ping_status":"open","template":"","meta":{"_crdt_document":"","_uag_custom_page_level_css":"","ngg_post_thumbnail":0,"footnotes":""},"class_list":["post-278","page","type-page","status-publish","hentry"],"uagb_featured_image_src":{"full":false,"thumbnail":false,"medium":false,"medium_large":false,"large":false,"1536x1536":false,"2048x2048":false,"post-thumbnail":false},"uagb_author_info":{"display_name":"admin","author_link":"https:\/\/www.faluspelmanslag.se\/?author=1"},"uagb_comment_info":0,"uagb_excerpt":"Lagets historia kan sammanfattas i\u00a0paradoxen &#8221;Av tradition fritt fr\u00e5n tradition&#8221;,\u00a0ett uttryck f\u00f6r\u00a0den m\u00e5ngfald som genom tiderna\u00a0k\u00e4nnetecknat laget och dess musik.\u00a0Laget har sina r\u00f6tter i 1970-talets folkmusikv\u00e5g och\u00a0fick\u00a0sin f\u00f6rsta form som &hellip; Forts\u00e4tt l\u00e4sa Historia &rarr;","_links":{"self":[{"href":"https:\/\/www.faluspelmanslag.se\/index.php?rest_route=\/wp\/v2\/pages\/278","targetHints":{"allow":["GET"]}}],"collection":[{"href":"https:\/\/www.faluspelmanslag.se\/index.php?rest_route=\/wp\/v2\/pages"}],"about":[{"href":"https:\/\/www.faluspelmanslag.se\/index.php?rest_route=\/wp\/v2\/types\/page"}],"author":[{"embeddable":true,"href":"https:\/\/www.faluspelmanslag.se\/index.php?rest_route=\/wp\/v2\/users\/1"}],"replies":[{"embeddable":true,"href":"https:\/\/www.faluspelmanslag.se\/index.php?rest_route=%2Fwp%2Fv2%2Fcomments&post=278"}],"version-history":[{"count":14,"href":"https:\/\/www.faluspelmanslag.se\/index.php?rest_route=\/wp\/v2\/pages\/278\/revisions"}],"predecessor-version":[{"id":1599,"href":"https:\/\/www.faluspelmanslag.se\/index.php?rest_route=\/wp\/v2\/pages\/278\/revisions\/1599"}],"up":[{"embeddable":true,"href":"https:\/\/www.faluspelmanslag.se\/index.php?rest_route=\/wp\/v2\/pages\/41"}],"wp:attachment":[{"href":"https:\/\/www.faluspelmanslag.se\/index.php?rest_route=%2Fwp%2Fv2%2Fmedia&parent=278"}],"curies":[{"name":"wp","href":"https:\/\/api.w.org\/{rel}","templated":true}]}}