{"id":3145,"date":"2020-02-04T20:09:57","date_gmt":"2020-02-04T18:09:57","guid":{"rendered":"http:\/\/www.faluspelmanslag.se\/?page_id=3145"},"modified":"2024-10-08T13:40:02","modified_gmt":"2024-10-08T11:40:02","slug":"spelkurs-staberg-2020","status":"publish","type":"page","link":"https:\/\/www.faluspelmanslag.se\/?page_id=3145","title":{"rendered":"Spelkurs Staberg 2020"},"content":{"rendered":"\n<p class=\"wp-block-paragraph\">L\u00e5tar fr\u00e5n kursen med Anders Alml\u00f6f och Per Hardestam i Staberg 1 feb 2020<br><br><\/p>\n\n\n\n<figure class=\"wp-block-audio\"><audio controls src=\"http:\/\/www.faluspelmanslag.se\/wp-content\/uploads\/2020\/02\/Polsk-e-Ivar-Ludnes.mp3\"><\/audio><figcaption>Polsk e Ivar Ludnes, med Anders Alml\u00f6f<br>Noter finns p\u00e5 <a href=\"http:\/\/www.faluspelmanslag.se\/wp-content\/uploads\/2020\/03\/Pols-efter-Ivar-Lutnaes.pdf\" target=\"_blank\" rel=\"noreferrer noopener\" aria-label=\"denna l\u00e4nk ===&gt; (\u00f6ppnas i en ny flik)\">denna l\u00e4nk ===><\/a><\/figcaption><\/figure>\n\n\n\n<figure class=\"wp-block-audio\"><audio controls src=\"http:\/\/www.faluspelmanslag.se\/wp-content\/uploads\/2020\/02\/Oppifr\u00e5n-pols-e-Torvals-Olsa.mp3\"><\/audio><figcaption>Oppifr\u00e5n pols e Torvals Olsa <em>, med Anders Alml\u00f6f<\/em> <br>Noter finns p\u00e5 <a href=\"http:\/\/www.faluspelmanslag.se\/wp-content\/uploads\/2020\/03\/R\u00f6rospols-efter-Thorvald-Olsa.pdf\" target=\"_blank\" rel=\"noreferrer noopener\" aria-label=\"denna l\u00e4nk ===&gt; (\u00f6ppnas i en ny flik)\">denna l\u00e4nk ===><\/a><\/figcaption><\/figure>\n\n\n\n<figure class=\"wp-block-audio\"><audio controls src=\"http:\/\/www.faluspelmanslag.se\/wp-content\/uploads\/2020\/02\/Polska-e-Haga-Olof.mp3\"><\/audio><figcaption>Polska e Haga Olof <em>, med Anders Alml\u00f6f<\/em> <br>Noter finns p\u00e5 <a href=\"http:\/\/www.faluspelmanslag.se\/wp-content\/uploads\/2020\/03\/Polska-efter-Olof-HagaMalung.pdf\" target=\"_blank\" rel=\"noreferrer noopener\" aria-label=\"denna l\u00e4nk ===&gt; (\u00f6ppnas i en ny flik)\">denna l\u00e4nk ===><\/a><\/figcaption><\/figure>\n\n\n\n<figure class=\"wp-block-audio\"><audio controls src=\"http:\/\/www.faluspelmanslag.se\/wp-content\/uploads\/2020\/02\/Polsk-e-Olaf-Sundet.mp3\"><\/audio><figcaption>Polsk e Olaf Sundet <em>, med Anders Alml\u00f6f<\/em> <br>Noter finns p\u00e5 <a href=\"http:\/\/www.faluspelmanslag.se\/wp-content\/uploads\/2020\/03\/Polsk-e-Olof-Sundet.pdf\" target=\"_blank\" rel=\"noreferrer noopener\" aria-label=\"denna l\u00e4nk ===&gt; (\u00f6ppnas i en ny flik)\">denna l\u00e4nk ===><\/a><\/figcaption><\/figure>\n\n\n\n<figure class=\"wp-block-audio\"><audio controls src=\"http:\/\/www.faluspelmanslag.se\/wp-content\/uploads\/2020\/02\/Skott-Sara-Leken.mp3\"><\/audio><figcaption>Skott Sara Leken <em>, med Anders Alml\u00f6f<\/em> <br>L\u00e4rdes ut p\u00e5 Folkmusik caf\u00e9et. <\/figcaption><\/figure>\n\n\n\n<figure class=\"wp-block-audio\"><audio controls src=\"http:\/\/www.faluspelmanslag.se\/wp-content\/uploads\/2020\/02\/Trevaren-Polsk-e-Helmer-K\u00f6lvagn.mp3\"><\/audio><figcaption>Trevaren Polsk e Helmer K\u00f6lvagn, Engerdal <em>, med Per Hardestam<\/em> <br>Noter finns p\u00e5 <a href=\"http:\/\/www.faluspelmanslag.se\/wp-content\/uploads\/2020\/03\/Trevaren-Helmer-Kj\u00f8lvang.pdf\" target=\"_blank\" rel=\"noreferrer noopener\" aria-label=\"denna l\u00e4nk ===&gt; (\u00f6ppnas i en ny flik)\">denna l\u00e4nk ===><\/a><\/figcaption><\/figure>\n\n\n\n<figure class=\"wp-block-audio\"><audio controls src=\"http:\/\/www.faluspelmanslag.se\/wp-content\/uploads\/2020\/02\/Polsk-e-Torleif-Sn\u00e4rten.mp3\"><\/audio><figcaption>Polsk e Torleif Sn\u00e4rten, Engerdal <em>, med Per Hardestam<\/em> <br>Noter finns p\u00e5 <a href=\"http:\/\/www.faluspelmanslag.se\/wp-content\/uploads\/2020\/03\/Polsk-fr\u00e5n-Engerdal.pdf\" target=\"_blank\" rel=\"noreferrer noopener\" aria-label=\"denna l\u00e4nk ===&gt; (\u00f6ppnas i en ny flik)\">denna l\u00e4nk ===><\/a><\/figcaption><\/figure>\n\n\n\n<figure class=\"wp-block-audio\"><audio controls src=\"http:\/\/www.faluspelmanslag.se\/wp-content\/uploads\/2020\/02\/Polsk-e-J\u00f6rgen-Jensvoll.mp3\"><\/audio><figcaption>Pols e J\u00f6rgen Jensvoll <em>, med Per Hardestam<\/em> <br>Noter finns p\u00e5 <a href=\"http:\/\/www.faluspelmanslag.se\/wp-content\/uploads\/2020\/03\/Polska-J\u00f8rgen-Jensvoll.pdf\" target=\"_blank\" rel=\"noreferrer noopener\" aria-label=\"denna l\u00e4nk ===&gt; (\u00f6ppnas i en ny flik)\">denna l\u00e4nk ===><\/a><\/figcaption><\/figure>\n\n\n\n<figure class=\"wp-block-audio\"><audio controls src=\"http:\/\/www.faluspelmanslag.se\/wp-content\/uploads\/2020\/02\/Elg\u00e5-II-e-J\u00f6rgen-Jensvoll.mp3\"><\/audio><figcaption>Elg\u00e5 II e J\u00f6rgen Jensvoll, med Per Hardestam<br>Noter finns p\u00e5 <a href=\"http:\/\/www.faluspelmanslag.se\/wp-content\/uploads\/2020\/03\/Elg\u00e5-2-polska-Jorgen-jensvoll.pdf\" target=\"_blank\" rel=\"noreferrer noopener\" aria-label=\"denna l\u00e4nk ===&gt; (\u00f6ppnas i en ny flik)\">denna l\u00e4nk ===><\/a><\/figcaption><\/figure>\n\n\n\n<figure class=\"wp-block-audio\"><audio controls src=\"http:\/\/www.faluspelmanslag.se\/wp-content\/uploads\/2020\/02\/S\u00e4ring-polsk-e-Helmer-K\u00f6lvagn.mp3\"><\/audio><figcaption>S\u00e4ring polsk e Helmer K\u00f6lvagn <em>, med Per Hardestam<\/em><br> <em>L\u00e4rdes ut p\u00e5 Folkmusik caf\u00e9et. <\/em>  <\/figcaption><\/figure>\n","protected":false},"excerpt":{"rendered":"<p>L\u00e5tar fr\u00e5n kursen med Anders Alml\u00f6f och Per Hardestam i Staberg 1 feb 2020<\/p>\n","protected":false},"author":90,"featured_media":0,"parent":4888,"menu_order":0,"comment_status":"closed","ping_status":"closed","template":"","meta":{"_crdt_document":"","_uag_custom_page_level_css":"","ngg_post_thumbnail":0,"footnotes":""},"class_list":["post-3145","page","type-page","status-publish","hentry"],"uagb_featured_image_src":{"full":false,"thumbnail":false,"medium":false,"medium_large":false,"large":false,"1536x1536":false,"2048x2048":false,"post-thumbnail":false},"uagb_author_info":{"display_name":"Hans Olander","author_link":"https:\/\/www.faluspelmanslag.se\/?author=90"},"uagb_comment_info":0,"uagb_excerpt":"L\u00e5tar fr\u00e5n kursen med Anders Alml\u00f6f och Per Hardestam i Staberg 1 feb 2020","_links":{"self":[{"href":"https:\/\/www.faluspelmanslag.se\/index.php?rest_route=\/wp\/v2\/pages\/3145","targetHints":{"allow":["GET"]}}],"collection":[{"href":"https:\/\/www.faluspelmanslag.se\/index.php?rest_route=\/wp\/v2\/pages"}],"about":[{"href":"https:\/\/www.faluspelmanslag.se\/index.php?rest_route=\/wp\/v2\/types\/page"}],"author":[{"embeddable":true,"href":"https:\/\/www.faluspelmanslag.se\/index.php?rest_route=\/wp\/v2\/users\/90"}],"replies":[{"embeddable":true,"href":"https:\/\/www.faluspelmanslag.se\/index.php?rest_route=%2Fwp%2Fv2%2Fcomments&post=3145"}],"version-history":[{"count":2,"href":"https:\/\/www.faluspelmanslag.se\/index.php?rest_route=\/wp\/v2\/pages\/3145\/revisions"}],"predecessor-version":[{"id":3250,"href":"https:\/\/www.faluspelmanslag.se\/index.php?rest_route=\/wp\/v2\/pages\/3145\/revisions\/3250"}],"up":[{"embeddable":true,"href":"https:\/\/www.faluspelmanslag.se\/index.php?rest_route=\/wp\/v2\/pages\/4888"}],"wp:attachment":[{"href":"https:\/\/www.faluspelmanslag.se\/index.php?rest_route=%2Fwp%2Fv2%2Fmedia&parent=3145"}],"curies":[{"name":"wp","href":"https:\/\/api.w.org\/{rel}","templated":true}]}}