{"id":3520,"date":"2021-09-27T19:07:12","date_gmt":"2021-09-27T17:07:12","guid":{"rendered":"http:\/\/faluspelmanslag.se\/?page_id=3520"},"modified":"2024-10-08T13:37:29","modified_gmt":"2024-10-08T11:37:29","slug":"olle-moraeus-kurslatar","status":"publish","type":"page","link":"https:\/\/www.faluspelmanslag.se\/?page_id=3520","title":{"rendered":"Olle Moraeus Kursl\u00e5tar"},"content":{"rendered":"\n<p class=\"wp-block-paragraph\">L\u00e5tar vi l\u00e4rde oss p\u00e5 kurs f\u00f6r Olle Moraeus p\u00e5 Hamreg\u00e5rden i Hornberga den 25\/9 20021<\/p>\n\n\n\n<figure class=\"wp-block-audio\"><audio controls src=\"http:\/\/faluspelmanslag.se\/wp-content\/uploads\/2021\/09\/Alvenpolskan.mp3\"><\/audio><figcaption>Alvenpolskan<\/figcaption><\/figure>\n\n\n\n<figure class=\"wp-block-audio\"><audio controls src=\"http:\/\/faluspelmanslag.se\/wp-content\/uploads\/2021\/09\/Hambraeus-polskan.mp3\"><\/audio><figcaption>Hambraeus polskan<\/figcaption><\/figure>\n\n\n\n<figure class=\"wp-block-audio\"><audio controls src=\"http:\/\/faluspelmanslag.se\/wp-content\/uploads\/2021\/09\/Karl-Olofs-Polskan.mp3\"><\/audio><figcaption>Karl Olofs Polskan<\/figcaption><\/figure>\n\n\n\n<figure class=\"wp-block-audio\"><audio controls src=\"http:\/\/faluspelmanslag.se\/wp-content\/uploads\/2021\/09\/Michola-polskan.mp3\"><\/audio><figcaption>Michola-polskan<\/figcaption><\/figure>\n\n\n\n<figure class=\"wp-block-audio\"><audio controls src=\"http:\/\/faluspelmanslag.se\/wp-content\/uploads\/2021\/09\/Polska-e-Brand-Jon.mp3\"><\/audio><figcaption>Polska e Br\u00e4nd Jon<\/figcaption><\/figure>\n\n\n\n<figure class=\"wp-block-audio\"><audio controls src=\"http:\/\/faluspelmanslag.se\/wp-content\/uploads\/2021\/09\/Polska-e-Janisa-Per.mp3\"><\/audio><figcaption>Polska e Janisa Per<\/figcaption><\/figure>\n\n\n\n<figure class=\"wp-block-audio\"><audio controls src=\"http:\/\/faluspelmanslag.se\/wp-content\/uploads\/2021\/09\/Systerpolska-1-e-Blecko-Anders.mp3\"><\/audio><figcaption>Systerpolska 1 e Blecko Anders<\/figcaption><\/figure>\n\n\n\n<p class=\"wp-block-paragraph\"><\/p>\n","protected":false},"excerpt":{"rendered":"<p>L\u00e5tar vi l\u00e4rde oss p\u00e5 kurs f\u00f6r Olle Moraeus p\u00e5 Hamreg\u00e5rden i Hornberga den 25\/9 20021<\/p>\n","protected":false},"author":90,"featured_media":0,"parent":4888,"menu_order":0,"comment_status":"closed","ping_status":"closed","template":"","meta":{"_crdt_document":"","_uag_custom_page_level_css":"","ngg_post_thumbnail":0,"footnotes":""},"class_list":["post-3520","page","type-page","status-publish","hentry"],"uagb_featured_image_src":{"full":false,"thumbnail":false,"medium":false,"medium_large":false,"large":false,"1536x1536":false,"2048x2048":false,"post-thumbnail":false},"uagb_author_info":{"display_name":"Hans Olander","author_link":"https:\/\/www.faluspelmanslag.se\/?author=90"},"uagb_comment_info":0,"uagb_excerpt":"L\u00e5tar vi l\u00e4rde oss p\u00e5 kurs f\u00f6r Olle Moraeus p\u00e5 Hamreg\u00e5rden i Hornberga den 25\/9 20021","_links":{"self":[{"href":"https:\/\/www.faluspelmanslag.se\/index.php?rest_route=\/wp\/v2\/pages\/3520","targetHints":{"allow":["GET"]}}],"collection":[{"href":"https:\/\/www.faluspelmanslag.se\/index.php?rest_route=\/wp\/v2\/pages"}],"about":[{"href":"https:\/\/www.faluspelmanslag.se\/index.php?rest_route=\/wp\/v2\/types\/page"}],"author":[{"embeddable":true,"href":"https:\/\/www.faluspelmanslag.se\/index.php?rest_route=\/wp\/v2\/users\/90"}],"replies":[{"embeddable":true,"href":"https:\/\/www.faluspelmanslag.se\/index.php?rest_route=%2Fwp%2Fv2%2Fcomments&post=3520"}],"version-history":[{"count":1,"href":"https:\/\/www.faluspelmanslag.se\/index.php?rest_route=\/wp\/v2\/pages\/3520\/revisions"}],"predecessor-version":[{"id":3528,"href":"https:\/\/www.faluspelmanslag.se\/index.php?rest_route=\/wp\/v2\/pages\/3520\/revisions\/3528"}],"up":[{"embeddable":true,"href":"https:\/\/www.faluspelmanslag.se\/index.php?rest_route=\/wp\/v2\/pages\/4888"}],"wp:attachment":[{"href":"https:\/\/www.faluspelmanslag.se\/index.php?rest_route=%2Fwp%2Fv2%2Fmedia&parent=3520"}],"curies":[{"name":"wp","href":"https:\/\/api.w.org\/{rel}","templated":true}]}}