{"id":3578,"date":"2021-11-12T16:33:46","date_gmt":"2021-11-12T14:33:46","guid":{"rendered":"http:\/\/www.faluspelmanslag.se\/?page_id=3578"},"modified":"2025-04-28T16:06:05","modified_gmt":"2025-04-28T14:06:05","slug":"butik-kop-nothafte-cd-skiva-eller-kassett","status":"publish","type":"page","link":"https:\/\/www.faluspelmanslag.se\/?page_id=3578","title":{"rendered":"Butik &#8211; noth\u00e4fte, cd eller kassett"},"content":{"rendered":"\n<h2 class=\"wp-block-heading\">Falul\u00e5tar<\/h2>\n\n\n\n<p class=\"wp-block-paragraph\">Noth\u00e4fte med 40 nya l\u00e5tar fr\u00e5n Falu spelmanslag. L\u00e5tarna \u00e4r komponerade av lagmedlemmar, spelledare och g\u00e4stl\u00e4rare. Utgivet 2020. Pris: 100 kronor, plus 66 kronor f\u00f6r porto. S\u00e4tt in beloppet p\u00e5 plusgiro 42 60 77-4, Falu spelmanslag. Du kan \u00e4ven betala via Swish, nr 123 5061 411. Ange namn och adress.<\/p>\n\n\n\n<h2 class=\"wp-block-heading\">I st\u00f6ten<\/h2>\n\n\n\n<p class=\"wp-block-paragraph\">CD-skiva med Falu spelmanslag, inspelad 1997. Originalutg\u00e5van av v\u00e5r CD \u00e4r sedan l\u00e4nge sluts\u00e5ld. Men det finns m\u00f6jlighet att best\u00e4lla en pc-kopierad cd-skiva. Pris: 50 kronor, plus 44 kronor f\u00f6r porto. S\u00e4tt in beloppet p\u00e5 plusgiro 42 60 77-4, Falu spelmanslag. Ange namn och adress.<\/p>\n\n\n\n<h2 class=\"wp-block-heading\">Falu spelmanslag &#8211; kassett<\/h2>\n\n\n\n<p class=\"wp-block-paragraph\">Musikkassett med Falu spelmanslag inspelad 1991. Pris: 50 kr, plus 44 kronor f\u00f6r porto. S\u00e4tt in beloppet p\u00e5 plusgiro 42 60 77-4, Falu spelmanslag. Ange namn och adress<\/p>\n","protected":false},"excerpt":{"rendered":"<p>Falul\u00e5tar Noth\u00e4fte med 40 nya l\u00e5tar fr\u00e5n Falu spelmanslag. L\u00e5tarna \u00e4r komponerade av lagmedlemmar, spelledare och g\u00e4stl\u00e4rare. Utgivet 2020. Pris: 100 kronor, plus 66 kronor f\u00f6r porto. S\u00e4tt in beloppet &hellip; <a href=\"https:\/\/www.faluspelmanslag.se\/?page_id=3578\" class=\"more-link\">Forts\u00e4tt l\u00e4sa <span class=\"screen-reader-text\">Butik &#8211; noth\u00e4fte, cd eller kassett<\/span> <span class=\"meta-nav\">&rarr;<\/span><\/a><\/p>\n","protected":false},"author":38,"featured_media":0,"parent":0,"menu_order":5,"comment_status":"closed","ping_status":"closed","template":"","meta":{"_crdt_document":"","_uag_custom_page_level_css":"","ngg_post_thumbnail":0,"footnotes":""},"class_list":["post-3578","page","type-page","status-publish","hentry"],"uagb_featured_image_src":{"full":false,"thumbnail":false,"medium":false,"medium_large":false,"large":false,"1536x1536":false,"2048x2048":false,"post-thumbnail":false},"uagb_author_info":{"display_name":"Goran Falt","author_link":"https:\/\/www.faluspelmanslag.se\/?author=38"},"uagb_comment_info":0,"uagb_excerpt":"Falul\u00e5tar Noth\u00e4fte med 40 nya l\u00e5tar fr\u00e5n Falu spelmanslag. L\u00e5tarna \u00e4r komponerade av lagmedlemmar, spelledare och g\u00e4stl\u00e4rare. Utgivet 2020. Pris: 100 kronor, plus 66 kronor f\u00f6r porto. S\u00e4tt in beloppet &hellip; Forts\u00e4tt l\u00e4sa Butik &#8211; noth\u00e4fte, cd eller kassett &rarr;","_links":{"self":[{"href":"https:\/\/www.faluspelmanslag.se\/index.php?rest_route=\/wp\/v2\/pages\/3578","targetHints":{"allow":["GET"]}}],"collection":[{"href":"https:\/\/www.faluspelmanslag.se\/index.php?rest_route=\/wp\/v2\/pages"}],"about":[{"href":"https:\/\/www.faluspelmanslag.se\/index.php?rest_route=\/wp\/v2\/types\/page"}],"author":[{"embeddable":true,"href":"https:\/\/www.faluspelmanslag.se\/index.php?rest_route=\/wp\/v2\/users\/38"}],"replies":[{"embeddable":true,"href":"https:\/\/www.faluspelmanslag.se\/index.php?rest_route=%2Fwp%2Fv2%2Fcomments&post=3578"}],"version-history":[{"count":11,"href":"https:\/\/www.faluspelmanslag.se\/index.php?rest_route=\/wp\/v2\/pages\/3578\/revisions"}],"predecessor-version":[{"id":5890,"href":"https:\/\/www.faluspelmanslag.se\/index.php?rest_route=\/wp\/v2\/pages\/3578\/revisions\/5890"}],"wp:attachment":[{"href":"https:\/\/www.faluspelmanslag.se\/index.php?rest_route=%2Fwp%2Fv2%2Fmedia&parent=3578"}],"curies":[{"name":"wp","href":"https:\/\/api.w.org\/{rel}","templated":true}]}}