{"id":37,"date":"2013-09-02T20:28:37","date_gmt":"2013-09-02T19:28:37","guid":{"rendered":"http:\/\/faluspelmanslag.se\/?page_id=37"},"modified":"2024-03-12T14:35:06","modified_gmt":"2024-03-12T12:35:06","slug":"hyr-ett-spelmanslag","status":"publish","type":"page","link":"https:\/\/www.faluspelmanslag.se\/?page_id=37","title":{"rendered":"Hyra spelm\u00e4n"},"content":{"rendered":"<p>S\u00f6ker du lokalkolorit till ett offentligt arrangemang eller en st\u00e4mningsfull inramning vid en privat tillst\u00e4llning? Falu spelmanslag har bland annat medverkat vid nationaldagsfirandet vid Falu koppargruva, terminsstarten vid H\u00f6gskolan Dalarna och kongresser med svenska och internationella g\u00e4ster. Medlemmar i laget\u00a0har f\u00f6rgyllt br\u00f6llop och fester. Vi diskuterar g\u00e4rna speluppdrag genom v\u00e5r sekreterare, ordf\u00f6rande eller kass\u00f6r, vars kontaktuppgifter du hittar <a title=\"F\u00f6rtroendevalda\" href=\"http:\/\/faluspelmanslag.se\/?page_id=448\"><span style=\"text-decoration: underline;\">h\u00e4r<\/span><\/a>.<\/p>\n<p>Priset f\u00f6rhandlas fr\u00e5n fall till fall utifr\u00e5n antalet spelm\u00e4n, speltid, l\u00e5tval, om vi ska b\u00e4ra dr\u00e4kt eller inte etc.<\/p>\n<p>V\u00e4lkommen med dina fr\u00e5gor och f\u00f6rslag!<\/p>\n","protected":false},"excerpt":{"rendered":"<p>S\u00f6ker du lokalkolorit till ett offentligt arrangemang eller en st\u00e4mningsfull inramning vid en privat tillst\u00e4llning? Falu spelmanslag har bland annat medverkat vid nationaldagsfirandet vid Falu koppargruva, terminsstarten vid H\u00f6gskolan Dalarna &hellip; <a href=\"https:\/\/www.faluspelmanslag.se\/?page_id=37\" class=\"more-link\">Forts\u00e4tt l\u00e4sa <span class=\"screen-reader-text\">Hyra spelm\u00e4n<\/span> <span class=\"meta-nav\">&rarr;<\/span><\/a><\/p>\n","protected":false},"author":1,"featured_media":0,"parent":41,"menu_order":5,"comment_status":"open","ping_status":"open","template":"","meta":{"_crdt_document":"","_uag_custom_page_level_css":"","ngg_post_thumbnail":0,"footnotes":""},"class_list":["post-37","page","type-page","status-publish","hentry"],"uagb_featured_image_src":{"full":false,"thumbnail":false,"medium":false,"medium_large":false,"large":false,"1536x1536":false,"2048x2048":false,"post-thumbnail":false},"uagb_author_info":{"display_name":"admin","author_link":"https:\/\/www.faluspelmanslag.se\/?author=1"},"uagb_comment_info":0,"uagb_excerpt":"S\u00f6ker du lokalkolorit till ett offentligt arrangemang eller en st\u00e4mningsfull inramning vid en privat tillst\u00e4llning? Falu spelmanslag har bland annat medverkat vid nationaldagsfirandet vid Falu koppargruva, terminsstarten vid H\u00f6gskolan Dalarna &hellip; Forts\u00e4tt l\u00e4sa Hyra spelm\u00e4n &rarr;","_links":{"self":[{"href":"https:\/\/www.faluspelmanslag.se\/index.php?rest_route=\/wp\/v2\/pages\/37","targetHints":{"allow":["GET"]}}],"collection":[{"href":"https:\/\/www.faluspelmanslag.se\/index.php?rest_route=\/wp\/v2\/pages"}],"about":[{"href":"https:\/\/www.faluspelmanslag.se\/index.php?rest_route=\/wp\/v2\/types\/page"}],"author":[{"embeddable":true,"href":"https:\/\/www.faluspelmanslag.se\/index.php?rest_route=\/wp\/v2\/users\/1"}],"replies":[{"embeddable":true,"href":"https:\/\/www.faluspelmanslag.se\/index.php?rest_route=%2Fwp%2Fv2%2Fcomments&post=37"}],"version-history":[{"count":8,"href":"https:\/\/www.faluspelmanslag.se\/index.php?rest_route=\/wp\/v2\/pages\/37\/revisions"}],"predecessor-version":[{"id":1601,"href":"https:\/\/www.faluspelmanslag.se\/index.php?rest_route=\/wp\/v2\/pages\/37\/revisions\/1601"}],"up":[{"embeddable":true,"href":"https:\/\/www.faluspelmanslag.se\/index.php?rest_route=\/wp\/v2\/pages\/41"}],"wp:attachment":[{"href":"https:\/\/www.faluspelmanslag.se\/index.php?rest_route=%2Fwp%2Fv2%2Fmedia&parent=37"}],"curies":[{"name":"wp","href":"https:\/\/api.w.org\/{rel}","templated":true}]}}