{"id":41,"date":"2013-09-02T20:30:02","date_gmt":"2013-09-02T19:30:02","guid":{"rendered":"http:\/\/faluspelmanslag.se\/?page_id=41"},"modified":"2024-04-26T10:33:35","modified_gmt":"2024-04-26T08:33:35","slug":"om-oss","status":"publish","type":"page","link":"https:\/\/www.faluspelmanslag.se\/?page_id=41","title":{"rendered":"Om oss"},"content":{"rendered":"<p><img loading=\"lazy\" decoding=\"async\" class=\"size-medium wp-image-413 alignright\" src=\"http:\/\/faluspelmanslag.se0\/wp-content\/uploads\/2013\/09\/om-oss-300x224.jpg\" alt=\"Om oss\" width=\"300\" height=\"224\" srcset=\"https:\/\/www.faluspelmanslag.se\/wp-content\/uploads\/2013\/09\/om-oss-300x224.jpg 300w, https:\/\/www.faluspelmanslag.se\/wp-content\/uploads\/2013\/09\/om-oss.jpg 400w\" sizes=\"auto, (max-width: 300px) 100vw, 300px\" \/>Falu spelmanslag\u00a0best\u00e5r\u00a0idag\u00a0av n\u00e4rmare 50 medlemmar med hemvist i Falun med omnejd som spelar tillsammans f\u00f6r att vi \u00e4lskar att dela musikgl\u00e4djen med varandra &#8211; och med lyssnare och dansare.<\/p>\n<p>Varje torsdag\u00a0 kl 18.30 tr\u00e4ffas alla som vill p\u00e5 <a href=\"https:\/\/www.svenskakyrkan.se\/falun\/stefansgarden---st-stefans-kapell\">Stefansg\u00e5rden<\/a> i H\u00e4lsingg\u00e5rden\u00a0 d\u00e4r vi \u00f6var p\u00e5 gamla l\u00e5tar, l\u00e4r oss nya, fikar och diskuterar folkmusiklivets stora och sm\u00e5 fr\u00e5gor. Vi \u00e4r mycket stolta och glada \u00f6ver att de senaste \u00e5ren ha f\u00e5tt spela under ledning av tv\u00e5 suver\u00e4na spelkvinnor:<\/p>\n<p><strong>Ebba \u00c5slund<\/strong> har varit medlem i laget i m\u00e5nga \u00e5r och hennes l\u00e5tminne \u00e4r sv\u00e5rt att matcha. Hon \u00e4r en mycket driven och m\u00e5ngsidig spelman, som \u00e4ven leder gruppen Skogsstiernan, \u00e4lskad av danspubliken.<\/p>\n<p>N\u00e4r vi f\u00e5r spela f\u00f6r ett gungande, svettigt dansgolv \u00e4r vi som allra lyckligast. D\u00e4rf\u00f6r s\u00f6ker vi musik som sv\u00e4nger, oavsett geografiskt ursprung. Som inv\u00e5nare i Dalarnas residensstad \u00e4r vi f\u00f6rst\u00e5s s\u00e4rskilt m\u00e5na om den fantastiska l\u00e5tskatten fr\u00e5n Dalarna. Men vi har tack vare v\u00e5r tidigare spelledare Maria Jonson ocks\u00e5 uppt\u00e4ckt den sprittande V\u00e4sterbottensmusiken, och de sv\u00e4ngiga l\u00e5tarna fr\u00e5n V\u00e4rmland och Norge har sedan l\u00e5ng tid en stor plats i v\u00e5ra hj\u00e4rtan.<\/p>\n<p>M\u00e5ngfald \u00e4r\u00a0v\u00e5rt honn\u00f6rsord och ledord \u00e4ven f\u00f6r framtiden. Vi\u00a0\u00f6nskar flera medlemmar med f\u00e4rska id\u00e9er,\u00a0utmanande spelningar och en danspublik med \u00f6ppna \u00f6ron och spritt i benen. Hoppas att vi f\u00e5r \u00e4ran att spela med eller f\u00f6r dig som l\u00e4ser detta! Du kan dansa till oss\u00a0under <a href=\"https:\/\/stammoveckan.se\/\">St\u00e4mmoveckan<\/a> (speciellt i Bingsj\u00f6 p\u00e5 onsdagen) eller Folkmusiknatta i november. Exakt tider och platser f\u00f6r dessa spelningar, samt andra evenemang d\u00e4r vi medverkar, l\u00e4ggs in kontinuerligt under <em>Kalender<\/em> ovan. Blir v\u00e4ntan f\u00f6r l\u00e5ng finns v\u00e5r <strong>CD-skiva <\/strong><em>I st\u00f6ten <\/em>att k\u00f6pa under fliken Butik p\u00e5 v\u00e5r hemsida.<\/p>\n","protected":false},"excerpt":{"rendered":"<p>Falu spelmanslag\u00a0best\u00e5r\u00a0idag\u00a0av n\u00e4rmare 50 medlemmar med hemvist i Falun med omnejd som spelar tillsammans f\u00f6r att vi \u00e4lskar att dela musikgl\u00e4djen med varandra &#8211; och med lyssnare och dansare. Varje &hellip; <a href=\"https:\/\/www.faluspelmanslag.se\/?page_id=41\" class=\"more-link\">Forts\u00e4tt l\u00e4sa <span class=\"screen-reader-text\">Om oss<\/span> <span class=\"meta-nav\">&rarr;<\/span><\/a><\/p>\n","protected":false},"author":1,"featured_media":0,"parent":0,"menu_order":3,"comment_status":"open","ping_status":"open","template":"","meta":{"_crdt_document":"","_uag_custom_page_level_css":"","ngg_post_thumbnail":0,"footnotes":""},"class_list":["post-41","page","type-page","status-publish","hentry"],"uagb_featured_image_src":{"full":false,"thumbnail":false,"medium":false,"medium_large":false,"large":false,"1536x1536":false,"2048x2048":false,"post-thumbnail":false},"uagb_author_info":{"display_name":"admin","author_link":"https:\/\/www.faluspelmanslag.se\/?author=1"},"uagb_comment_info":0,"uagb_excerpt":"Falu spelmanslag\u00a0best\u00e5r\u00a0idag\u00a0av n\u00e4rmare 50 medlemmar med hemvist i Falun med omnejd som spelar tillsammans f\u00f6r att vi \u00e4lskar att dela musikgl\u00e4djen med varandra &#8211; och med lyssnare och dansare. Varje &hellip; Forts\u00e4tt l\u00e4sa Om oss &rarr;","_links":{"self":[{"href":"https:\/\/www.faluspelmanslag.se\/index.php?rest_route=\/wp\/v2\/pages\/41","targetHints":{"allow":["GET"]}}],"collection":[{"href":"https:\/\/www.faluspelmanslag.se\/index.php?rest_route=\/wp\/v2\/pages"}],"about":[{"href":"https:\/\/www.faluspelmanslag.se\/index.php?rest_route=\/wp\/v2\/types\/page"}],"author":[{"embeddable":true,"href":"https:\/\/www.faluspelmanslag.se\/index.php?rest_route=\/wp\/v2\/users\/1"}],"replies":[{"embeddable":true,"href":"https:\/\/www.faluspelmanslag.se\/index.php?rest_route=%2Fwp%2Fv2%2Fcomments&post=41"}],"version-history":[{"count":28,"href":"https:\/\/www.faluspelmanslag.se\/index.php?rest_route=\/wp\/v2\/pages\/41\/revisions"}],"predecessor-version":[{"id":4575,"href":"https:\/\/www.faluspelmanslag.se\/index.php?rest_route=\/wp\/v2\/pages\/41\/revisions\/4575"}],"wp:attachment":[{"href":"https:\/\/www.faluspelmanslag.se\/index.php?rest_route=%2Fwp%2Fv2%2Fmedia&parent=41"}],"curies":[{"name":"wp","href":"https:\/\/api.w.org\/{rel}","templated":true}]}}