{"id":50,"date":"2013-09-02T20:33:37","date_gmt":"2013-09-02T19:33:37","guid":{"rendered":"http:\/\/faluspelmanslag.se\/?page_id=50"},"modified":"2021-08-27T19:22:32","modified_gmt":"2021-08-27T17:22:32","slug":"lankar","status":"publish","type":"page","link":"https:\/\/www.faluspelmanslag.se\/?page_id=50","title":{"rendered":"L\u00e4nkar"},"content":{"rendered":"<p><a title=\"Arrang\u00f6rsf\u00f6reningen Falu Folk\" href=\"http:\/\/www.falufolkmusikodans.se\/\" target=\"_blank\" rel=\"noopener\">Arrang\u00f6rsf\u00f6reningen Falu Folk<\/a><\/p>\n<p><a title=\"Folkmusikens Hus i R\u00e4ttvik\" href=\"http:\/\/www.folkmusikenshus.se\" target=\"_blank\" rel=\"noopener\">Folkmusikens Hus i R\u00e4ttvik<\/a><\/p>\n<p><a title=\"Dalarnas spelmansf\u00f6rbund\" href=\"http:\/\/www.dalarnasspelmansforbund.se\/\" target=\"_blank\" rel=\"noopener\">Dalarnas spelmansf\u00f6rbund<\/a><\/p>\n<p><a title=\"Maria Jonssons hemsida\" href=\"http:\/\/www.mariajonssonmusik.se\/\" target=\"_blank\" rel=\"noopener\">Maria Jonssons hemsida<\/a><\/p>\n<p><a href=\"https:\/\/www.lansforsakringar.se\/dalarna\/privat\/\">Dalarnas f\u00f6rs\u00e4kringsbolag<\/a><\/p>\n<p><a href=\"https:\/\/folkmusikenshus.se\/om-oss\/studiforbundet-bilda-gavledala\/\">Studief\u00f6rbundet Bilda Mitt<\/a><\/p>\n","protected":false},"excerpt":{"rendered":"<p>Arrang\u00f6rsf\u00f6reningen Falu Folk Folkmusikens Hus i R\u00e4ttvik Dalarnas spelmansf\u00f6rbund Maria Jonssons hemsida Dalarnas f\u00f6rs\u00e4kringsbolag Studief\u00f6rbundet Bilda Mitt<\/p>\n","protected":false},"author":1,"featured_media":0,"parent":0,"menu_order":6,"comment_status":"open","ping_status":"open","template":"","meta":{"_crdt_document":"","_uag_custom_page_level_css":"","ngg_post_thumbnail":0,"footnotes":""},"class_list":["post-50","page","type-page","status-publish","hentry"],"uagb_featured_image_src":{"full":false,"thumbnail":false,"medium":false,"medium_large":false,"large":false,"1536x1536":false,"2048x2048":false,"post-thumbnail":false},"uagb_author_info":{"display_name":"admin","author_link":"https:\/\/www.faluspelmanslag.se\/?author=1"},"uagb_comment_info":0,"uagb_excerpt":"Arrang\u00f6rsf\u00f6reningen Falu Folk Folkmusikens Hus i R\u00e4ttvik Dalarnas spelmansf\u00f6rbund Maria Jonssons hemsida Dalarnas f\u00f6rs\u00e4kringsbolag Studief\u00f6rbundet Bilda Mitt","_links":{"self":[{"href":"https:\/\/www.faluspelmanslag.se\/index.php?rest_route=\/wp\/v2\/pages\/50","targetHints":{"allow":["GET"]}}],"collection":[{"href":"https:\/\/www.faluspelmanslag.se\/index.php?rest_route=\/wp\/v2\/pages"}],"about":[{"href":"https:\/\/www.faluspelmanslag.se\/index.php?rest_route=\/wp\/v2\/types\/page"}],"author":[{"embeddable":true,"href":"https:\/\/www.faluspelmanslag.se\/index.php?rest_route=\/wp\/v2\/users\/1"}],"replies":[{"embeddable":true,"href":"https:\/\/www.faluspelmanslag.se\/index.php?rest_route=%2Fwp%2Fv2%2Fcomments&post=50"}],"version-history":[{"count":5,"href":"https:\/\/www.faluspelmanslag.se\/index.php?rest_route=\/wp\/v2\/pages\/50\/revisions"}],"predecessor-version":[{"id":3480,"href":"https:\/\/www.faluspelmanslag.se\/index.php?rest_route=\/wp\/v2\/pages\/50\/revisions\/3480"}],"wp:attachment":[{"href":"https:\/\/www.faluspelmanslag.se\/index.php?rest_route=%2Fwp%2Fv2%2Fmedia&parent=50"}],"curies":[{"name":"wp","href":"https:\/\/api.w.org\/{rel}","templated":true}]}}