{"id":6058,"date":"2025-08-08T16:25:53","date_gmt":"2025-08-08T14:25:53","guid":{"rendered":"https:\/\/www.faluspelmanslag.se\/?page_id=6058"},"modified":"2025-08-08T16:40:48","modified_gmt":"2025-08-08T14:40:48","slug":"latkurser-2025","status":"publish","type":"page","link":"https:\/\/www.faluspelmanslag.se\/?page_id=6058","title":{"rendered":"L\u00e5tkurser 2025"},"content":{"rendered":"\n<h2 class=\"wp-block-heading\">Jeanett Rousu<\/h2>\n\n\n\n<p class=\"wp-block-paragraph\"><a href=\"https:\/\/faluspelmanslag.se\/wp-content\/uploads\/2025\/01\/Brollopspolska.mp3\">Br\u00f6llopspolska<\/a><br><a href=\"https:\/\/faluspelmanslag.se\/wp-content\/uploads\/2025\/01\/Brollopspolska-sakta.mp3\">Br\u00f6llopspolska sakta<\/a><br><a href=\"https:\/\/faluspelmanslag.se\/wp-content\/uploads\/2025\/01\/Slangpolska-e-Bernard-Ljunggren.mp3\">Sl\u00e4ngpolska e Bernard Ljunggren<\/a><br><a href=\"https:\/\/faluspelmanslag.se\/wp-content\/uploads\/2025\/01\/Slangpolska-e-Sven-Donat.mp3\">Sl\u00e4ngpolska e Sven Donat, Sven Donats gl\u00f6mda<\/a><\/p>\n\n\n\n<h2 class=\"wp-block-heading\">Thomas von Wachenfeldt<\/h2>\n\n\n\n<p class=\"wp-block-paragraph\">Thomas l\u00e4rde ut tre polskor som Per Abrahamsson Alc\u00e9n \u201dHultkl\u00e4ppen\u201d fr\u00e5n Bergsj\u00f6, H\u00e4lsingland l\u00e4r ha spelat:<br><a href=\"https:\/\/www.faluspelmanslag.se\/wp-content\/uploads\/2025\/04\/Polska-e-Sammels-Jon-Erik.m4a\">Polska efter Sammels Jon-Erik Kvick<\/a>&nbsp;(nr 9 i Thomas bok) ===&gt;<a href=\"https:\/\/open.spotify.com\/track\/79FrI2u6Jbue38cI0UltSo?si=a685f6d1f718495a\">Spotify<\/a>&nbsp;==&gt;<a href=\"https:\/\/www.faluspelmanslag.se\/wp-content\/uploads\/2025\/04\/IMG_0275-scaled.jpeg\">Noter<\/a><br><a href=\"https:\/\/www.faluspelmanslag.se\/wp-content\/uploads\/2025\/04\/Kringpolska-i-d-moll.m4a\">Kringpolska i d-mol<\/a>l efter \u201dBryggarn\u201d (nr 6 i Thomas bok) ===&gt;<a href=\"https:\/\/open.spotify.com\/track\/011ndYOJRzJoWaKpEMPioT?si=acd7006058ae4942\">Spotify<\/a>&nbsp;==&gt;<a href=\"https:\/\/www.faluspelmanslag.se\/wp-content\/uploads\/2025\/04\/IMG_0276-scaled.jpeg\">Noter<\/a><br><a href=\"https:\/\/www.faluspelmanslag.se\/wp-content\/uploads\/2025\/04\/Krakbacken.m4a\">Kr\u00e5kb\u00e4cken<\/a>&nbsp;efter Edvard Str\u00f6m (nr 14a i Thomas bok) ====&gt;<a href=\"https:\/\/open.spotify.com\/track\/6ZKF0K4k4qu40Ij9SHmIEv?si=7d42ae773ecd45a6\">Spotify<\/a>&nbsp;==&gt;<a href=\"https:\/\/www.faluspelmanslag.se\/wp-content\/uploads\/2025\/04\/IMG_0274-scaled.jpeg\">Noter<\/a><br>Alla&nbsp;<a href=\"https:\/\/www.faluspelmanslag.se\/wp-content\/uploads\/2025\/04\/Kurslatar-2025_04_03.pdf\">Hultkl\u00e4ppenl\u00e5tarna<\/a>&nbsp;p\u00e5 samma notblad!<\/p>\n\n\n\n<h2 class=\"wp-block-heading\">Els Doekes och Thomas Steenweg<\/h2>\n\n\n\n<p class=\"wp-block-paragraph\">Nederl\u00e4ndskt bes\u00f6k p\u00e5 laget 15 maj. Els och Thomas l\u00e4rde ut <a href=\"https:\/\/www.faluspelmanslag.se\/wp-content\/uploads\/2025\/05\/Nederlandsk-balfolk-latar.mp3\">tv\u00e5 l\u00e5tar<\/a> som man kan dansa &#8221;balfolk&#8221; till. <a href=\"https:\/\/www.faluspelmanslag.se\/wp-content\/uploads\/2025\/05\/noter-21-maj-2025-05-21-04.59.11-PM.pdf\">Noter ==><\/a> <a href=\"https:\/\/www.faluspelmanslag.se\/wp-content\/uploads\/2025\/06\/Nederlandsk-balfolk-dans.mp4\">Film fr\u00e5n dansen<\/a><\/p>\n","protected":false},"excerpt":{"rendered":"<p>Jeanett Rousu Br\u00f6llopspolskaBr\u00f6llopspolska saktaSl\u00e4ngpolska e Bernard LjunggrenSl\u00e4ngpolska e Sven Donat, Sven Donats gl\u00f6mda Thomas von Wachenfeldt Thomas l\u00e4rde ut tre polskor som Per Abrahamsson Alc\u00e9n \u201dHultkl\u00e4ppen\u201d fr\u00e5n Bergsj\u00f6, H\u00e4lsingland l\u00e4r &hellip; <a href=\"https:\/\/www.faluspelmanslag.se\/?page_id=6058\" class=\"more-link\">Forts\u00e4tt l\u00e4sa <span class=\"screen-reader-text\">L\u00e5tkurser 2025<\/span> <span class=\"meta-nav\">&rarr;<\/span><\/a><\/p>\n","protected":false},"author":211,"featured_media":0,"parent":4888,"menu_order":0,"comment_status":"closed","ping_status":"closed","template":"","meta":{"_crdt_document":"","_uag_custom_page_level_css":"","ngg_post_thumbnail":0,"footnotes":""},"class_list":["post-6058","page","type-page","status-publish","hentry"],"uagb_featured_image_src":{"full":false,"thumbnail":false,"medium":false,"medium_large":false,"large":false,"1536x1536":false,"2048x2048":false,"post-thumbnail":false},"uagb_author_info":{"display_name":"Erik Svensson","author_link":"https:\/\/www.faluspelmanslag.se\/?author=211"},"uagb_comment_info":0,"uagb_excerpt":"Jeanett Rousu Br\u00f6llopspolskaBr\u00f6llopspolska saktaSl\u00e4ngpolska e Bernard LjunggrenSl\u00e4ngpolska e Sven Donat, Sven Donats gl\u00f6mda Thomas von Wachenfeldt Thomas l\u00e4rde ut tre polskor som Per Abrahamsson Alc\u00e9n \u201dHultkl\u00e4ppen\u201d fr\u00e5n Bergsj\u00f6, H\u00e4lsingland l\u00e4r &hellip; Forts\u00e4tt l\u00e4sa L\u00e5tkurser 2025 &rarr;","_links":{"self":[{"href":"https:\/\/www.faluspelmanslag.se\/index.php?rest_route=\/wp\/v2\/pages\/6058","targetHints":{"allow":["GET"]}}],"collection":[{"href":"https:\/\/www.faluspelmanslag.se\/index.php?rest_route=\/wp\/v2\/pages"}],"about":[{"href":"https:\/\/www.faluspelmanslag.se\/index.php?rest_route=\/wp\/v2\/types\/page"}],"author":[{"embeddable":true,"href":"https:\/\/www.faluspelmanslag.se\/index.php?rest_route=\/wp\/v2\/users\/211"}],"replies":[{"embeddable":true,"href":"https:\/\/www.faluspelmanslag.se\/index.php?rest_route=%2Fwp%2Fv2%2Fcomments&post=6058"}],"version-history":[{"count":2,"href":"https:\/\/www.faluspelmanslag.se\/index.php?rest_route=\/wp\/v2\/pages\/6058\/revisions"}],"predecessor-version":[{"id":6100,"href":"https:\/\/www.faluspelmanslag.se\/index.php?rest_route=\/wp\/v2\/pages\/6058\/revisions\/6100"}],"up":[{"embeddable":true,"href":"https:\/\/www.faluspelmanslag.se\/index.php?rest_route=\/wp\/v2\/pages\/4888"}],"wp:attachment":[{"href":"https:\/\/www.faluspelmanslag.se\/index.php?rest_route=%2Fwp%2Fv2%2Fmedia&parent=6058"}],"curies":[{"name":"wp","href":"https:\/\/api.w.org\/{rel}","templated":true}]}}