{"id":6234,"date":"2025-09-24T09:06:59","date_gmt":"2025-09-24T07:06:59","guid":{"rendered":"https:\/\/www.faluspelmanslag.se\/?page_id=6234"},"modified":"2025-09-24T09:07:00","modified_gmt":"2025-09-24T07:07:00","slug":"konsertprogram-vika-2025","status":"publish","type":"page","link":"https:\/\/www.faluspelmanslag.se\/?page_id=6234","title":{"rendered":"Konsertprogram Vika 2025"},"content":{"rendered":"\n<p class=\"wp-block-paragraph\">Programmet s\u00e5g ut enligt nedan:<\/p>\n\n\n\n<ol class=\"wp-block-list\">\n<li><strong>\u201d<a href=\"https:\/\/www.faluspelmanslag.se\/wp-content\/uploads\/2025\/08\/Vika-124.m4a\">Vika-124<\/a>\u201d av LG Weinberg<\/strong>. ==>\u00a0<a href=\"https:\/\/www.faluspelmanslag.se\/wp-content\/uploads\/2025\/08\/IMG_4439.jpg\">Noter<\/a>\u00a0(1:a repr\u00a0<strong>D<\/strong>, 2:a i\u00a0<strong>G<\/strong>. 1 varv \u201drakt igenom\u201d, 2 v 1:a repr 1g, 2:a repr 1:a varv endast orgel, 2 varv alla, (ljust spelat, ingen bas p\u00e5 dragspelen, sluta m 1:a repr)<\/li>\n\n\n\n<li><a href=\"https:\/\/www.faluspelmanslag.se\/wp-content\/uploads\/2021\/08\/Bingsjoschottis-e-Agenmark.mp3\">\u201d<strong>Cykelhandlarns schottis<\/strong>\u201d<\/a>\u00a0(1:a repr\u00a0<strong>D<\/strong>, 2:a i\u00a0<strong>A<\/strong>. 2 varv, slut 1:a repr)<\/li>\n\n\n\n<li><a href=\"https:\/\/www.faluspelmanslag.se\/wp-content\/uploads\/2025\/01\/Brollopspolska.mp3\"><strong>Br\u00f6llopspolska<\/strong>\u00a0<\/a>(sl\u00e4ngpolskan 2 varv i\u00a0<strong>gm<\/strong>)<\/li>\n\n\n\n<li><strong><a href=\"https:\/\/www.faluspelmanslag.se\/wp-content\/uploads\/2025\/01\/Slangpolska-e-Sven-Donat.mp3\">Donats gl\u00f6mda<\/a><\/strong>\u00a0(s\u00e4ckpipa 1 varv i\u00a0<strong>A<\/strong>, sedan alla i\u00a0<strong>D<\/strong>, 2 varv till)<\/li>\n\n\n\n<li><strong>S\u00e4rna stekl\u00e5t<\/strong>\u00a0(s\u00e4ckpipa 1 varv\u00a0<strong>a-moll<\/strong>, sedan alla\u00a0<strong>dm<\/strong>\u00a01 varv till)<\/li>\n\n\n\n<li><strong>Jag bl\u00e5ste i min pipa<\/strong>\u00a0(s\u00e4ckpipa 1 varv\u00a0<strong>a-moll<\/strong>, sedan s\u00e5ng 1 varv\u00a0<strong>gm<\/strong>!)<\/li>\n\n\n\n<li><strong><a href=\"https:\/\/www.faluspelmanslag.se\/wp-content\/uploads\/2024\/05\/Gammal-falupolska.m4a\">Gammal falupolska<\/a><\/strong>\u00a0(<strong>d-moll<\/strong>, 2 varv, ev med Thomas Isaksson piano)<\/li>\n\n\n\n<li>\u201dMed 50-\u00e5r i bagaget\u201d av L-G Weinberg (dragspel solo)<\/li>\n\n\n\n<li>J\u00e4mtpolska (Ylva fl\u00f6jt solo)<\/li>\n\n\n\n<li><strong><a href=\"https:\/\/www.faluspelmanslag.se\/wp-content\/uploads\/2019\/11\/P\u00e4rlpolskan-av-Jan-Florin.mp3\">P\u00e4rlpolskan<\/a><\/strong>\u00a0av Jan Florin (<strong>A-dur<\/strong>, 1:a varv Jan F solo, sedan alla 2 varv till)<\/li>\n\n\n\n<li><strong><a href=\"https:\/\/faluspelmanslag.se\/wp-content\/uploads\/2021\/11\/Djavilspolskan.mp3\">Dj\u00e4vulspolskan<\/a><\/strong>\u00a0(\u00a0<strong>d-moll<\/strong>, 2 varv med slut 1:a takten i 1:a repr)<\/li>\n\n\n\n<li><strong>\u201dMellan himmel och jord\u201d<\/strong>\u00a0(den vi kallar J\u00e4mtexpressen,\u00a0<strong>D-dur<\/strong>, 1:a varvet endast bas och munspel, varv 2 och 3 alla)<\/li>\n\n\n\n<li>\u201dLommen\u201d av Ola B\u00e4ckstr\u00f6m (Erik + Lasse)<\/li>\n\n\n\n<li><strong><a href=\"https:\/\/www.faluspelmanslag.se\/wp-content\/uploads\/2019\/11\/Ebbas-Brudpolska.mp3\">Ebbas brudpolska<\/a><\/strong>\u00a0av Ola B\u00e4ckstr\u00f6m (<strong>A-dur<\/strong>, alla, 2 varv)<\/li>\n\n\n\n<li><a href=\"https:\/\/faluspelmanslag.se\/wp-content\/uploads\/2024\/10\/Tack-O-Lov-Efter-Jannes-Hans.mp3\"><strong>\u201dTack \u00e5 lov\u201d<\/strong>\u00a0<\/a>(<strong>D\/dm,<\/strong>\u00a0alla, 2 varv)<\/li>\n\n\n\n<li><strong>\u201dElis godnattvals\u201d<\/strong>\u00a0av L-G Weinberg (<strong>A-dur<\/strong>, inledning 1:a repr en g\u00e5ng, 2 fl\u00f6jter (Maria och Ylva) + gitarr (G\u00f6ran el Lasse), sedan alla \u201dn\u00e4stan 2 varv\u201d, ritardando f\u00f6re sista frasen, sedan fl\u00f6jter och gitarr och sedan sista tonen (A) alla!)<\/li>\n\n\n\n<li>Utg\u00e5ngsmarsch\u00a0<strong><a href=\"https:\/\/www.faluspelmanslag.se\/wp-content\/uploads\/2024\/05\/Stabergs-ganglat.m4a\">\u201dStabergs g\u00e5ngl\u00e5t\u201d<\/a><\/strong>\u00a0av Jan \u00c5slund (<strong>G-dur<\/strong>, vi spelar och g\u00e5r till utg\u00e5ngen<\/li>\n<\/ol>\n","protected":false},"excerpt":{"rendered":"<p>Programmet s\u00e5g ut enligt nedan:<\/p>\n","protected":false},"author":211,"featured_media":0,"parent":98,"menu_order":0,"comment_status":"closed","ping_status":"closed","template":"","meta":{"_crdt_document":"","_uag_custom_page_level_css":"","ngg_post_thumbnail":0,"footnotes":""},"class_list":["post-6234","page","type-page","status-publish","hentry"],"uagb_featured_image_src":{"full":false,"thumbnail":false,"medium":false,"medium_large":false,"large":false,"1536x1536":false,"2048x2048":false,"post-thumbnail":false},"uagb_author_info":{"display_name":"Erik Svensson","author_link":"https:\/\/www.faluspelmanslag.se\/?author=211"},"uagb_comment_info":0,"uagb_excerpt":"Programmet s\u00e5g ut enligt nedan:","_links":{"self":[{"href":"https:\/\/www.faluspelmanslag.se\/index.php?rest_route=\/wp\/v2\/pages\/6234","targetHints":{"allow":["GET"]}}],"collection":[{"href":"https:\/\/www.faluspelmanslag.se\/index.php?rest_route=\/wp\/v2\/pages"}],"about":[{"href":"https:\/\/www.faluspelmanslag.se\/index.php?rest_route=\/wp\/v2\/types\/page"}],"author":[{"embeddable":true,"href":"https:\/\/www.faluspelmanslag.se\/index.php?rest_route=\/wp\/v2\/users\/211"}],"replies":[{"embeddable":true,"href":"https:\/\/www.faluspelmanslag.se\/index.php?rest_route=%2Fwp%2Fv2%2Fcomments&post=6234"}],"version-history":[{"count":1,"href":"https:\/\/www.faluspelmanslag.se\/index.php?rest_route=\/wp\/v2\/pages\/6234\/revisions"}],"predecessor-version":[{"id":6235,"href":"https:\/\/www.faluspelmanslag.se\/index.php?rest_route=\/wp\/v2\/pages\/6234\/revisions\/6235"}],"up":[{"embeddable":true,"href":"https:\/\/www.faluspelmanslag.se\/index.php?rest_route=\/wp\/v2\/pages\/98"}],"wp:attachment":[{"href":"https:\/\/www.faluspelmanslag.se\/index.php?rest_route=%2Fwp%2Fv2%2Fmedia&parent=6234"}],"curies":[{"name":"wp","href":"https:\/\/api.w.org\/{rel}","templated":true}]}}