{"id":6610,"date":"2026-04-05T14:31:43","date_gmt":"2026-04-05T12:31:43","guid":{"rendered":"https:\/\/www.faluspelmanslag.se\/?page_id=6610"},"modified":"2026-04-05T14:32:22","modified_gmt":"2026-04-05T12:32:22","slug":"zornkonsert-juni-2026","status":"publish","type":"page","link":"https:\/\/www.faluspelmanslag.se\/?page_id=6610","title":{"rendered":"Zornkonsert juni 2026"},"content":{"rendered":"\n<p class=\"wp-block-paragraph\">H\u00e4r kommer l\u00e5tarna som vi planerar spela p\u00e5 v\u00e5r konsert 25 juni 2026. Notera att l\u00e5tordningen inte \u00e4r spikad \u00e4n till 100% och inte heller programmet som en helhet. L\u00e5tar kan bytas ut och n\u00e5gra kan komma att tas bort s\u00e5 att vi inte f\u00e5r ett f\u00f6r l\u00e5ngt program. Just nu \u00e4r det f\u00f6r l\u00e5ngt!<\/p>\n\n\n\n<ol class=\"wp-block-list\">\n<li>Vall\u00e5t p\u00e5 horn med Melker Brodin<\/li>\n\n\n\n<li><a href=\"https:\/\/www.faluspelmanslag.se\/wp-content\/uploads\/2018\/01\/Polska-e-Stor-Mats-Skifva.mp3\">Stor Matts Skifva Ore polska i Dm<\/a><\/li>\n\n\n\n<li><a href=\"https:\/\/www.faluspelmanslag.se\/wp-content\/uploads\/2024\/05\/Gammal-falupolska.m4a\">Gammal<strong> <\/strong>falupolska<\/a><span style=\"caret-color: rgb(0, 0, 0); color: rgb(0, 0, 0); font-family: -webkit-standard; white-space: normal;\">\u00a0<\/span><strong><span style=\"caret-color: rgb(0, 0, 0); color: rgb(0, 0, 0); font-family: -webkit-standard; white-space: normal;\">(<\/span><\/strong>d-moll<span style=\"caret-color: rgb(0, 0, 0); color: rgb(0, 0, 0); font-family: -webkit-standard; white-space: normal;\">, 2 varv, ev med Ylva Persson piano)<\/span><\/li>\n\n\n\n<li><a href=\"https:\/\/www.faluspelmanslag.se\/wp-content\/uploads\/2025\/01\/Slangpolska-e-Sven-Donat.mp3\">Donats gl\u00f6mda<\/a>\u00a0(s\u00e4ckpipa 1 varv i\u00a0<strong>A<\/strong>, sedan alla i\u00a0<strong>D<\/strong>, 2 varv till)<\/li>\n\n\n\n<li><a href=\"https:\/\/www.faluspelmanslag.se\/wp-content\/uploads\/2019\/11\/P\u00e4rlpolskan-av-Jan-Florin.mp3\">P\u00e4rlpolskan<\/a>\u00a0av Jan Florin (<strong>A-dur<\/strong>, 1:a varv Jan F solo, sedan alla 2 varv till)<\/li>\n\n\n\n<li>Solol\u00e5t av och med LG Weinberg<\/li>\n\n\n\n<li><strong>\u201d<\/strong><a href=\"https:\/\/www.faluspelmanslag.se\/wp-content\/uploads\/2025\/08\/Vika-124.m4a\">Vika-124<\/a><strong>\u201d av LG Weinberg<\/strong>. ==>\u00a0<a href=\"https:\/\/www.faluspelmanslag.se\/wp-content\/uploads\/2025\/08\/IMG_4439.jpg\">Noter<\/a>\u00a0<\/li>\n\n\n\n<li><a href=\"https:\/\/www.faluspelmanslag.se\/wp-content\/uploads\/2026\/03\/Rodhattan.mp3\">R\u00f6dh\u00e4ttehurven av Lasse Ljungstr\u00f6m<\/a><\/li>\n\n\n\n<li><a href=\"https:\/\/www.faluspelmanslag.se\/wp-content\/uploads\/2026\/03\/Malar-Gustaf-1a-Jamtexpressen-RNN-AWD-.mp3\">\u201dMellan himmel och jord\u201d<\/a>\u00a0(den vi kallar J\u00e4mtexpressen,\u00a0<strong>D-dur<\/strong>, 1:a varvet endast bas och munspel, varv 2 och 3 alla)<\/li>\n\n\n\n<li>Olas Dm polska trio med Ola B, Lasse L och Erik S<\/li>\n\n\n\n<li><a href=\"https:\/\/www.faluspelmanslag.se\/wp-content\/uploads\/2019\/11\/Ebbas-Brudpolska.mp3\">Ebbas brudpolska<\/a><span style=\"caret-color: rgb(0, 0, 0); color: rgb(0, 0, 0); font-family: -webkit-standard; white-space: normal;\">\u00a0av Ola B\u00e4ckstr\u00f6m (<\/span><strong style=\"caret-color: rgb(0, 0, 0); color: rgb(0, 0, 0); white-space: normal;\">A-dur<\/strong><span style=\"caret-color: rgb(0, 0, 0); color: rgb(0, 0, 0); font-family: -webkit-standard; white-space: normal;\">, alla, 2 varv)<\/span><\/li>\n\n\n\n<li><a href=\"https:\/\/www.faluspelmanslag.se\/wp-content\/uploads\/2026\/03\/BillMc.mp3\">\u00c4ngsstunden av Bill McChesney D-dur<\/a><\/li>\n\n\n\n<li><a href=\"https:\/\/www.faluspelmanslag.se\/wp-content\/uploads\/2020\/11\/Ronny-Ingalills-60\u00e5rspolska.mp3\">Ronny och Inga-Lills Br\u00f6llopspolska i Gm av Lisa Rosell<\/a><\/li>\n\n\n\n<li><a href=\"https:\/\/www.faluspelmanslag.se\/wp-content\/uploads\/2025\/03\/Blidstrom-menuet-18-PG.mp3\">Blidstr\u00f6ms Menuett nr 18<\/a><\/li>\n\n\n\n<li><a href=\"https:\/\/www.faluspelmanslag.se\/wp-content\/uploads\/2020\/11\/Ollenas-Brudvals-001.mp3\">Ollenas Brudvals  D-dur av G\u00f6ran Wickman<\/a><\/li>\n\n\n\n<li><a href=\"https:\/\/www.faluspelmanslag.se\/wp-content\/uploads\/2022\/03\/Ingegerds-vals-2.mp3\">Ingegerds Vals G-dur av G\u00f6ran F\u00e4lt<\/a><\/li>\n\n\n\n<li><a href=\"https:\/\/www.faluspelmanslag.se\/wp-content\/uploads\/2026\/02\/Kingen-av-Jan-Aslund.m4a\">Kingen i G-dur av Jan \u00c5slund<\/a><\/li>\n\n\n\n<li><a href=\"https:\/\/www.faluspelmanslag.se\/wp-content\/uploads\/2025\/11\/Nara-havet-1.m4a\">N\u00e4ra havet i Am av Lars H\u00f6kpers<\/a><\/li>\n\n\n\n<li><a href=\"https:\/\/www.faluspelmanslag.se\/wp-content\/uploads\/2020\/02\/Sjuttisen.mp3\">Sjuttis i Em av Lars H\u00f6kpers<\/a><\/li>\n\n\n\n<li>ev X-numer <a href=\"https:\/\/www.faluspelmanslag.se\/wp-content\/uploads\/2013\/09\/21-Blind-Mattis.mp3\">Blind-Mattis leken fr\u00e5n N\u00e5s<\/a> i Dm<\/li>\n\n\n\n<li>Avslut med alls\u00e5ng: \u00d6stbj\u00f6rkavisan i D-dur efter Pers-Erik \u00d6stbj\u00f6rka<\/li>\n<\/ol>\n\n\n\n<p class=\"wp-block-paragraph\"><\/p>\n","protected":false},"excerpt":{"rendered":"<p>H\u00e4r kommer l\u00e5tarna som vi planerar spela p\u00e5 v\u00e5r konsert 25 juni 2026. Notera att l\u00e5tordningen inte \u00e4r spikad \u00e4n till 100% och inte heller programmet som en helhet. L\u00e5tar &hellip; <a href=\"https:\/\/www.faluspelmanslag.se\/?page_id=6610\" class=\"more-link\">Forts\u00e4tt l\u00e4sa <span class=\"screen-reader-text\">Zornkonsert juni 2026<\/span> <span class=\"meta-nav\">&rarr;<\/span><\/a><\/p>\n","protected":false},"author":211,"featured_media":0,"parent":98,"menu_order":0,"comment_status":"closed","ping_status":"closed","template":"","meta":{"_crdt_document":"","_uag_custom_page_level_css":"","ngg_post_thumbnail":0,"footnotes":""},"class_list":["post-6610","page","type-page","status-publish","hentry"],"uagb_featured_image_src":{"full":false,"thumbnail":false,"medium":false,"medium_large":false,"large":false,"1536x1536":false,"2048x2048":false,"post-thumbnail":false},"uagb_author_info":{"display_name":"Erik Svensson","author_link":"https:\/\/www.faluspelmanslag.se\/?author=211"},"uagb_comment_info":0,"uagb_excerpt":"H\u00e4r kommer l\u00e5tarna som vi planerar spela p\u00e5 v\u00e5r konsert 25 juni 2026. Notera att l\u00e5tordningen inte \u00e4r spikad \u00e4n till 100% och inte heller programmet som en helhet. L\u00e5tar &hellip; Forts\u00e4tt l\u00e4sa Zornkonsert juni 2026 &rarr;","_links":{"self":[{"href":"https:\/\/www.faluspelmanslag.se\/index.php?rest_route=\/wp\/v2\/pages\/6610","targetHints":{"allow":["GET"]}}],"collection":[{"href":"https:\/\/www.faluspelmanslag.se\/index.php?rest_route=\/wp\/v2\/pages"}],"about":[{"href":"https:\/\/www.faluspelmanslag.se\/index.php?rest_route=\/wp\/v2\/types\/page"}],"author":[{"embeddable":true,"href":"https:\/\/www.faluspelmanslag.se\/index.php?rest_route=\/wp\/v2\/users\/211"}],"replies":[{"embeddable":true,"href":"https:\/\/www.faluspelmanslag.se\/index.php?rest_route=%2Fwp%2Fv2%2Fcomments&post=6610"}],"version-history":[{"count":1,"href":"https:\/\/www.faluspelmanslag.se\/index.php?rest_route=\/wp\/v2\/pages\/6610\/revisions"}],"predecessor-version":[{"id":6612,"href":"https:\/\/www.faluspelmanslag.se\/index.php?rest_route=\/wp\/v2\/pages\/6610\/revisions\/6612"}],"up":[{"embeddable":true,"href":"https:\/\/www.faluspelmanslag.se\/index.php?rest_route=\/wp\/v2\/pages\/98"}],"wp:attachment":[{"href":"https:\/\/www.faluspelmanslag.se\/index.php?rest_route=%2Fwp%2Fv2%2Fmedia&parent=6610"}],"curies":[{"name":"wp","href":"https:\/\/api.w.org\/{rel}","templated":true}]}}