{"id":79,"date":"2013-09-02T23:37:57","date_gmt":"2013-09-02T22:37:57","guid":{"rendered":"http:\/\/faluspelmanslag.se\/?page_id=79"},"modified":"2024-08-14T09:49:47","modified_gmt":"2024-08-14T07:49:47","slug":"falu-spelmanslag","status":"publish","type":"page","link":"https:\/\/www.faluspelmanslag.se\/","title":{"rendered":"V\u00e4lkommen!"},"content":{"rendered":"<style type=\"text\/css\">.easingslider-1047 { max-width: 740px; }.easingslider-1047 .easingslider-image { max-height: 340px; max-width: 740px; }.easingslider-1047 .easingslider-fade-in, .easingslider-fade-out { -webkit-animation-duration: 500ms; -moz-animation-duration: 500ms; animation-duration: 500ms; }<\/style><script type=\"text\/javascript\">window.EasingSlider1047 = {\"width\":740,\"height\":340,\"singleItem\":true,\"items\":1,\"itemsDesktop\":false,\"itemsDesktopSmall\":false,\"itemsTablet\":false,\"itemsTabletSmall\":false,\"itemsMobile\":false,\"responsive\":true,\"lazyLoad\":true,\"autoPlay\":4000,\"slideSpeed\":500,\"navigation\":true,\"navigationText\":[\"\",\"\"],\"pagination\":true,\"autoHeight\":false,\"mouseDrag\":false,\"touchDrag\":false,\"addClassActive\":true,\"transitionStyle\":\"fade\"};<\/script><div data-id=\"1047\" class=\"easingslider easingslider-1047 easingslider-container easingslider-resizing-enabled easingslider-aspect-ratio easingslider-arrows-inside easingslider-pagination-inside easingslider-pagination-bottom-center\"><div class=\"easingslider-slide\"><img decoding=\"async\" src=\"https:\/\/www.faluspelmanslag.se\/wp-content\/plugins\/easing-slider\/assets\/images\/placeholder-pixel.png\" data-src=\"https:\/\/www.faluspelmanslag.se\/wp-content\/uploads\/2022\/04\/P1370508RAW-scaled-740x340.jpg\" alt=\"\" title=\"\" class=\"easingslider-image easingslider-lazy\" \/><\/div><div class=\"easingslider-slide\"><img decoding=\"async\" src=\"https:\/\/www.faluspelmanslag.se\/wp-content\/plugins\/easing-slider\/assets\/images\/placeholder-pixel.png\" data-src=\"https:\/\/www.faluspelmanslag.se\/wp-content\/uploads\/2024\/06\/Avmarsch1-scaled-740x340.jpg\" alt=\"\" title=\"\" class=\"easingslider-image easingslider-lazy\" \/><\/div><div class=\"easingslider-slide\"><img decoding=\"async\" src=\"https:\/\/www.faluspelmanslag.se\/wp-content\/plugins\/easing-slider\/assets\/images\/placeholder-pixel.png\" data-src=\"https:\/\/www.faluspelmanslag.se\/wp-content\/uploads\/2025\/09\/20250914-113430569-scaled-740x340.jpeg\" alt=\"\" title=\"\" class=\"easingslider-image easingslider-lazy\" \/><\/div><div class=\"easingslider-slide\"><img decoding=\"async\" src=\"https:\/\/www.faluspelmanslag.se\/wp-content\/plugins\/easing-slider\/assets\/images\/placeholder-pixel.png\" data-src=\"https:\/\/www.faluspelmanslag.se\/wp-content\/uploads\/2025\/08\/4B760F96-A9BA-4B7F-B281-5546E9B7ADD6-740x340.jpeg\" alt=\"\" title=\"\" class=\"easingslider-image easingslider-lazy\" \/><\/div><div class=\"easingslider-slide\"><img decoding=\"async\" src=\"https:\/\/www.faluspelmanslag.se\/wp-content\/plugins\/easing-slider\/assets\/images\/placeholder-pixel.png\" data-src=\"https:\/\/www.faluspelmanslag.se\/wp-content\/uploads\/2025\/04\/IMG_9457-scaled-740x340.jpg\" alt=\"\" title=\"\" class=\"easingslider-image easingslider-lazy\" \/><\/div><div class=\"easingslider-slide\"><a href=\"none\" target=\"1\"><img decoding=\"async\" src=\"https:\/\/www.faluspelmanslag.se\/wp-content\/plugins\/easing-slider\/assets\/images\/placeholder-pixel.png\" data-src=\"https:\/\/www.faluspelmanslag.se\/wp-content\/uploads\/2014\/02\/Fnatta-laget-1L-740x340.jpg\" alt=\"\" title=\"Fnatta laget 1L\" class=\"easingslider-image easingslider-lazy\" \/><\/a><\/div><div class=\"easingslider-slide\"><a href=\"none\" target=\"1\"><img decoding=\"async\" src=\"https:\/\/www.faluspelmanslag.se\/wp-content\/plugins\/easing-slider\/assets\/images\/placeholder-pixel.png\" data-src=\"https:\/\/www.faluspelmanslag.se\/wp-content\/uploads\/2013\/09\/om-oss-740x340.jpg\" alt=\"Om oss\" title=\"om-oss\" class=\"easingslider-image easingslider-lazy\" \/><\/a><\/div><div class=\"easingslider-slide\"><img decoding=\"async\" src=\"https:\/\/www.faluspelmanslag.se\/wp-content\/plugins\/easing-slider\/assets\/images\/placeholder-pixel.png\" data-src=\"https:\/\/www.faluspelmanslag.se\/wp-content\/uploads\/2018\/03\/1190558rawbesk-e1519993200990-740x340.jpg\" alt=\"\" title=\"\" class=\"easingslider-image easingslider-lazy\" \/><\/div><div class=\"easingslider-slide\"><img decoding=\"async\" src=\"https:\/\/www.faluspelmanslag.se\/wp-content\/plugins\/easing-slider\/assets\/images\/placeholder-pixel.png\" data-src=\"https:\/\/www.faluspelmanslag.se\/wp-content\/uploads\/2019\/01\/L\u00e5tkurs-Fr\u00e4mby-Udde-20190119-740x340.jpg\" alt=\"\" title=\"\" class=\"easingslider-image easingslider-lazy\" \/><\/div><div class=\"easingslider-slide\"><img decoding=\"async\" src=\"https:\/\/www.faluspelmanslag.se\/wp-content\/plugins\/easing-slider\/assets\/images\/placeholder-pixel.png\" data-src=\"https:\/\/www.faluspelmanslag.se\/wp-content\/uploads\/2022\/01\/0B72084E-43FB-484D-984C-7B31F491AB28-740x340.jpeg\" alt=\"\" title=\"\" class=\"easingslider-image easingslider-lazy\" \/><\/div><div class=\"easingslider-slide\"><img decoding=\"async\" src=\"https:\/\/www.faluspelmanslag.se\/wp-content\/plugins\/easing-slider\/assets\/images\/placeholder-pixel.png\" data-src=\"https:\/\/www.faluspelmanslag.se\/wp-content\/uploads\/2022\/01\/2BF9BB7A-D60E-413E-A4CD-122E65082655-740x340.jpeg\" alt=\"\" title=\"\" class=\"easingslider-image easingslider-lazy\" \/><\/div><\/div>\n<h3>V\u00e4lkommen till Falu spelmanslag!<\/h3>\n<h4>Falu Spelmanslag \u00e4r en folkmusikf\u00f6rening som \u00e4r \u00f6ppen f\u00f6r alla som p\u00e5 grund av sin k\u00e4rlek till folkmusiken vill f\u00f6rkovra sig under gener\u00f6sa inl\u00e4rnings- och uppspelningsformer.<\/h4>\n<p>Falu spelmanslag bildades 1986 och har i dag ett 50-tal medlemmar med varierande geografisk h\u00e4rkomst och spelerfarenhet. Laget har en bred repertoar av dansv\u00e4nlig musik. Den sj\u00e4lvklara k\u00e4rnan \u00e4r spelmansmusiken fr\u00e5n Dalarna. Genom \u00e5ren har lagmedlemmar, spelledare och g\u00e4stl\u00e4rare \u00e4ven bidragit med l\u00e5tar fr\u00e5n bland annat Norge, V\u00e4rmland och V\u00e4sterbotten.<\/p>\n<p>Varje \u00e5r \u00e4r Falu spelmanslag engagerat i Folkmusiknatta i Falun. Laget brukar ocks\u00e5 spela till dans p\u00e5 Bingsj\u00f6st\u00e4mman och i flera andra sammanhang.<\/p>\n<p>Om du vill ha kontakt med laget skicka e-post till <a href=\"mailto:info@faluspelmanslag.se\">info@faluspelmanslag.se<\/a><\/p>\n<p>Som medlem i\u00a0\u00a0spelmanslaget f\u00e5r du tillg\u00e5ng till medlemssidorna. D\u00e4r kan du l\u00e4sa vad vi gjort p\u00e5 varje \u00f6vning, hitta kontaktuppgifter \u00a0till medlemmar, titta p\u00e5 bilder, lyssna p\u00e5 l\u00e5tar med mera. L\u00e4s mer under fliken: <a href=\"http:\/\/www.faluspelmanslag.se\/?page_id=46\">Kom och spela &#8211; bli medlem.<\/a><\/p>\n\n\n<hr class=\"wp-block-separator has-alpha-channel-opacity\"\/>\n\n\n\n<p class=\"wp-block-paragraph\"><\/p>\n\n\n\n<hr class=\"wp-block-separator has-alpha-channel-opacity\"\/>\n\n\n\n<figure class=\"wp-block-image size-large is-resized\"><a href=\"http:\/\/faluspelmanslag.se\/wp-content\/uploads\/2023\/10\/LF_Dalarna_rgb_v-scaled.jpg\"><img loading=\"lazy\" decoding=\"async\" width=\"1024\" height=\"213\" src=\"http:\/\/faluspelmanslag.se\/wp-content\/uploads\/2023\/10\/LF_Dalarna_rgb_v-1024x213.jpg\" alt=\"\" class=\"wp-image-4379\" style=\"width:417px;height:86px\" srcset=\"https:\/\/www.faluspelmanslag.se\/wp-content\/uploads\/2023\/10\/LF_Dalarna_rgb_v-1024x213.jpg 1024w, https:\/\/www.faluspelmanslag.se\/wp-content\/uploads\/2023\/10\/LF_Dalarna_rgb_v-300x62.jpg 300w, https:\/\/www.faluspelmanslag.se\/wp-content\/uploads\/2023\/10\/LF_Dalarna_rgb_v-768x160.jpg 768w, https:\/\/www.faluspelmanslag.se\/wp-content\/uploads\/2023\/10\/LF_Dalarna_rgb_v-1536x319.jpg 1536w, https:\/\/www.faluspelmanslag.se\/wp-content\/uploads\/2023\/10\/LF_Dalarna_rgb_v-2048x425.jpg 2048w\" sizes=\"auto, (max-width: 1024px) 100vw, 1024px\" \/><\/a><figcaption class=\"wp-element-caption\"><em>Dalarnas f\u00f6rs\u00e4kringsbolag ger st\u00f6d till Falu spelmanslag.<\/em><\/figcaption><\/figure>\n\n\n\n<figure class=\"wp-block-image size-full\"><a href=\"http:\/\/www.faluspelmanslag.se\/wp-content\/uploads\/2021\/08\/bilda_grund150px.png\"><img loading=\"lazy\" decoding=\"async\" width=\"150\" height=\"72\" src=\"http:\/\/www.faluspelmanslag.se\/wp-content\/uploads\/2021\/08\/bilda_grund150px.png\" alt=\"\" class=\"wp-image-3481\"\/><\/a><figcaption class=\"wp-element-caption\"><a href=\"http:\/\/www.faluspelmanslag.se\/wp-content\/uploads\/2021\/08\/bilda_grund-300.png\"><\/a>Falu spelmanslag samarbetar med studief\u00f6rbundet Bilda Mitt.<\/figcaption><\/figure>\n","protected":false},"excerpt":{"rendered":"<p>V\u00e4lkommen till Falu spelmanslag! Falu Spelmanslag \u00e4r en folkmusikf\u00f6rening som \u00e4r \u00f6ppen f\u00f6r alla som p\u00e5 grund av sin k\u00e4rlek till folkmusiken vill f\u00f6rkovra sig under gener\u00f6sa inl\u00e4rnings- och uppspelningsformer. &hellip; <a href=\"https:\/\/www.faluspelmanslag.se\/\" class=\"more-link\">Forts\u00e4tt l\u00e4sa <span class=\"screen-reader-text\">V\u00e4lkommen!<\/span> <span class=\"meta-nav\">&rarr;<\/span><\/a><\/p>\n","protected":false},"author":1,"featured_media":0,"parent":0,"menu_order":1,"comment_status":"closed","ping_status":"closed","template":"","meta":{"_crdt_document":"","_uag_custom_page_level_css":"","ngg_post_thumbnail":0,"footnotes":""},"class_list":["post-79","page","type-page","status-publish","hentry"],"uagb_featured_image_src":{"full":false,"thumbnail":false,"medium":false,"medium_large":false,"large":false,"1536x1536":false,"2048x2048":false,"post-thumbnail":false},"uagb_author_info":{"display_name":"admin","author_link":"https:\/\/www.faluspelmanslag.se\/?author=1"},"uagb_comment_info":0,"uagb_excerpt":"V\u00e4lkommen till Falu spelmanslag! Falu Spelmanslag \u00e4r en folkmusikf\u00f6rening som \u00e4r \u00f6ppen f\u00f6r alla som p\u00e5 grund av sin k\u00e4rlek till folkmusiken vill f\u00f6rkovra sig under gener\u00f6sa inl\u00e4rnings- och uppspelningsformer. &hellip; Forts\u00e4tt l\u00e4sa V\u00e4lkommen! &rarr;","_links":{"self":[{"href":"https:\/\/www.faluspelmanslag.se\/index.php?rest_route=\/wp\/v2\/pages\/79","targetHints":{"allow":["GET"]}}],"collection":[{"href":"https:\/\/www.faluspelmanslag.se\/index.php?rest_route=\/wp\/v2\/pages"}],"about":[{"href":"https:\/\/www.faluspelmanslag.se\/index.php?rest_route=\/wp\/v2\/types\/page"}],"author":[{"embeddable":true,"href":"https:\/\/www.faluspelmanslag.se\/index.php?rest_route=\/wp\/v2\/users\/1"}],"replies":[{"embeddable":true,"href":"https:\/\/www.faluspelmanslag.se\/index.php?rest_route=%2Fwp%2Fv2%2Fcomments&post=79"}],"version-history":[{"count":34,"href":"https:\/\/www.faluspelmanslag.se\/index.php?rest_route=\/wp\/v2\/pages\/79\/revisions"}],"predecessor-version":[{"id":6022,"href":"https:\/\/www.faluspelmanslag.se\/index.php?rest_route=\/wp\/v2\/pages\/79\/revisions\/6022"}],"wp:attachment":[{"href":"https:\/\/www.faluspelmanslag.se\/index.php?rest_route=%2Fwp%2Fv2%2Fmedia&parent=79"}],"curies":[{"name":"wp","href":"https:\/\/api.w.org\/{rel}","templated":true}]}}