{"id":98,"date":"2013-09-03T00:52:38","date_gmt":"2013-09-02T23:52:38","guid":{"rendered":"http:\/\/faluspelmanslag.se\/?page_id=98"},"modified":"2026-04-26T15:21:25","modified_gmt":"2026-04-26T13:21:25","slug":"medlemssida","status":"publish","type":"page","link":"https:\/\/www.faluspelmanslag.se\/?page_id=98","title":{"rendered":"Medlemssida"},"content":{"rendered":"<p>H\u00e4r \u00e4r v\u00e5r medlemssida, d\u00e4r betalande medlemmar i laget kan ta del av musikarkiv, ut\u00f6kat bildgalleri, dagbok med mera. <strong>Om du just registrerat dig som anv\u00e4ndare kan det dr\u00f6ja en dag innan du f\u00e5r \u00e5tkomst till alla funktioner.<\/strong> Skulle problemen kvarst\u00e5, skriv till info@faluspelmanslag.se!<\/p>\n<p>Till h\u00f6ger ligger st\u00e4ndigt tv\u00e5 f\u00e4lt f\u00f6r andra inl\u00e4gg: dels Medlemsforum, dels Meddelanden.<\/p>\n<p><strong>Medlemsforum<\/strong> \u00e4r t\u00e4nkt f\u00f6r medlemmars egna meddlanden till laget, t.ex. inbjudan till en spelkv\u00e4ll eller fr\u00e5ga om sam\u00e5kning till ett evenemang.<\/p>\n<p><em>Du skriver i forumet genom att klicka p\u00e5 +-tecknet i den svarta listen l\u00e4ngst upp och sedan v\u00e4lja Inl\u00e4gg. D\u00e5 kommer du in p\u00e5 kontrollpanelen. Nu kan du skriva rubrik i \u00f6versta vita f\u00e4ltet och sj\u00e4lva meddelandet i det stora vita f\u00e4ltet. <\/em><\/p>\n<p><em>N\u00e4r du \u00e4r n\u00f6jd klickar du p\u00e5 den bl\u00e5a knappen Uppdatera till h\u00f6ger. Sedan \u00e5terv\u00e4nder du till sj\u00e4lva hemsidan genom att klicka p\u00e5 Falu spelmanslag i den svarta listen l\u00e4ngst upp.<\/em><\/p>\n<p>F\u00e4ltet <strong>Meddelanden<\/strong> \u00e4r en kanal f\u00f6r officiella meddelanden till laget fr\u00e5n spelledare, styrelse och webb-ansvariga i f\u00f6rsta hand. H\u00e4r kan bara administrat\u00f6rer skriva. Har du ett budskap som du anser passar b\u00e4st under denna rubrik kan du skicka det till info@faluspelmanslag.se.<\/p>\n<p>&nbsp;<\/p>\n<p>&nbsp;<\/p>\n","protected":false},"excerpt":{"rendered":"<p>H\u00e4r \u00e4r v\u00e5r medlemssida, d\u00e4r betalande medlemmar i laget kan ta del av musikarkiv, ut\u00f6kat bildgalleri, dagbok med mera. Om du just registrerat dig som anv\u00e4ndare kan det dr\u00f6ja en &hellip; <a href=\"https:\/\/www.faluspelmanslag.se\/?page_id=98\" class=\"more-link\">Forts\u00e4tt l\u00e4sa <span class=\"screen-reader-text\">Medlemssida<\/span> <span class=\"meta-nav\">&rarr;<\/span><\/a><\/p>\n","protected":false},"author":1,"featured_media":0,"parent":0,"menu_order":4,"comment_status":"open","ping_status":"open","template":"","meta":{"_crdt_document":"{\"document\":\"AAAVt+CBnRSZ4P6pEoOLkskM5t3A4AYcDggYlCkBAAgCAQIKAQ5KACEoACECKAInAAQAJwAEACcAKAQnACgCJwAHACgDJwAoECf1D7UPc3RhdGV2ZXJzaW9uc3RhdGV2ZXJzaW9uc3RhdGV2ZXJzaW9uc3RhdGV2ZXJzaW9uZG9jdW1lbnRkYXRlZG9jdW1lbnRzbHVnZG9jdW1lbnRzdGF0dXNkb2N1bWVudHRpdGxlTWVkbGVtc3NpZGFkb2N1bWVudGNvbnRlbnRIw6RyIMOkciB2w6VyIG1lZGxlbXNzaWRhLCBkw6RyIGJldGFsYW5kZSBtZWRsZW1tYXIgaSBsYWdldCBrYW4gdGEgZGVsIGF2IG11c2lrYXJraXYsIHV0w7ZrYXQgYmlsZGdhbGxlcmksIGRhZ2JvayBtZWQgbWVyYS4gPHN0cm9uZz5PbSBkdSBqdXN0IHJlZ2lzdHJlcmF0IGRpZyBzb20gYW52w6RuZGFyZSBrYW4gZGV0IGRyw7ZqYSBlbiBkYWcgaW5uYW4gZHUgZsOlciDDpXRrb21zdCB0aWxsIGFsbGEgZnVua3Rpb25lci48L3N0cm9uZz4gU2t1bGxlIHByb2JsZW1lbiBrdmFyc3TDpSwgc2tyaXYgdGlsbCBpbmZvQGZhbHVzcGVsbWFuc2xhZy5zZSENCg0KVGlsbCBow7ZnZXIgbGlnZ2VyIHN0w6RuZGlndCB0dsOlIGbDpGx0IGbDtnIgYW5kcmEgaW5sw6RnZzogZGVscyBNZWRsZW1zZm9ydW0sIGRlbHMgTWVkZGVsYW5kZW4uDQoNCjxzdHJvbmc+TWVkbGVtc2ZvcnVtPC9zdHJvbmc+IMOkciB0w6Rua3QgZsO2ciBtZWRsZW1tYXJzIGVnbmEgbWVkZGxhbmRlbiB0aWxsIGxhZ2V0LCB0LmV4LiBpbmJqdWRhbiB0aWxsIGVuIHNwZWxrdsOkbGwgZWxsZXIgZnLDpWdhIG9tIHNhbcOla25pbmcgdGlsbCBldHQgZXZlbmVtYW5nLg0KDQo8ZW0+RHUgc2tyaXZlciBpIGZvcnVtZXQgZ2Vub20gYXR0IGtsaWNrYSBww6UgKy10ZWNrbmV0IGkgZGVuIHN2YXJ0YSBsaXN0ZW4gbMOkbmdzdCB1cHAgb2NoIHNlZGFuIHbDpGxqYSBJbmzDpGdnLiBEw6Uga29tbWVyIGR1IGluIHDDpSBrb250cm9sbHBhbmVsZW4uIE51IGthbiBkdSBza3JpdmEgcnVicmlrIGkgw7Z2ZXJzdGEgdml0YSBmw6RsdGV0IG9jaCBzasOkbHZhIG1lZGRlbGFuZGV0IGkgZGV0IHN0b3JhIHZpdGEgZsOkbHRldC4gPC9lbT4NCg0KPGVtPk7DpHIgZHUgw6RyIG7DtmpkIGtsaWNrYXIgZHUgcMOlIGRlbiBibMOlYSBrbmFwcGVuIFVwcGRhdGVyYSB0aWxsIGjDtmdlci4gU2VkYW4gw6V0ZXJ2w6RuZGVyIGR1IHRpbGwgc2rDpGx2YSBoZW1zaWRhbiBnZW5vbSBhdHQga2xpY2thIHDDpSBGYWx1IHNwZWxtYW5zbGFnIGkgZGVuIHN2YXJ0YSBsaXN0ZW4gbMOkbmdzdCB1cHAuPC9lbT4NCg0KRsOkbHRldCA8c3Ryb25nPk1lZGRlbGFuZGVuPC9zdHJvbmc+IMOkciBlbiBrYW5hbCBmw7ZyIG9mZmljaWVsbGEgbWVkZGVsYW5kZW4gdGlsbCBsYWdldCBmcsOlbiBzcGVsbGVkYXJlLCBzdHlyZWxzZSBvY2ggd2ViYi1hbnN2YXJpZ2EgaSBmw7Zyc3RhIGhhbmQuIEjDpHIga2FuIGJhcmEgYWRtaW5pc3RyYXTDtnJlciBza3JpdmEuIEhhciBkdSBldHQgYnVkc2thcCBzb20gZHUgYW5zZXIgcGFzc2FyIGLDpHN0IHVuZGVyIGRlbm5hIHJ1YnJpayBrYW4gZHUgc2tpY2thIGRldCB0aWxsIGluZm9AZmFsdXNwZWxtYW5zbGFnLnNlLg0KDQombmJzcDsNCg0KJm5ic3A7ZG9jdW1lbnRleGNlcnB0ZG9jdW1lbnRhdXRob3Jkb2N1bWVudGZlYXR1cmVkX21lZGlhZG9jdW1lbnRjb21tZW50X3N0YXR1c2RvY3VtZW50cGluZ19zdGF0dXNkb2N1bWVudHRlbXBsYXRlZG9jdW1lbnRtZXRhX3VhZ19jdXN0b21fcGFnZV9sZXZlbF9jc3NuZ2dfcG9zdF90aHVtYm5haWxmb290bm90ZXNkb2N1bWVudGJsb2Nrc2NsaWVudElkaXNWYWxpZG9yaWdpbmFsQ29udGVudG5hbWVhdHRyaWJ1dGVzY29udGVudFVBR0hpZGVEZXNrdG9wVUFHSGlkZU1vYlVBR0hpZGVUYWJVQUdMb2dnZWRJblVBR0xvZ2dlZE91dFVBR0RheVVBR1Jlc3BvbnNpdmVDb25kaXRpb25zVUFHQW5pbWF0aW9uVHlwZVVBR0FuaW1hdGlvblRpbWVVQUdBbmltYXRpb25EZWxheVVBR0FuaW1hdGlvbkVhc2luZ1VBR0FuaW1hdGlvblJlcGVhdFVBR1Bvc2l0aW9uVUFHU3RpY2t5TG9jYXRpb25VQUdTdGlja3lSZXN0cmljdGVkVUFHU3RpY2t5T2Zmc2V0aW5uZXJCbG9ja3MFBwUHBQcFBwgECAQIBggFCwgHoxQIBwgGCA4IDggLSAEEGhIJCAYIBw8ECgcOSgALDAYXUAARUgALERMPCw8BBwAAAQAAAAEGAAIBAAAHQgEBAEEAAAJBIgQBAH0BAQABACsAdxMyMDEzLTA5LTAzVDAwOjUyOjM4dwttZWRsZW1zc2lkYXcHcHVibGlzaH0BfQB3BG9wZW53BG9wZW53AHcAfQB3AHckYTAxMTdlZDAtYWUzZS00MjhkLWJlNDEtODVmYjZhY2JjNjZkeHf5CjxwPkjDpHIgw6RyIHbDpXIgbWVkbGVtc3NpZGEsIGTDpHIgYmV0YWxhbmRlIG1lZGxlbW1hciBpIGxhZ2V0IGthbiB0YSBkZWwgYXYgbXVzaWthcmtpdiwgdXTDtmthdCBiaWxkZ2FsbGVyaSwgZGFnYm9rIG1lZCBtZXJhLiA8c3Ryb25nPk9tIGR1IGp1c3QgcmVnaXN0cmVyYXQgZGlnIHNvbSBhbnbDpG5kYXJlIGthbiBkZXQgZHLDtmphIGVuIGRhZyBpbm5hbiBkdSBmw6VyIMOldGtvbXN0IHRpbGwgYWxsYSBmdW5rdGlvbmVyLjwvc3Ryb25nPiBTa3VsbGUgcHJvYmxlbWVuIGt2YXJzdMOlLCBza3JpdiB0aWxsIGluZm9AZmFsdXNwZWxtYW5zbGFnLnNlITwvcD4KPHA+VGlsbCBow7ZnZXIgbGlnZ2VyIHN0w6RuZGlndCB0dsOlIGbDpGx0IGbDtnIgYW5kcmEgaW5sw6RnZzogZGVscyBNZWRsZW1zZm9ydW0sIGRlbHMgTWVkZGVsYW5kZW4uPC9wPgo8cD48c3Ryb25nPk1lZGxlbXNmb3J1bTwvc3Ryb25nPiDDpHIgdMOkbmt0IGbDtnIgbWVkbGVtbWFycyBlZ25hIG1lZGRsYW5kZW4gdGlsbCBsYWdldCwgdC5leC4gaW5ianVkYW4gdGlsbCBlbiBzcGVsa3bDpGxsIGVsbGVyIGZyw6VnYSBvbSBzYW3DpWtuaW5nIHRpbGwgZXR0IGV2ZW5lbWFuZy48L3A+CjxwPjxlbT5EdSBza3JpdmVyIGkgZm9ydW1ldCBnZW5vbSBhdHQga2xpY2thIHDDpSArLXRlY2tuZXQgaSBkZW4gc3ZhcnRhIGxpc3RlbiBsw6RuZ3N0IHVwcCBvY2ggc2VkYW4gdsOkbGphIElubMOkZ2cuIETDpSBrb21tZXIgZHUgaW4gcMOlIGtvbnRyb2xscGFuZWxlbi4gTnUga2FuIGR1IHNrcml2YSBydWJyaWsgaSDDtnZlcnN0YSB2aXRhIGbDpGx0ZXQgb2NoIHNqw6RsdmEgbWVkZGVsYW5kZXQgaSBkZXQgc3RvcmEgdml0YSBmw6RsdGV0LiA8L2VtPjwvcD4KPHA+PGVtPk7DpHIgZHUgw6RyIG7DtmpkIGtsaWNrYXIgZHUgcMOlIGRlbiBibMOlYSBrbmFwcGVuIFVwcGRhdGVyYSB0aWxsIGjDtmdlci4gU2VkYW4gw6V0ZXJ2w6RuZGVyIGR1IHRpbGwgc2rDpGx2YSBoZW1zaWRhbiBnZW5vbSBhdHQga2xpY2thIHDDpSBGYWx1IHNwZWxtYW5zbGFnIGkgZGVuIHN2YXJ0YSBsaXN0ZW4gbMOkbmdzdCB1cHAuPC9lbT48L3A+CjxwPkbDpGx0ZXQgPHN0cm9uZz5NZWRkZWxhbmRlbjwvc3Ryb25nPiDDpHIgZW4ga2FuYWwgZsO2ciBvZmZpY2llbGxhIG1lZGRlbGFuZGVuIHRpbGwgbGFnZXQgZnLDpW4gc3BlbGxlZGFyZSwgc3R5cmVsc2Ugb2NoIHdlYmItYW5zdmFyaWdhIGkgZsO2cnN0YSBoYW5kLiBIw6RyIGthbiBiYXJhIGFkbWluaXN0cmF0w7ZyZXIgc2tyaXZhLiBIYXIgZHUgZXR0IGJ1ZHNrYXAgc29tIGR1IGFuc2VyIHBhc3NhciBiw6RzdCB1bmRlciBkZW5uYSBydWJyaWsga2FuIGR1IHNraWNrYSBkZXQgdGlsbCBpbmZvQGZhbHVzcGVsbWFuc2xhZy5zZS48L3A+CjxwPiZuYnNwOzwvcD4KPHA+Jm5ic3A7PC9wPncNY29yZS9mcmVlZm9ybXf5CjxwPkjDpHIgw6RyIHbDpXIgbWVkbGVtc3NpZGEsIGTDpHIgYmV0YWxhbmRlIG1lZGxlbW1hciBpIGxhZ2V0IGthbiB0YSBkZWwgYXYgbXVzaWthcmtpdiwgdXTDtmthdCBiaWxkZ2FsbGVyaSwgZGFnYm9rIG1lZCBtZXJhLiA8c3Ryb25nPk9tIGR1IGp1c3QgcmVnaXN0cmVyYXQgZGlnIHNvbSBhbnbDpG5kYXJlIGthbiBkZXQgZHLDtmphIGVuIGRhZyBpbm5hbiBkdSBmw6VyIMOldGtvbXN0IHRpbGwgYWxsYSBmdW5rdGlvbmVyLjwvc3Ryb25nPiBTa3VsbGUgcHJvYmxlbWVuIGt2YXJzdMOlLCBza3JpdiB0aWxsIGluZm9AZmFsdXNwZWxtYW5zbGFnLnNlITwvcD4KPHA+VGlsbCBow7ZnZXIgbGlnZ2VyIHN0w6RuZGlndCB0dsOlIGbDpGx0IGbDtnIgYW5kcmEgaW5sw6RnZzogZGVscyBNZWRsZW1zZm9ydW0sIGRlbHMgTWVkZGVsYW5kZW4uPC9wPgo8cD48c3Ryb25nPk1lZGxlbXNmb3J1bTwvc3Ryb25nPiDDpHIgdMOkbmt0IGbDtnIgbWVkbGVtbWFycyBlZ25hIG1lZGRsYW5kZW4gdGlsbCBsYWdldCwgdC5leC4gaW5ianVkYW4gdGlsbCBlbiBzcGVsa3bDpGxsIGVsbGVyIGZyw6VnYSBvbSBzYW3DpWtuaW5nIHRpbGwgZXR0IGV2ZW5lbWFuZy48L3A+CjxwPjxlbT5EdSBza3JpdmVyIGkgZm9ydW1ldCBnZW5vbSBhdHQga2xpY2thIHDDpSArLXRlY2tuZXQgaSBkZW4gc3ZhcnRhIGxpc3RlbiBsw6RuZ3N0IHVwcCBvY2ggc2VkYW4gdsOkbGphIElubMOkZ2cuIETDpSBrb21tZXIgZHUgaW4gcMOlIGtvbnRyb2xscGFuZWxlbi4gTnUga2FuIGR1IHNrcml2YSBydWJyaWsgaSDDtnZlcnN0YSB2aXRhIGbDpGx0ZXQgb2NoIHNqw6RsdmEgbWVkZGVsYW5kZXQgaSBkZXQgc3RvcmEgdml0YSBmw6RsdGV0LiA8L2VtPjwvcD4KPHA+PGVtPk7DpHIgZHUgw6RyIG7DtmpkIGtsaWNrYXIgZHUgcMOlIGRlbiBibMOlYSBrbmFwcGVuIFVwcGRhdGVyYSB0aWxsIGjDtmdlci4gU2VkYW4gw6V0ZXJ2w6RuZGVyIGR1IHRpbGwgc2rDpGx2YSBoZW1zaWRhbiBnZW5vbSBhdHQga2xpY2thIHDDpSBGYWx1IHNwZWxtYW5zbGFnIGkgZGVuIHN2YXJ0YSBsaXN0ZW4gbMOkbmdzdCB1cHAuPC9lbT48L3A+CjxwPkbDpGx0ZXQgPHN0cm9uZz5NZWRkZWxhbmRlbjwvc3Ryb25nPiDDpHIgZW4ga2FuYWwgZsO2ciBvZmZpY2llbGxhIG1lZGRlbGFuZGVuIHRpbGwgbGFnZXQgZnLDpW4gc3BlbGxlZGFyZSwgc3R5cmVsc2Ugb2NoIHdlYmItYW5zdmFyaWdhIGkgZsO2cnN0YSBoYW5kLiBIw6RyIGthbiBiYXJhIGFkbWluaXN0cmF0w7ZyZXIgc2tyaXZhLiBIYXIgZHUgZXR0IGJ1ZHNrYXAgc29tIGR1IGFuc2VyIHBhc3NhciBiw6RzdCB1bmRlciBkZW5uYSBydWJyaWsga2FuIGR1IHNraWNrYSBkZXQgdGlsbCBpbmZvQGZhbHVzcGVsbWFuc2xhZy5zZS48L3A+CjxwPiZuYnNwOzwvcD4KPHA+Jm5ic3A7PC9wPnl5eXl5dQB5dwB9kAZ9AHcEZWFzZXl3AHcDdG9weX0AA5mw\/5QJAQAAw4XJpAYBAADmrqCwAwEAAA==\",\"updateId\":857861871}","_uag_custom_page_level_css":"","ngg_post_thumbnail":0,"footnotes":""},"class_list":["post-98","page","type-page","status-publish","hentry"],"uagb_featured_image_src":{"full":false,"thumbnail":false,"medium":false,"medium_large":false,"large":false,"1536x1536":false,"2048x2048":false,"post-thumbnail":false},"uagb_author_info":{"display_name":"admin","author_link":"https:\/\/www.faluspelmanslag.se\/?author=1"},"uagb_comment_info":0,"uagb_excerpt":"H\u00e4r \u00e4r v\u00e5r medlemssida, d\u00e4r betalande medlemmar i laget kan ta del av musikarkiv, ut\u00f6kat bildgalleri, dagbok med mera. Om du just registrerat dig som anv\u00e4ndare kan det dr\u00f6ja en &hellip; Forts\u00e4tt l\u00e4sa Medlemssida &rarr;","_links":{"self":[{"href":"https:\/\/www.faluspelmanslag.se\/index.php?rest_route=\/wp\/v2\/pages\/98","targetHints":{"allow":["GET"]}}],"collection":[{"href":"https:\/\/www.faluspelmanslag.se\/index.php?rest_route=\/wp\/v2\/pages"}],"about":[{"href":"https:\/\/www.faluspelmanslag.se\/index.php?rest_route=\/wp\/v2\/types\/page"}],"author":[{"embeddable":true,"href":"https:\/\/www.faluspelmanslag.se\/index.php?rest_route=\/wp\/v2\/users\/1"}],"replies":[{"embeddable":true,"href":"https:\/\/www.faluspelmanslag.se\/index.php?rest_route=%2Fwp%2Fv2%2Fcomments&post=98"}],"version-history":[{"count":15,"href":"https:\/\/www.faluspelmanslag.se\/index.php?rest_route=\/wp\/v2\/pages\/98\/revisions"}],"predecessor-version":[{"id":6640,"href":"https:\/\/www.faluspelmanslag.se\/index.php?rest_route=\/wp\/v2\/pages\/98\/revisions\/6640"}],"wp:attachment":[{"href":"https:\/\/www.faluspelmanslag.se\/index.php?rest_route=%2Fwp%2Fv2%2Fmedia&parent=98"}],"curies":[{"name":"wp","href":"https:\/\/api.w.org\/{rel}","templated":true}]}}